{"id":17151,"date":"2026-05-10T17:43:57","date_gmt":"2026-05-10T13:43:57","guid":{"rendered":"https:\/\/karchershop.az\/?post_type=product&#038;p=17151"},"modified":"2026-05-10T17:43:58","modified_gmt":"2026-05-10T13:43:58","slug":"vrashhayushhayasya-shhetka-dlya-mytya","status":"publish","type":"product","link":"https:\/\/karchershop.az\/az\/home-garden\/aksessuary\/aksessuary-dlya-minimoek\/vrashhayushhayasya-shhetka-dlya-mytya","title":{"rendered":"F\u0131rlanan yuma f\u0131r\u00e7as\u0131"},"content":{"rendered":"<div id=\"description\" class=\"row\" data-anchor=\"Description\">\n<div class=\"col-sm-12\">\n<p><span dir=\"auto\">Yuma f\u0131r\u00e7as\u0131n\u0131n g\u00fccl\u00fc f\u0131rlanmas\u0131 boyal\u0131 s\u0259thl\u0259r, \u015f\u00fc\u015f\u0259 v\u0259 ya plastik kimi b\u00fct\u00fcn hamar s\u0259thl\u0259rin h\u0259rt\u0259r\u0259fli v\u0259 effektiv t\u0259mizl\u0259nm\u0259sini t\u0259min edir. Ehtiyac olduqda, f\u0131r\u00e7a vasit\u0259sil\u0259 \u0259lav\u0259 t\u0259mizl\u0259yici vasit\u0259 t\u0259tbiq etm\u0259k m\u00fcmk\u00fcnd\u00fcr. Yuma f\u0131r\u00e7as\u0131 K\u00e4rcher-in K 2\u2013K 7 seriyal\u0131 b\u00fct\u00fcn y\u00fcks\u0259k t\u0259zyiqli yuma aparatlar\u0131 il\u0259 istifad\u0259 edil\u0259 bil\u0259r\u00a0<\/span><\/p>\n<\/div>\n<\/div>\n<div id=\"featurebenefits\" data-anchor=\"Features and benefits\"><\/div>","protected":false},"excerpt":{"rendered":"<section id=\"ribbon\">\n<div class=\"container\">\n<div class=\"row\">\n<div class=\"col-sm-12 col-lg-9\">\n<p><span dir=\"auto\">Boyal\u0131, \u015f\u00fc\u015f\u0259 v\u0259 ya plastik kimi hamar s\u0259thl\u0259rin effektiv t\u0259mizl\u0259nm\u0259si: d\u0259yi\u015fdiril\u0259 bil\u0259n ba\u015fl\u0131ql\u0131 f\u0131rlanan yuma f\u0131r\u00e7as\u0131<\/span><\/p>\n<\/div>\n<\/div>\n<\/div>\n<\/section>\n<div class=\"fg-products-details-stage\" data-kjs-app=\"products\/details\/stage\" data-kjs-entityid=\"9\">\n<div data-kjs-view=\"main\">\n<section class=\"container\">\n<div class=\"row fc-stage\">\n<div class=\"col-sm-7 col-md-8 fc-left\">\n<div class=\"fc-media\">\n<div class=\"fg-content-carousel fg-carousel-wrapper swiper swiper-initialized swiper-horizontal swiper-watch-progress swiper-backface-hidden\" data-kjs-app=\"content\/carousel\" data-kjs-entityid=\"16\">\n<div id=\"swiper-wrapper-1947581ea41048bc6\" class=\"fc-carousel swiper-wrapper\" aria-live=\"polite\">\n<div class=\"fc-carousel-slide swiper-slide fc-image-loaded fc-visible swiper-slide-active\" role=\"group\" data-kjs-slide=\"0\" aria-label=\"1\/2\" data-swiper-slide-index=\"0\">\n<div class=\"fg-wishlist-control\" data-kjs-app=\"wishlist\/control\" data-kjs-entityid=\"17\">\n<div data-kjs-view=\"controls\"><\/div>\n<\/div>\n<div data-kjs-app=\"content\/lightbox\" data-kjs-entityid=\"18\"><\/div>\n<\/div>\n<\/div>\n<\/div>\n<\/div>\n<\/div>\n<\/div>\n<\/section>\n<\/div>\n<\/div>","protected":false},"featured_media":17152,"comment_status":"open","ping_status":"closed","template":"","meta":[],"product_cat":[15,567,71],"product_tag":[],"class_list":{"0":"post-17151","1":"product","2":"type-product","3":"status-publish","4":"has-post-thumbnail","6":"product_cat-home-garden","7":"product_cat-aksessuary","8":"product_cat-aksessuary-dlya-minimoek","10":"first","11":"instock","12":"shipping-taxable","13":"purchasable","14":"product-type-simple"},"_links":{"self":[{"href":"https:\/\/karchershop.az\/az\/wp-json\/wp\/v2\/product\/17151","targetHints":{"allow":["GET"]}}],"collection":[{"href":"https:\/\/karchershop.az\/az\/wp-json\/wp\/v2\/product"}],"about":[{"href":"https:\/\/karchershop.az\/az\/wp-json\/wp\/v2\/types\/product"}],"replies":[{"embeddable":true,"href":"https:\/\/karchershop.az\/az\/wp-json\/wp\/v2\/comments?post=17151"}],"wp:featuredmedia":[{"embeddable":true,"href":"https:\/\/karchershop.az\/az\/wp-json\/wp\/v2\/media\/17152"}],"wp:attachment":[{"href":"https:\/\/karchershop.az\/az\/wp-json\/wp\/v2\/media?parent=17151"}],"wp:term":[{"taxonomy":"product_cat","embeddable":true,"href":"https:\/\/karchershop.az\/az\/wp-json\/wp\/v2\/product_cat?post=17151"},{"taxonomy":"product_tag","embeddable":true,"href":"https:\/\/karchershop.az\/az\/wp-json\/wp\/v2\/product_tag?post=17151"}],"curies":[{"name":"wp","href":"https:\/\/api.w.org\/{rel}","templated":true}]}}