{"id":17166,"date":"2026-05-11T10:35:30","date_gmt":"2026-05-11T06:35:30","guid":{"rendered":"https:\/\/karchershop.az\/?post_type=product&#038;p=17166"},"modified":"2026-05-11T10:35:31","modified_gmt":"2026-05-11T06:35:31","slug":"nasadka-pyleulovitel","status":"publish","type":"product","link":"https:\/\/karchershop.az\/az\/home-garden\/aksessuary\/aksessuary-dlya-pylesososov\/nasadka-pyleulovitel","title":{"rendered":"Tozsoran ba\u015fl\u0131\u011f\u0131 (toztutan)"},"content":{"rendered":"<div id=\"description\" class=\"row\" data-anchor=\"\u041e\u043f\u0438\u0441\u0430\u043d\u0438\u0435\">\n<div class=\"col-sm-12\">\n<p>D\u0259likl\u0259r s\u00fcr\u0259tl\u0259 qaz\u0131l\u0131r, lakin yaranan tozun sonradan t\u0259mizl\u0259nm\u0259si xeyli vaxt v\u0259 z\u0259hm\u0259t t\u0259l\u0259b edir. K\u00e4rcher-in WD seriyal\u0131 t\u0259s\u0259rr\u00fcfat tozsoranlar\u0131 \u00fc\u00e7\u00fcn yeni aksesuar\u0131, tozun yay\u0131lmas\u0131na yol verm\u0259d\u0259n b\u00fct\u00fcn adi materiallardan olan tavan v\u0259 divarlarda qazma i\u015fl\u0259rini t\u0259min edir. O, diametri 15 mm-\u0259 q\u0259d\u0259r olan qazma ucluqlar\u0131 il\u0259 t\u0259chiz edilmi\u015f b\u00fct\u00fcn yay\u0131lm\u0131\u015f matkaplarla (drell\u0259rl\u0259) uy\u011fundur.<\/p>\n<\/div>\n<\/div>\n<div id=\"featurebenefits\" data-anchor=\"\u041e\u0441\u043e\u0431\u0435\u043d\u043d\u043e\u0441\u0442\u0438 \u0438 \u043f\u0440\u0435\u0438\u043c\u0443\u0449\u0435\u0441\u0442\u0432\u0430\"><\/div>","protected":false},"excerpt":{"rendered":"<section id=\"ribbon\">\n<div class=\"container\">\n<div class=\"row\">\n<div class=\"col-sm-12 col-lg-9\">\n<p>WD \u00e7oxfunksiyal\u0131 tozsoranlar\u0131m\u0131z \u00fc\u00e7\u00fcn yeni aksesuar, divar v\u0259 tavan s\u0259thl\u0259rind\u0259 t\u0259hl\u00fck\u0259siz v\u0259 tozsuz qazma i\u015fl\u0259ri aparma\u011fa imkan verir. Qazma zaman\u0131 yaranan toz birba\u015fa cihaz\u0131n daxilin\u0259 sorulur.<\/p>\n<\/div>\n<\/div>\n<\/div>\n<\/section>\n<div class=\"fg-products-details-stage\" data-kjs-app=\"products\/details\/stage\" data-kjs-entityid=\"9\">\n<div data-kjs-view=\"main\">\n<section class=\"container\">\n<div class=\"row fc-stage\">\n<div class=\"col-sm-7 col-md-8 fc-left\">\n<div class=\"fc-media\">\n<div class=\"fg-content-carousel fg-carousel-wrapper swiper swiper-initialized swiper-horizontal swiper-watch-progress swiper-backface-hidden\" data-kjs-app=\"content\/carousel\" data-kjs-entityid=\"15\">\n<div id=\"swiper-wrapper-3b8e52d3a07b7b34\" class=\"fc-carousel swiper-wrapper\" aria-live=\"polite\">\n<div class=\"fc-carousel-slide swiper-slide fc-visible swiper-slide-active fc-image-loaded\" role=\"group\" data-kjs-slide=\"0\" aria-label=\"1 \/ 6\" data-swiper-slide-index=\"0\">\n<div class=\"fg-wishlist-control\" data-kjs-app=\"wishlist\/control\" data-kjs-entityid=\"16\">\n<div data-kjs-view=\"controls\"><\/div>\n<\/div>\n<div data-kjs-app=\"content\/lightbox\" data-kjs-entityid=\"17\"><\/div>\n<\/div>\n<\/div>\n<\/div>\n<\/div>\n<\/div>\n<\/div>\n<\/section>\n<\/div>\n<\/div>","protected":false},"featured_media":17169,"comment_status":"open","ping_status":"closed","template":"","meta":[],"product_cat":[15,567,569],"product_tag":[],"class_list":{"0":"post-17166","1":"product","2":"type-product","3":"status-publish","4":"has-post-thumbnail","6":"product_cat-home-garden","7":"product_cat-aksessuary","8":"product_cat-aksessuary-dlya-pylesososov","10":"first","11":"instock","12":"shipping-taxable","13":"purchasable","14":"product-type-simple"},"_links":{"self":[{"href":"https:\/\/karchershop.az\/az\/wp-json\/wp\/v2\/product\/17166","targetHints":{"allow":["GET"]}}],"collection":[{"href":"https:\/\/karchershop.az\/az\/wp-json\/wp\/v2\/product"}],"about":[{"href":"https:\/\/karchershop.az\/az\/wp-json\/wp\/v2\/types\/product"}],"replies":[{"embeddable":true,"href":"https:\/\/karchershop.az\/az\/wp-json\/wp\/v2\/comments?post=17166"}],"wp:featuredmedia":[{"embeddable":true,"href":"https:\/\/karchershop.az\/az\/wp-json\/wp\/v2\/media\/17169"}],"wp:attachment":[{"href":"https:\/\/karchershop.az\/az\/wp-json\/wp\/v2\/media?parent=17166"}],"wp:term":[{"taxonomy":"product_cat","embeddable":true,"href":"https:\/\/karchershop.az\/az\/wp-json\/wp\/v2\/product_cat?post=17166"},{"taxonomy":"product_tag","embeddable":true,"href":"https:\/\/karchershop.az\/az\/wp-json\/wp\/v2\/product_tag?post=17166"}],"curies":[{"name":"wp","href":"https:\/\/api.w.org\/{rel}","templated":true}]}}