{"id":17173,"date":"2026-05-11T11:06:44","date_gmt":"2026-05-11T07:06:44","guid":{"rendered":"https:\/\/karchershop.az\/?post_type=product&#038;p=17173"},"modified":"2026-05-11T11:06:45","modified_gmt":"2026-05-11T07:06:45","slug":"pereklyuchaemaya-nasadka-dlya-pola-k-hozyajstvennym-pylesosam","status":"publish","type":"product","link":"https:\/\/karchershop.az\/az\/home-garden\/aksessuary\/aksessuary-dlya-pylesososov\/pereklyuchaemaya-nasadka-dlya-pola-k-hozyajstvennym-pylesosam","title":{"rendered":"T\u0259s\u0259rr\u00fcfat tozsoranlar\u0131 \u00fc\u00e7\u00fcn ke\u00e7idli d\u00f6\u015f\u0259m\u0259 ba\u015fl\u0131\u011f\u0131"},"content":{"rendered":"<div id=\"description\" class=\"row\" data-anchor=\"\u041e\u043f\u0438\u0441\u0430\u043d\u0438\u0435\">\n<div class=\"col-sm-12\">\n<p>N\u0259m v\u0259 quru t\u0259mizl\u0259m\u0259 \u00fc\u00e7\u00fcn \"parkinq\" funksiyal\u0131 ke\u00e7idli ba\u015fl\u0131\u011f\u0131. \u0130ki f\u0131r\u00e7al\u0131 v\u0259 ya rezin zola\u011f\u0131 say\u0259sind\u0259 h\u0259m quru zibilin, h\u0259m d\u0259 mayel\u0259rin y\u0131\u011f\u0131lmas\u0131 \u00fc\u00e7\u00fcn uy\u011fundur. Rejiml\u0259rin rahat d\u0259yi\u015fdirilm\u0259si v\u0259 m\u00fck\u0259mm\u0259l s\u00fcr\u00fc\u015fm\u0259 x\u00fcsusiyy\u0259tin\u0259 malikdir. H\u0259m\u00e7inin i\u015f zaman\u0131 fasil\u0259l\u0259r \u00fc\u00e7\u00fcn parkinq funksiyas\u0131 m\u00f6vcuddur. K\u00e4rcher WD seriyal\u0131 t\u0259s\u0259rr\u00fcfat tozsoranlar\u0131 \u00fc\u00e7\u00fcn uy\u011fundur.<\/p>\n<\/div>\n<\/div>","protected":false},"excerpt":{"rendered":"<section id=\"ribbon\">\n<div class=\"container\">\n<div class=\"row\">\n<div class=\"col-sm-12 col-lg-9\">\n<p>N\u0259m v\u0259 quru t\u0259mizl\u0259m\u0259 \u00fc\u00e7\u00fcn \"parkinq\" funksiyal\u0131 ke\u00e7idli ba\u015fl\u0131\u011f\u0131. \u0130ki f\u0131r\u00e7al\u0131 v\u0259 ya rezin zola\u011f\u0131 say\u0259sind\u0259 h\u0259m quru tozun, h\u0259m d\u0259 mayel\u0259rin y\u0131\u011f\u0131lmas\u0131 \u00fc\u00e7\u00fcn uy\u011fundur. Rejiml\u0259rin rahat d\u0259yi\u015fdirilm\u0259si v\u0259 m\u00fck\u0259mm\u0259l s\u00fcr\u00fc\u015fm\u0259 x\u00fcsusiyy\u0259tin\u0259 malikdir. H\u0259m\u00e7inin i\u015f zaman\u0131 fasil\u0259l\u0259r \u00fc\u00e7\u00fcn parkinq funksiyas\u0131 m\u00f6vcuddur.<\/p>\n<\/div>\n<\/div>\n<\/div>\n<\/section>\n<div class=\"fg-products-details-stage\" data-kjs-app=\"products\/details\/stage\" data-kjs-entityid=\"9\">\n<div data-kjs-view=\"main\">\n<section class=\"container\">\n<div class=\"row fc-stage\">\n<div class=\"col-sm-7 col-md-8 fc-left\">\n<div class=\"fc-media\">\n<div class=\"fg-content-carousel fg-carousel-wrapper swiper swiper-initialized swiper-horizontal swiper-watch-progress swiper-backface-hidden\" data-kjs-app=\"content\/carousel\" data-kjs-entityid=\"15\">\n<div id=\"swiper-wrapper-163d4e7dd2ad9311\" class=\"fc-carousel swiper-wrapper\" aria-live=\"polite\">\n<div class=\"fc-carousel-slide swiper-slide fc-visible swiper-slide-active fc-image-loaded\" role=\"group\" data-kjs-slide=\"0\" aria-label=\"1 \/ 7\" data-swiper-slide-index=\"0\">\n<div class=\"fg-wishlist-control\" data-kjs-app=\"wishlist\/control\" data-kjs-entityid=\"16\">\n<div data-kjs-view=\"controls\"><\/div>\n<\/div>\n<div data-kjs-app=\"content\/lightbox\" data-kjs-entityid=\"17\"><\/div>\n<\/div>\n<\/div>\n<\/div>\n<\/div>\n<\/div>\n<\/div>\n<\/section>\n<\/div>\n<\/div>","protected":false},"featured_media":17174,"comment_status":"open","ping_status":"closed","template":"","meta":[],"product_cat":[15,567,569],"product_tag":[],"class_list":{"0":"post-17173","1":"product","2":"type-product","3":"status-publish","4":"has-post-thumbnail","6":"product_cat-home-garden","7":"product_cat-aksessuary","8":"product_cat-aksessuary-dlya-pylesososov","10":"first","11":"instock","12":"shipping-taxable","13":"purchasable","14":"product-type-simple"},"_links":{"self":[{"href":"https:\/\/karchershop.az\/az\/wp-json\/wp\/v2\/product\/17173","targetHints":{"allow":["GET"]}}],"collection":[{"href":"https:\/\/karchershop.az\/az\/wp-json\/wp\/v2\/product"}],"about":[{"href":"https:\/\/karchershop.az\/az\/wp-json\/wp\/v2\/types\/product"}],"replies":[{"embeddable":true,"href":"https:\/\/karchershop.az\/az\/wp-json\/wp\/v2\/comments?post=17173"}],"wp:featuredmedia":[{"embeddable":true,"href":"https:\/\/karchershop.az\/az\/wp-json\/wp\/v2\/media\/17174"}],"wp:attachment":[{"href":"https:\/\/karchershop.az\/az\/wp-json\/wp\/v2\/media?parent=17173"}],"wp:term":[{"taxonomy":"product_cat","embeddable":true,"href":"https:\/\/karchershop.az\/az\/wp-json\/wp\/v2\/product_cat?post=17173"},{"taxonomy":"product_tag","embeddable":true,"href":"https:\/\/karchershop.az\/az\/wp-json\/wp\/v2\/product_tag?post=17173"}],"curies":[{"name":"wp","href":"https:\/\/api.w.org\/{rel}","templated":true}]}}