{"id":17183,"date":"2026-05-11T11:29:59","date_gmt":"2026-05-11T07:29:59","guid":{"rendered":"https:\/\/karchershop.az\/?post_type=product&#038;p=17183"},"modified":"2026-05-11T11:29:59","modified_gmt":"2026-05-11T07:29:59","slug":"udlinitelnyj-shlang-3-5-m","status":"publish","type":"product","link":"https:\/\/karchershop.az\/az\/home-garden\/aksessuary\/aksessuary-dlya-pylesososov\/udlinitelnyj-shlang-3-5-m","title":{"rendered":"Uzatma \u015flanq\u0131 (3,5 m)"},"content":{"rendered":"<div id=\"description\" class=\"row\" data-anchor=\"\u041e\u043f\u0438\u0441\u0430\u043d\u0438\u0435\">\n<div class=\"col-sm-12\">\n<p>3,5 m uzunlu\u011fundak\u0131 sovurma \u015flanq\u0131n\u0131n uzad\u0131c\u0131s\u0131 i\u015f radiusunu art\u0131r\u0131r, daha s\u0259rb\u0259st h\u0259r\u0259k\u0259t imkan\u0131 yarad\u0131r v\u0259 bel\u0259likl\u0259, x\u00fcsusil\u0259 pill\u0259k\u0259nl\u0259rin v\u0259 ya avtomobil salonlar\u0131n\u0131n t\u0259mizl\u0259nm\u0259si zaman\u0131 i\u015fi asanla\u015fd\u0131r\u0131r. Sovurma \u015flanq\u0131n\u0131n bu praktik uzad\u0131c\u0131s\u0131 b\u00fct\u00fcn K\u00e4rcher WD seriyal\u0131 t\u0259s\u0259rr\u00fcfat tozsoranlar\u0131 \u00fc\u00e7\u00fcn uy\u011fundur.<\/p>\n<\/div>\n<\/div>\n<div id=\"featurebenefits\" data-anchor=\"\u041e\u0441\u043e\u0431\u0435\u043d\u043d\u043e\u0441\u0442\u0438 \u0438 \u043f\u0440\u0435\u0438\u043c\u0443\u0449\u0435\u0441\u0442\u0432\u0430\"><\/div>","protected":false},"excerpt":{"rendered":"<section id=\"ribbon\">\n<div class=\"container\">\n<div class=\"row\">\n<div class=\"col-sm-12 col-lg-9\">\n<p>3,5 m uzunlu\u011fundak\u0131 sovurma \u015flanq\u0131n\u0131n uzad\u0131c\u0131s\u0131 K\u00e4rcher-in \"Home&amp;Garden\" kataloqundak\u0131 b\u00fct\u00fcn t\u0259s\u0259rr\u00fcfat tozsoranlar\u0131 \u00fc\u00e7\u00fcn uy\u011fundur v\u0259 istifad\u0259 zaman\u0131 mobillik \u00fc\u00e7\u00fcn f\u0259aliyy\u0259t radiusunun art\u0131r\u0131lmas\u0131n\u0131 t\u0259min edir.<\/p>\n<\/div>\n<\/div>\n<\/div>\n<\/section>\n<div class=\"fg-products-details-stage\" data-kjs-app=\"products\/details\/stage\" data-kjs-entityid=\"9\">\n<div data-kjs-view=\"main\">\n<section class=\"container\">\n<div class=\"row fc-stage\">\n<div class=\"col-sm-7 col-md-8 fc-left\">\n<div class=\"fc-media\">\n<div class=\"fg-content-carousel fg-carousel-wrapper swiper swiper-initialized swiper-horizontal swiper-watch-progress swiper-backface-hidden\" data-kjs-app=\"content\/carousel\" data-kjs-entityid=\"15\">\n<div id=\"swiper-wrapper-602d29384b9e14f6\" class=\"fc-carousel swiper-wrapper\" aria-live=\"polite\">\n<div class=\"fc-carousel-slide swiper-slide fc-visible swiper-slide-active fc-image-loaded\" role=\"group\" data-kjs-slide=\"0\" aria-label=\"1 \/ 2\" data-swiper-slide-index=\"0\">\n<div class=\"fg-wishlist-control\" data-kjs-app=\"wishlist\/control\" data-kjs-entityid=\"16\">\n<div data-kjs-view=\"controls\"><\/div>\n<\/div>\n<div data-kjs-app=\"content\/lightbox\" data-kjs-entityid=\"17\"><\/div>\n<\/div>\n<\/div>\n<\/div>\n<\/div>\n<\/div>\n<\/div>\n<\/section>\n<\/div>\n<\/div>","protected":false},"featured_media":17186,"comment_status":"open","ping_status":"closed","template":"","meta":[],"product_cat":[15,567,569],"product_tag":[],"class_list":{"0":"post-17183","1":"product","2":"type-product","3":"status-publish","4":"has-post-thumbnail","6":"product_cat-home-garden","7":"product_cat-aksessuary","8":"product_cat-aksessuary-dlya-pylesososov","10":"first","11":"instock","12":"shipping-taxable","13":"purchasable","14":"product-type-simple"},"_links":{"self":[{"href":"https:\/\/karchershop.az\/az\/wp-json\/wp\/v2\/product\/17183","targetHints":{"allow":["GET"]}}],"collection":[{"href":"https:\/\/karchershop.az\/az\/wp-json\/wp\/v2\/product"}],"about":[{"href":"https:\/\/karchershop.az\/az\/wp-json\/wp\/v2\/types\/product"}],"replies":[{"embeddable":true,"href":"https:\/\/karchershop.az\/az\/wp-json\/wp\/v2\/comments?post=17183"}],"wp:featuredmedia":[{"embeddable":true,"href":"https:\/\/karchershop.az\/az\/wp-json\/wp\/v2\/media\/17186"}],"wp:attachment":[{"href":"https:\/\/karchershop.az\/az\/wp-json\/wp\/v2\/media?parent=17183"}],"wp:term":[{"taxonomy":"product_cat","embeddable":true,"href":"https:\/\/karchershop.az\/az\/wp-json\/wp\/v2\/product_cat?post=17183"},{"taxonomy":"product_tag","embeddable":true,"href":"https:\/\/karchershop.az\/az\/wp-json\/wp\/v2\/product_tag?post=17183"}],"curies":[{"name":"wp","href":"https:\/\/api.w.org\/{rel}","templated":true}]}}