{"id":17189,"date":"2026-05-11T12:06:19","date_gmt":"2026-05-11T08:06:19","guid":{"rendered":"https:\/\/karchershop.az\/?post_type=product&#038;p=17189"},"modified":"2026-05-11T12:06:20","modified_gmt":"2026-05-11T08:06:20","slug":"komplekt-mikrovolokonnyh-salfetok-k-nasadke-dlya-pola-easyfix-mini","status":"publish","type":"product","link":"https:\/\/karchershop.az\/az\/home-garden\/aksessuary\/aksessuary-dlya-paroochistitelej\/komplekt-mikrovolokonnyh-salfetok-k-nasadke-dlya-pola-easyfix-mini","title":{"rendered":"EasyFix Mini d\u00f6\u015f\u0259m\u0259 ba\u015fl\u0131\u011f\u0131 \u00fc\u00e7\u00fcn mikrolifli salfet d\u0259sti"},"content":{"rendered":"<div id=\"description\" class=\"row\" data-anchor=\"\u041e\u043f\u0438\u0441\u0430\u043d\u0438\u0435\">\n<div class=\"col-sm-12\">\n<p>D\u00f6\u015f\u0259m\u0259 t\u0259mizl\u0259m\u0259k \u00fc\u00e7\u00fcn salfet d\u0259sti\u00a0<span class=\"fix-spelling\">EasyFix<\/span>\u00a0**EasyFix Mini** d\u0259sti y\u00fcks\u0259k keyfiyy\u0259tli mikrolifd\u0259n haz\u0131rlanm\u0131\u015f iki \u0259d\u0259d \u00e7ox davaml\u0131 v\u0259 a\u015f\u0131nmaya qar\u015f\u0131 d\u00f6z\u00fcml\u00fc salfeti \u00f6z\u00fcnd\u0259 birl\u0259\u015fdirir. B\u0259rk d\u00f6\u015f\u0259m\u0259l\u0259rin gigiyenik t\u0259mizl\u0259nm\u0259sind\u0259 m\u00fck\u0259mm\u0259l n\u0259tic\u0259l\u0259r \u0259ld\u0259 etm\u0259k \u00fc\u00e7\u00fcn n\u0259z\u0259rd\u0259 tutulub \u2013 h\u0259tta k\u00fcncl\u0259r v\u0259 \u00e7\u0259tin \u0259l\u00e7atan yerl\u0259r asanl\u0131qla t\u0259mizl\u0259n\u0259 bil\u0259r. Rezinli-p\u0131traql\u0131 (velkro) b\u0259rkidilm\u0259 sistemi say\u0259sind\u0259 mikrolifli salfet buxarl\u0131 t\u0259mizl\u0259yicinin d\u00f6\u015f\u0259m\u0259 ba\u015fl\u0131\u011f\u0131na asanl\u0131qla b\u0259rkidilir. T\u0259mizlikd\u0259n sonra is\u0259 salfeti ba\u015fl\u0131qdan rahatca \u00e7\u0131xarmaq m\u00fcmk\u00fcnd\u00fcr.\u00a0<span class=\"fix-spelling\">EasyFix<\/span>\u00a0**EasyFix Mini** il\u0259 \u00e7irk\u0259 toxunmadan t\u0259mizlik: sad\u0259c\u0259 salfet\u0259 b\u0259rkidilmi\u015f dildiyi aya\u011f\u0131n\u0131zla bas\u0131n v\u0259 d\u00f6\u015f\u0259m\u0259 ba\u015fl\u0131\u011f\u0131n\u0131 yuxar\u0131ya do\u011fru \u00e7\u0259kin.<\/p>\n<\/div>\n<\/div>\n<div id=\"featurebenefits\" data-anchor=\"\u041e\u0441\u043e\u0431\u0435\u043d\u043d\u043e\u0441\u0442\u0438 \u0438 \u043f\u0440\u0435\u0438\u043c\u0443\u0449\u0435\u0441\u0442\u0432\u0430\"><\/div>","protected":false},"excerpt":{"rendered":"<section id=\"ribbon\">\n<div class=\"container\">\n<div class=\"row\">\n<div class=\"col-sm-12 col-lg-9\">\n<p>D\u00f6\u015f\u0259m\u0259 ba\u015fl\u0131\u011f\u0131 \u00fc\u00e7\u00fcn 2 \u0259d\u0259d a\u015f\u0131nmaya davaml\u0131 v\u0259 n\u0259mi yax\u015f\u0131 hopduran mikrolifli d\u00f6\u015f\u0259m\u0259 salfeti.\u00a0<span class=\"fix-spelling\">EasyFix<\/span>\u00a0Mini, \u0443\u0434\u043e\u0431\u043d\u043e \u0437\u0430\u043a\u0440\u0435\u043f\u043b\u044f\u0435\u043c\u044b\u0435 \u0437\u0430\u0441\u0442\u0435\u0436\u043a\u043e\u0439-\u043b\u0438\u043f\u0443\u0447\u043a\u043e\u0439 \u0438 \u0441\u043d\u0438\u043c\u0430\u0435\u043c\u044b\u0435 \u0431\u0435\u0437 \u043a\u043e\u043d\u0442\u0430\u043a\u0442\u0430 \u0441 \u0433\u0440\u044f\u0437\u044c\u044e.<\/p>\n<\/div>\n<\/div>\n<\/div>\n<\/section>\n<div class=\"fg-products-details-stage\" data-kjs-app=\"products\/details\/stage\" data-kjs-entityid=\"9\">\n<div data-kjs-view=\"main\">\n<section class=\"container\">\n<div class=\"row fc-stage\">\n<div class=\"col-sm-7 col-md-8 fc-left\">\n<div class=\"fc-media\">\n<div class=\"fg-content-carousel fg-carousel-wrapper swiper swiper-initialized swiper-horizontal swiper-watch-progress swiper-backface-hidden\" data-kjs-app=\"content\/carousel\" data-kjs-entityid=\"15\">\n<div id=\"swiper-wrapper-124e0ffec103a4781\" class=\"fc-carousel swiper-wrapper\" aria-live=\"polite\">\n<div class=\"fc-carousel-slide swiper-slide fc-visible swiper-slide-active fc-image-loaded\" role=\"group\" data-kjs-slide=\"0\" aria-label=\"1 \/ 1\">\n<div class=\"fg-wishlist-control\" data-kjs-app=\"wishlist\/control\" data-kjs-entityid=\"16\">\n<div data-kjs-view=\"controls\"><\/div>\n<\/div>\n<div data-kjs-app=\"content\/lightbox\" data-kjs-entityid=\"17\"><\/div>\n<\/div>\n<\/div>\n<\/div>\n<\/div>\n<\/div>\n<\/div>\n<\/section>\n<\/div>\n<\/div>","protected":false},"featured_media":17192,"comment_status":"open","ping_status":"closed","template":"","meta":[],"product_cat":[15,567,570],"product_tag":[],"class_list":{"0":"post-17189","1":"product","2":"type-product","3":"status-publish","4":"has-post-thumbnail","6":"product_cat-home-garden","7":"product_cat-aksessuary","8":"product_cat-aksessuary-dlya-paroochistitelej","10":"first","11":"instock","12":"shipping-taxable","13":"purchasable","14":"product-type-simple"},"_links":{"self":[{"href":"https:\/\/karchershop.az\/az\/wp-json\/wp\/v2\/product\/17189","targetHints":{"allow":["GET"]}}],"collection":[{"href":"https:\/\/karchershop.az\/az\/wp-json\/wp\/v2\/product"}],"about":[{"href":"https:\/\/karchershop.az\/az\/wp-json\/wp\/v2\/types\/product"}],"replies":[{"embeddable":true,"href":"https:\/\/karchershop.az\/az\/wp-json\/wp\/v2\/comments?post=17189"}],"wp:featuredmedia":[{"embeddable":true,"href":"https:\/\/karchershop.az\/az\/wp-json\/wp\/v2\/media\/17192"}],"wp:attachment":[{"href":"https:\/\/karchershop.az\/az\/wp-json\/wp\/v2\/media?parent=17189"}],"wp:term":[{"taxonomy":"product_cat","embeddable":true,"href":"https:\/\/karchershop.az\/az\/wp-json\/wp\/v2\/product_cat?post=17189"},{"taxonomy":"product_tag","embeddable":true,"href":"https:\/\/karchershop.az\/az\/wp-json\/wp\/v2\/product_tag?post=17189"}],"curies":[{"name":"wp","href":"https:\/\/api.w.org\/{rel}","templated":true}]}}