{"id":17193,"date":"2026-05-11T12:37:56","date_gmt":"2026-05-11T08:37:56","guid":{"rendered":"https:\/\/karchershop.az\/?post_type=product&#038;p=17193"},"modified":"2026-05-11T12:53:00","modified_gmt":"2026-05-11T08:53:00","slug":"multifunktsionalnyj-pistolet-plus","status":"publish","type":"product","link":"https:\/\/karchershop.az\/az\/home-garden\/oborudovanie-dlya-poliva\/multifunktsionalnyj-pistolet-plus","title":{"rendered":"Multifunksional tapan\u00e7a Plus"},"content":{"rendered":"<blockquote>\n<div id=\"specifications\" class=\"row\" data-anchor=\"\u0421\u043f\u0435\u0446\u0438\u0444\u0438\u043a\u0430\u0446\u0438\u0438\">\n<div class=\"col-sm-12\">\n<div class=\"row\">\n<div class=\"col-sm-6\"><\/div>\n<\/div>\n<\/div>\n<\/div>\n<div class=\"row\">\n<div id=\"description\" class=\"row\" data-anchor=\"\u041e\u043f\u0438\u0441\u0430\u043d\u0438\u0435\">\n<div class=\"col-sm-12\">\n<p><strong>M\u00fcxt\u0259lif suvarma ehtiyaclar\u0131 olan tap\u015f\u0131r\u0131qlar \u00e7oxfunksiyal\u0131 tapan\u00e7a Plus vasit\u0259sil\u0259 asanl\u0131qla h\u0259ll edil\u0259 bil\u0259r. K\u00e4rcher t\u0259r\u0259find\u0259n haz\u0131rlanm\u0131\u015f innovativ membran texnologiyas\u0131, h\u0259tta \u015f\u0131rnaq n\u00f6v\u00fcn\u00fc d\u0259yi\u015fdir\u0259rk\u0259n bel\u0259, su s\u0131zmalar\u0131n\u0131n olmayaca\u011f\u0131na z\u0259man\u0259t verir. Laz\u0131m g\u0259l\u0259rs\u0259, p\u00fcsk\u00fcrtm\u0259 ba\u015fl\u0131\u011f\u0131ndak\u0131 membran\u0131 \u00e7\u0131xarmaq v\u0259 t\u0259mizl\u0259m\u0259k m\u00fcmk\u00fcnd\u00fcr. F\u0131rlanan tutacaq \u2013 x\u00fcsusi s\u0131xac vasit\u0259sil\u0259 t\u0259tiyi tutaca\u011f\u0131n \u00f6n v\u0259 ya arxa t\u0259r\u0259find\u0259 sabitl\u0259m\u0259k olar ki, bu da \u00e7il\u0259yicid\u0259n f\u0259rdi ist\u0259y\u0259 uy\u011fun istifad\u0259 etm\u0259y\u0259 imkan verir. Yum\u015faq polimer elementl\u0259r say\u0259sind\u0259 erqonomika v\u0259 m\u00fchafiz\u0259 s\u0259viyy\u0259si art\u0131r\u0131l\u0131b.\n\nBu model 4 n\u00f6v \u015f\u0131rna\u011fa malikdir: du\u015f, yelpikvari, aerozol v\u0259 n\u00f6qt\u0259vi. Aerozol \u015f\u0131rna\u011f\u0131 h\u0259ssas bitkil\u0259rin z\u0259rif suvar\u0131lmas\u0131 \u00fc\u00e7\u00fcn, du\u015f \u015f\u0131rna\u011f\u0131 is\u0259 \u00e7i\u00e7\u0259k v\u0259 l\u0259kl\u0259rin suvar\u0131lmas\u0131 \u00fc\u00e7\u00fcn ideal se\u00e7imdir. Ba\u011fdak\u0131 ki\u00e7ik t\u0259mizlik i\u015fl\u0259ri \u00fc\u00e7\u00fcn n\u00f6qt\u0259vi \u015f\u0131rnaq t\u00f6vsiy\u0259 olunur. Suyun s\u0259rfiyyat\u0131 bir \u0259ll\u0259 rahatl\u0131qla t\u0259nziml\u0259nir (min. \u2013 maks.). Aras\u0131k\u0259silm\u0259z suvarma \u00fc\u00e7\u00fcn r\u0131\u00e7aq\u0131n sad\u0259 fiksasiyas\u0131 m\u00f6vcuddur. B\u00fct\u00fcn K\u00e4rcher \u00e7il\u0259yicil\u0259ri bazarda geni\u015f yay\u0131lan birl\u0259\u015fm\u0259 sisteml\u0259ri il\u0259 uy\u011fundur v\u0259 konnektor vasit\u0259sil\u0259 ba\u011f \u015flanq\u0131na asanl\u0131qla qo\u015fulur.<\/strong><\/p>\n<\/div>\n<\/div>\n<\/div>\n<\/blockquote>\n<div style=\"width: 980px;\" class=\"wp-video\"><video class=\"wp-video-shortcode\" id=\"video-17193-1\" width=\"980\" height=\"551\" preload=\"metadata\" controls=\"controls\"><source type=\"video\/mp4\" src=\"https:\/\/karchershop.az\/wp-content\/uploads\/2026\/05\/spray-gun-and-nozzle-range-2016.mp4?_=1\" \/><a href=\"https:\/\/karchershop.az\/wp-content\/uploads\/2026\/05\/spray-gun-and-nozzle-range-2016.mp4\">https:\/\/karchershop.az\/wp-content\/uploads\/2026\/05\/spray-gun-and-nozzle-range-2016.mp4<\/a><\/video><\/div>","protected":false},"excerpt":{"rendered":"<section id=\"ribbon\">\n<div class=\"container\">\n<div class=\"row\">\n<div class=\"col-sm-12 col-lg-9\">\n<p>4 p\u00fcsk\u00fcrtm\u0259 rejimi, rahat f\u0131rlanan ba\u015fl\u0131\u011f\u0131 v\u0259 x\u00fcsusi kipl\u0259\u015fdirici membran\u0131: \u00e7oxfunksiyal\u0131 tapan\u00e7a Plus m\u00fcr\u0259kk\u0259b suvarma tap\u015f\u0131r\u0131qlar\u0131 \u00fc\u00e7\u00fcn ideal se\u00e7imdir.<\/p>\n<\/div>\n<\/div>\n<\/div>\n<\/section>\n<div class=\"fg-products-details-stage\" data-kjs-app=\"products\/details\/stage\" data-kjs-entityid=\"9\">\n<div data-kjs-view=\"main\">\n<section class=\"container\">\n<div class=\"row fc-stage\">\n<div class=\"col-sm-7 col-md-8 fc-left\">\n<div class=\"fc-media\">\n<div class=\"fg-content-carousel fg-carousel-wrapper swiper swiper-initialized swiper-horizontal swiper-watch-progress swiper-backface-hidden\" data-kjs-app=\"content\/carousel\" data-kjs-entityid=\"17\">\n<div id=\"swiper-wrapper-bb03b92ebd70e0105\" class=\"fc-carousel swiper-wrapper\" aria-live=\"polite\">\n<div class=\"fc-carousel-slide swiper-slide fc-visible swiper-slide-active fc-image-loaded\" role=\"group\" data-kjs-slide=\"0\" aria-label=\"1 \/ 4\" data-swiper-slide-index=\"0\">\n<div class=\"fg-wishlist-control\" data-kjs-app=\"wishlist\/control\" data-kjs-entityid=\"18\">\n<div data-kjs-view=\"controls\"><\/div>\n<\/div>\n<\/div>\n<\/div>\n<\/div>\n<\/div>\n<\/div>\n<\/div>\n<\/section>\n<\/div>\n<\/div>","protected":false},"featured_media":17200,"comment_status":"open","ping_status":"closed","template":"","meta":[],"product_cat":[15,515],"product_tag":[],"class_list":{"0":"post-17193","1":"product","2":"type-product","3":"status-publish","4":"has-post-thumbnail","6":"product_cat-home-garden","7":"product_cat-oborudovanie-dlya-poliva","9":"first","10":"instock","11":"shipping-taxable","12":"purchasable","13":"product-type-simple"},"_links":{"self":[{"href":"https:\/\/karchershop.az\/az\/wp-json\/wp\/v2\/product\/17193","targetHints":{"allow":["GET"]}}],"collection":[{"href":"https:\/\/karchershop.az\/az\/wp-json\/wp\/v2\/product"}],"about":[{"href":"https:\/\/karchershop.az\/az\/wp-json\/wp\/v2\/types\/product"}],"replies":[{"embeddable":true,"href":"https:\/\/karchershop.az\/az\/wp-json\/wp\/v2\/comments?post=17193"}],"wp:featuredmedia":[{"embeddable":true,"href":"https:\/\/karchershop.az\/az\/wp-json\/wp\/v2\/media\/17200"}],"wp:attachment":[{"href":"https:\/\/karchershop.az\/az\/wp-json\/wp\/v2\/media?parent=17193"}],"wp:term":[{"taxonomy":"product_cat","embeddable":true,"href":"https:\/\/karchershop.az\/az\/wp-json\/wp\/v2\/product_cat?post=17193"},{"taxonomy":"product_tag","embeddable":true,"href":"https:\/\/karchershop.az\/az\/wp-json\/wp\/v2\/product_tag?post=17193"}],"curies":[{"name":"wp","href":"https:\/\/api.w.org\/{rel}","templated":true}]}}