{"id":17206,"date":"2026-05-11T13:31:07","date_gmt":"2026-05-11T09:31:07","guid":{"rendered":"https:\/\/karchershop.az\/?post_type=product&#038;p=17206"},"modified":"2026-05-11T13:39:13","modified_gmt":"2026-05-11T09:39:13","slug":"multifunktsionalnyj-pistolet-dlya-poliva","status":"publish","type":"product","link":"https:\/\/karchershop.az\/az\/home-garden\/oborudovanie-dlya-poliva\/multifunktsionalnyj-pistolet-dlya-poliva","title":{"rendered":"\u00c7oxfunksiyal\u0131 suvarma tapan\u00e7as\u0131"},"content":{"rendered":"<blockquote><p><strong>\u00c7oxfunksiyal\u0131 tapan\u00e7a m\u00fcxt\u0259lif t\u0259l\u0259batlar\u0131 olan m\u00fcxt\u0259lif bitkil\u0259rin suvar\u0131lmas\u0131 \u00fc\u00e7\u00fcn m\u00fck\u0259mm\u0259l se\u00e7imdir. Onun 3 p\u00fcsk\u00fcrtm\u0259 rejimi var: du\u015f, n\u00f6qt\u0259vi v\u0259 konusvari \u015f\u0131rnaq. Bu, g\u00fcl v\u0259 g\u00fcl l\u0259kl\u0259rini rahatl\u0131qla suvarma\u011fa, h\u0259m\u00e7inin teras v\u0259 ba\u011f mebell\u0259rind\u0259n \u00e7irki effektiv \u015f\u0259kild\u0259 yuma\u011fa imkan verir. B\u00fct\u00fcn K\u00e4rcher suvarma ba\u015fl\u0131qlar\u0131 s\u00fcr\u0259tli qo\u015fulma sistemi il\u0259 t\u0259chiz olunub v\u0259 ba\u011f \u015flanq\u0131na asanl\u0131qla birl\u0259\u015fdirilir.<\/strong><\/p>\n<div style=\"width: 980px;\" class=\"wp-video\"><video class=\"wp-video-shortcode\" id=\"video-17206-1\" width=\"980\" height=\"551\" preload=\"metadata\" controls=\"controls\"><source type=\"video\/mp4\" src=\"https:\/\/karchershop.az\/wp-content\/uploads\/2026\/05\/spray-gun-and-nozzle-range-2016-1.mp4?_=1\" \/><a href=\"https:\/\/karchershop.az\/wp-content\/uploads\/2026\/05\/spray-gun-and-nozzle-range-2016-1.mp4\">https:\/\/karchershop.az\/wp-content\/uploads\/2026\/05\/spray-gun-and-nozzle-range-2016-1.mp4<\/a><\/video><\/div><\/blockquote>","protected":false},"excerpt":{"rendered":"<section id=\"ribbon\">\n<div class=\"container\">\n<div class=\"row\">\n<div class=\"col-sm-12 col-lg-9\">\n<p>3 p\u00fcsk\u00fcrtm\u0259 rejimin\u0259 (du\u015f, n\u00f6qt\u0259vi v\u0259 konusvari) malik \u00e7oxfunksiyal\u0131 suvarma tapan\u00e7as\u0131. Aras\u0131k\u0259silm\u0259z suvarma rejimi \u00fc\u00e7\u00fcn kilidl\u0259n\u0259 bil\u0259n d\u00fcym\u0259si say\u0259sind\u0259 bu tapan\u00e7a m\u00fcxt\u0259lif bitkil\u0259rin uzunm\u00fcdd\u0259tli suvar\u0131lmas\u0131 \u00fc\u00e7\u00fcn ideal se\u00e7imdir.<\/p>\n<\/div>\n<\/div>\n<\/div>\n<\/section>\n<div class=\"fg-products-details-stage\" data-kjs-app=\"products\/details\/stage\" data-kjs-entityid=\"9\">\n<div data-kjs-view=\"main\">\n<section class=\"container\">\n<div class=\"row fc-stage\">\n<div class=\"col-sm-7 col-md-8 fc-left\">\n<div class=\"fc-media\">\n<div class=\"fg-content-carousel fg-carousel-wrapper swiper swiper-initialized swiper-horizontal swiper-watch-progress swiper-backface-hidden\" data-kjs-app=\"content\/carousel\" data-kjs-entityid=\"17\">\n<div id=\"swiper-wrapper-10bbb53210e2101c46f\" class=\"fc-carousel swiper-wrapper\" aria-live=\"polite\">\n<div class=\"fc-carousel-slide swiper-slide fc-visible swiper-slide-active fc-image-loaded\" role=\"group\" data-kjs-slide=\"0\" aria-label=\"1 \/ 6\" data-swiper-slide-index=\"0\">\n<div class=\"fg-wishlist-control\" data-kjs-app=\"wishlist\/control\" data-kjs-entityid=\"18\">\n<div data-kjs-view=\"controls\"><\/div>\n<\/div>\n<\/div>\n<\/div>\n<\/div>\n<\/div>\n<\/div>\n<\/div>\n<\/section>\n<\/div>\n<\/div>","protected":false},"featured_media":17207,"comment_status":"open","ping_status":"closed","template":"","meta":[],"product_cat":[15,515],"product_tag":[],"class_list":{"0":"post-17206","1":"product","2":"type-product","3":"status-publish","4":"has-post-thumbnail","6":"product_cat-home-garden","7":"product_cat-oborudovanie-dlya-poliva","9":"first","10":"instock","11":"shipping-taxable","12":"purchasable","13":"product-type-simple"},"_links":{"self":[{"href":"https:\/\/karchershop.az\/az\/wp-json\/wp\/v2\/product\/17206","targetHints":{"allow":["GET"]}}],"collection":[{"href":"https:\/\/karchershop.az\/az\/wp-json\/wp\/v2\/product"}],"about":[{"href":"https:\/\/karchershop.az\/az\/wp-json\/wp\/v2\/types\/product"}],"replies":[{"embeddable":true,"href":"https:\/\/karchershop.az\/az\/wp-json\/wp\/v2\/comments?post=17206"}],"wp:featuredmedia":[{"embeddable":true,"href":"https:\/\/karchershop.az\/az\/wp-json\/wp\/v2\/media\/17207"}],"wp:attachment":[{"href":"https:\/\/karchershop.az\/az\/wp-json\/wp\/v2\/media?parent=17206"}],"wp:term":[{"taxonomy":"product_cat","embeddable":true,"href":"https:\/\/karchershop.az\/az\/wp-json\/wp\/v2\/product_cat?post=17206"},{"taxonomy":"product_tag","embeddable":true,"href":"https:\/\/karchershop.az\/az\/wp-json\/wp\/v2\/product_tag?post=17206"}],"curies":[{"name":"wp","href":"https:\/\/api.w.org\/{rel}","templated":true}]}}