{"id":17227,"date":"2026-05-11T16:23:03","date_gmt":"2026-05-11T12:23:03","guid":{"rendered":"https:\/\/karchershop.az\/?post_type=product&#038;p=17227"},"modified":"2026-05-11T16:23:04","modified_gmt":"2026-05-11T12:23:04","slug":"instrument-dlya-ochistki-filtra","status":"publish","type":"product","link":"https:\/\/karchershop.az\/az\/home-garden\/aksessuary\/aksessuary-dlya-pylesososov\/instrument-dlya-ochistki-filtra","title":{"rendered":"Filtr t\u0259mizl\u0259m\u0259 al\u0259ti"},"content":{"rendered":"<div id=\"description\" class=\"row\" data-anchor=\"\u041e\u043f\u0438\u0441\u0430\u043d\u0438\u0435\">\n<div class=\"col-sm-12\">\n<p>VC 4 Cordless (Premium) myHome, VC 6 Cordless (Premium) ourFamily v\u0259 VC 7 Cordless yourMax tozsoranlar\u0131 \u00fc\u00e7\u00fcn n\u0259z\u0259rd\u0259 tutulmu\u015f filtri t\u0259mizl\u0259m\u0259 al\u0259ti, onlarda istifad\u0259 olunan giri\u015f hava filtrinin t\u0259mizl\u0259nm\u0259sini maksimum d\u0259r\u0259c\u0259d\u0259 asanla\u015fd\u0131rmaqla yana\u015f\u0131, h\u0259m d\u0259 onun xidm\u0259t m\u00fcdd\u0259tini uzad\u0131r. Filtri al\u0259tin i\u00e7in\u0259 yerl\u0259\u015fdirm\u0259k kifay\u0259tdir, bundan sonra o, tozun eyni vaxtda sorulmas\u0131 il\u0259 birlikd\u0259 \u0259l il\u0259 f\u0131rlatma mexanizminin k\u00f6m\u0259yi il\u0259 asanl\u0131qla t\u0259mizl\u0259nir. Diqq\u0259t: \u0259vv\u0259lc\u0259d\u0259n tozsorana al\u0259tin d\u0259stin\u0259 daxil olan ikinci giri\u015f hava filtrini qura\u015fd\u0131rmaq laz\u0131md\u0131r. Al\u0259tin konstruksiyas\u0131 onun cihaza etibarl\u0131 b\u0259rkidilm\u0259sini t\u0259min edir.<\/p>\n<\/div>\n<\/div>\n<div id=\"featurebenefits\" data-anchor=\"\u041e\u0441\u043e\u0431\u0435\u043d\u043d\u043e\u0441\u0442\u0438 \u0438 \u043f\u0440\u0435\u0438\u043c\u0443\u0449\u0435\u0441\u0442\u0432\u0430\"><\/div>","protected":false},"excerpt":{"rendered":"<section id=\"ribbon\">\n<div class=\"container\">\n<div class=\"row\">\n<div class=\"col-sm-12 col-lg-9\">\n<p>VC 4 Cordless myHome, VC 6 Cordless ourFamily v\u0259 VC 7 Cordless yourMax tozsoranlar\u0131 \u00fc\u00e7\u00fcn uy\u011fun olan filtri t\u0259mizl\u0259m\u0259 al\u0259ti, onlarda istifad\u0259 olunan giri\u015f hava filtrini \u00e7ox asanl\u0131qla t\u0259mizl\u0259m\u0259y\u0259 imkan verir.<\/p>\n<\/div>\n<\/div>\n<\/div>\n<\/section>\n<div class=\"fg-products-details-stage\" data-kjs-app=\"products\/details\/stage\" data-kjs-entityid=\"9\">\n<div data-kjs-view=\"main\">\n<section class=\"container\">\n<div class=\"row fc-stage\">\n<div class=\"col-sm-7 col-md-8 fc-left\">\n<div class=\"fc-media\">\n<div class=\"fg-content-carousel fg-carousel-wrapper swiper swiper-initialized swiper-horizontal swiper-watch-progress swiper-backface-hidden\" data-kjs-app=\"content\/carousel\" data-kjs-entityid=\"15\">\n<div id=\"swiper-wrapper-b576f8fc6140be10d\" class=\"fc-carousel swiper-wrapper\" aria-live=\"polite\">\n<div class=\"fc-carousel-slide swiper-slide fc-visible swiper-slide-active fc-image-loaded\" role=\"group\" data-kjs-slide=\"0\" aria-label=\"1 \/ 1\">\n<div class=\"fg-wishlist-control\" data-kjs-app=\"wishlist\/control\" data-kjs-entityid=\"16\">\n<div data-kjs-view=\"controls\"><\/div>\n<\/div>\n<div data-kjs-app=\"content\/lightbox\" data-kjs-entityid=\"17\"><\/div>\n<\/div>\n<\/div>\n<\/div>\n<\/div>\n<\/div>\n<\/div>\n<\/section>\n<\/div>\n<\/div>","protected":false},"featured_media":17228,"comment_status":"open","ping_status":"closed","template":"","meta":[],"product_cat":[15,567,569],"product_tag":[],"class_list":{"0":"post-17227","1":"product","2":"type-product","3":"status-publish","4":"has-post-thumbnail","6":"product_cat-home-garden","7":"product_cat-aksessuary","8":"product_cat-aksessuary-dlya-pylesososov","10":"first","11":"instock","12":"shipping-taxable","13":"purchasable","14":"product-type-simple"},"_links":{"self":[{"href":"https:\/\/karchershop.az\/az\/wp-json\/wp\/v2\/product\/17227","targetHints":{"allow":["GET"]}}],"collection":[{"href":"https:\/\/karchershop.az\/az\/wp-json\/wp\/v2\/product"}],"about":[{"href":"https:\/\/karchershop.az\/az\/wp-json\/wp\/v2\/types\/product"}],"replies":[{"embeddable":true,"href":"https:\/\/karchershop.az\/az\/wp-json\/wp\/v2\/comments?post=17227"}],"wp:featuredmedia":[{"embeddable":true,"href":"https:\/\/karchershop.az\/az\/wp-json\/wp\/v2\/media\/17228"}],"wp:attachment":[{"href":"https:\/\/karchershop.az\/az\/wp-json\/wp\/v2\/media?parent=17227"}],"wp:term":[{"taxonomy":"product_cat","embeddable":true,"href":"https:\/\/karchershop.az\/az\/wp-json\/wp\/v2\/product_cat?post=17227"},{"taxonomy":"product_tag","embeddable":true,"href":"https:\/\/karchershop.az\/az\/wp-json\/wp\/v2\/product_tag?post=17227"}],"curies":[{"name":"wp","href":"https:\/\/api.w.org\/{rel}","templated":true}]}}