{"id":17231,"date":"2026-05-11T16:47:16","date_gmt":"2026-05-11T12:47:16","guid":{"rendered":"https:\/\/karchershop.az\/?post_type=product&#038;p=17231"},"modified":"2026-05-11T16:47:17","modified_gmt":"2026-05-11T12:47:17","slug":"metallicheskij-pistolet-dlya-poliva-premium","status":"publish","type":"product","link":"https:\/\/karchershop.az\/az\/home-garden\/oborudovanie-dlya-poliva\/metallicheskij-pistolet-dlya-poliva-premium","title":{"rendered":"Premium metal suvarma tapan\u00e7as\u0131"},"content":{"rendered":"<div id=\"description\" class=\"row\" data-anchor=\"\u041e\u043f\u0438\u0441\u0430\u043d\u0438\u0435\">\n<div class=\"col-sm-12\">\n<blockquote><p><strong>Premium metal suvarma tapan\u00e7as\u0131 n\u0259inki \u0259ld\u0259 rahat dayan\u0131r, h\u0259m d\u0259 \u00e7ox etibarl\u0131 v\u0259 uzun\u00f6m\u00fcrl\u00fcd\u00fcr. T\u0259nziml\u0259yicini f\u0131rlatmaqla \u2013 s\u00f6z\u00fcn \u0259sl m\u0259nas\u0131nda t\u0259k \u0259ll\u0259 \u2013 laz\u0131mi p\u00fcsk\u00fcrtm\u0259 rejimini se\u00e7m\u0259k m\u00fcmk\u00fcnd\u00fcr. 2 p\u00fcsk\u00fcrtm\u0259 rejimi m\u00f6vcuddur: n\u00f6qt\u0259vi v\u0259 konusvari \u015f\u0131rnaq. S\u0259lis ke\u00e7id say\u0259sind\u0259 g\u00fcll\u0259ri v\u0259 g\u00fcl l\u0259kl\u0259rini rahatl\u0131qla suvarmaq, h\u0259m\u00e7inin teras v\u0259 ba\u011f mebell\u0259rind\u0259n \u00e7irki effektiv \u015f\u0259kild\u0259 yumaq olar. B\u00fct\u00fcn K\u00e4rcher suvarma ba\u015fl\u0131qlar\u0131 s\u00fcr\u0259tli qo\u015fulma sistemi il\u0259 t\u0259chiz olunub v\u0259 ba\u011f \u015flanq\u0131na asanl\u0131qla birl\u0259\u015fdirilir.<\/strong><\/p><\/blockquote>\n<\/div>\n<\/div>\n<div id=\"featurebenefits\" data-anchor=\"\u041e\u0441\u043e\u0431\u0435\u043d\u043d\u043e\u0441\u0442\u0438 \u0438 \u043f\u0440\u0435\u0438\u043c\u0443\u0449\u0435\u0441\u0442\u0432\u0430\">\n<div style=\"width: 980px;\" class=\"wp-video\"><video class=\"wp-video-shortcode\" id=\"video-17231-1\" width=\"980\" height=\"551\" preload=\"metadata\" controls=\"controls\"><source type=\"video\/mp4\" src=\"https:\/\/karchershop.az\/wp-content\/uploads\/2026\/05\/spray-gun-and-nozzle-range-2016-1-1.mp4?_=1\" \/><a href=\"https:\/\/karchershop.az\/wp-content\/uploads\/2026\/05\/spray-gun-and-nozzle-range-2016-1-1.mp4\">https:\/\/karchershop.az\/wp-content\/uploads\/2026\/05\/spray-gun-and-nozzle-range-2016-1-1.mp4<\/a><\/video><\/div>\n<\/div>","protected":false},"excerpt":{"rendered":"<section id=\"ribbon\">\n<div class=\"container\">\n<div class=\"row\">\n<div class=\"col-sm-12 col-lg-9\">\n<p>Y\u00fcks\u0259k keyfiyy\u0259tli v\u0259 son d\u0259r\u0259c\u0259 etibarl\u0131 Premium metal suvarma tapan\u00e7as\u0131 uzunm\u00fcdd\u0259tli suvarma \u00fc\u00e7\u00fcn yarad\u0131l\u0131b v\u0259 \u0259ld\u0259 \u00e7ox rahat dayan\u0131r.<\/p>\n<\/div>\n<\/div>\n<\/div>\n<\/section>\n<div class=\"fg-products-details-stage\" data-kjs-app=\"products\/details\/stage\" data-kjs-entityid=\"9\">\n<div data-kjs-view=\"main\">\n<section class=\"container\">\n<div class=\"row fc-stage\">\n<div class=\"col-sm-7 col-md-8 fc-left\">\n<div class=\"fc-media\">\n<div class=\"fg-content-carousel fg-carousel-wrapper swiper swiper-initialized swiper-horizontal swiper-watch-progress swiper-backface-hidden\" data-kjs-app=\"content\/carousel\" data-kjs-entityid=\"17\">\n<div id=\"swiper-wrapper-d1f9533b6a534336\" class=\"fc-carousel swiper-wrapper\" aria-live=\"polite\">\n<div class=\"fc-carousel-slide swiper-slide fc-visible swiper-slide-active fc-image-loaded\" role=\"group\" data-kjs-slide=\"0\" aria-label=\"1 \/ 3\" data-swiper-slide-index=\"0\">\n<div class=\"fg-wishlist-control\" data-kjs-app=\"wishlist\/control\" data-kjs-entityid=\"18\">\n<div data-kjs-view=\"controls\"><\/div>\n<\/div>\n<\/div>\n<\/div>\n<\/div>\n<\/div>\n<\/div>\n<\/div>\n<\/section>\n<\/div>\n<\/div>","protected":false},"featured_media":17232,"comment_status":"open","ping_status":"closed","template":"","meta":[],"product_cat":[15,515],"product_tag":[],"class_list":{"0":"post-17231","1":"product","2":"type-product","3":"status-publish","4":"has-post-thumbnail","6":"product_cat-home-garden","7":"product_cat-oborudovanie-dlya-poliva","9":"first","10":"instock","11":"shipping-taxable","12":"purchasable","13":"product-type-simple"},"_links":{"self":[{"href":"https:\/\/karchershop.az\/az\/wp-json\/wp\/v2\/product\/17231","targetHints":{"allow":["GET"]}}],"collection":[{"href":"https:\/\/karchershop.az\/az\/wp-json\/wp\/v2\/product"}],"about":[{"href":"https:\/\/karchershop.az\/az\/wp-json\/wp\/v2\/types\/product"}],"replies":[{"embeddable":true,"href":"https:\/\/karchershop.az\/az\/wp-json\/wp\/v2\/comments?post=17231"}],"wp:featuredmedia":[{"embeddable":true,"href":"https:\/\/karchershop.az\/az\/wp-json\/wp\/v2\/media\/17232"}],"wp:attachment":[{"href":"https:\/\/karchershop.az\/az\/wp-json\/wp\/v2\/media?parent=17231"}],"wp:term":[{"taxonomy":"product_cat","embeddable":true,"href":"https:\/\/karchershop.az\/az\/wp-json\/wp\/v2\/product_cat?post=17231"},{"taxonomy":"product_tag","embeddable":true,"href":"https:\/\/karchershop.az\/az\/wp-json\/wp\/v2\/product_tag?post=17231"}],"curies":[{"name":"wp","href":"https:\/\/api.w.org\/{rel}","templated":true}]}}