{"id":17238,"date":"2026-05-11T17:19:55","date_gmt":"2026-05-11T13:19:55","guid":{"rendered":"https:\/\/karchershop.az\/?post_type=product&#038;p=17238"},"modified":"2026-05-11T17:19:56","modified_gmt":"2026-05-11T13:19:56","slug":"komplekt-salfetok-dlya-rcv-5","status":"publish","type":"product","link":"https:\/\/karchershop.az\/az\/home-garden\/aksessuary\/aksessuary-dlya-pylesososov\/komplekt-salfetok-dlya-rcv-5","title":{"rendered":"RCV 5 \u00fc\u00e7\u00fcn salfet d\u0259sti"},"content":{"rendered":"<div id=\"description\" class=\"row\" data-anchor=\"\u041e\u043f\u0438\u0441\u0430\u043d\u0438\u0435\">\n<div class=\"col-sm-12\">\n<p>D\u0259st\u0259 RCV 5 robot tozsoran\u0131 \u00fc\u00e7\u00fcn 3 \u0259d\u0259d salfet daxildir. Cihaz n\u0259m t\u0259mizl\u0259m\u0259 rejimind\u0259 i\u015fl\u0259y\u0259rk\u0259n y\u00fcks\u0259k keyfiyy\u0259tli mikrolifli salfet ist\u0259nil\u0259n b\u0259rk d\u00f6\u015f\u0259m\u0259 \u00f6rt\u00fckl\u0259rinin, m\u0259s\u0259l\u0259n, keramika plit\u0259, a\u011fac, laminat, PVC v\u0259 ya linoleumun optimal t\u0259mizl\u0259nm\u0259sini t\u0259min edir. O, azac\u0131q qurumu\u015f \u00e7irkl\u0259ri effektiv \u015f\u0259kild\u0259 t\u0259mizl\u0259yir v\u0259 qal\u0131q tozlar\u0131 yax\u015f\u0131 tutur. Salfetl\u0259rin b\u0259rkidilm\u0259si yap\u0131\u015fqanl\u0131 lent (velkro) vasit\u0259sil\u0259 h\u0259yata ke\u00e7irildiyi \u00fc\u00e7\u00fcn onlar\u0131n d\u0259yi\u015fdirilm\u0259si \u00e7ox asand\u0131r.<\/p>\n<\/div>\n<\/div>\n<div id=\"featurebenefits\" data-anchor=\"\u041e\u0441\u043e\u0431\u0435\u043d\u043d\u043e\u0441\u0442\u0438 \u0438 \u043f\u0440\u0435\u0438\u043c\u0443\u0449\u0435\u0441\u0442\u0432\u0430\"><\/div>","protected":false},"excerpt":{"rendered":"<section id=\"ribbon\">\n<div class=\"container\">\n<div class=\"row\">\n<div class=\"col-sm-12 col-lg-9\">\n<p>Optimal t\u0259mizlik n\u0259tic\u0259si \u00fc\u00e7\u00fcn: b\u0259rk d\u00f6\u015f\u0259m\u0259 \u00f6rt\u00fckl\u0259rinin n\u0259m t\u0259mizl\u0259nm\u0259si \u00fc\u00e7\u00fcn n\u0259z\u0259rd\u0259 tutulmu\u015f RCV 5 robot tozsoran\u0131 \u00fc\u00e7\u00fcn y\u00fcks\u0259k keyfiyy\u0259tli mikrolifli salfet d\u0259sti.<\/p>\n<\/div>\n<\/div>\n<\/div>\n<\/section>\n<div class=\"fg-products-details-stage\" data-kjs-app=\"products\/details\/stage\" data-kjs-entityid=\"9\">\n<div data-kjs-view=\"main\">\n<section class=\"container\">\n<div class=\"row fc-stage\">\n<div class=\"col-sm-7 col-md-8 fc-left\">\n<div class=\"fc-media\">\n<div class=\"fg-content-carousel fg-carousel-wrapper swiper swiper-initialized swiper-horizontal swiper-watch-progress swiper-backface-hidden\" data-kjs-app=\"content\/carousel\" data-kjs-entityid=\"15\">\n<div id=\"swiper-wrapper-ebc432d7de192e4f\" class=\"fc-carousel swiper-wrapper\" aria-live=\"polite\">\n<div class=\"fc-carousel-slide swiper-slide fc-visible swiper-slide-active fc-image-loaded\" role=\"group\" data-kjs-slide=\"0\" aria-label=\"1 \/ 2\" data-swiper-slide-index=\"0\">\n<div class=\"fg-wishlist-control\" data-kjs-app=\"wishlist\/control\" data-kjs-entityid=\"16\">\n<div data-kjs-view=\"controls\"><\/div>\n<\/div>\n<div data-kjs-app=\"content\/lightbox\" data-kjs-entityid=\"17\"><\/div>\n<\/div>\n<\/div>\n<\/div>\n<\/div>\n<\/div>\n<\/div>\n<\/section>\n<\/div>\n<\/div>","protected":false},"featured_media":17239,"comment_status":"open","ping_status":"closed","template":"","meta":[],"product_cat":[15,567,569],"product_tag":[],"class_list":{"0":"post-17238","1":"product","2":"type-product","3":"status-publish","4":"has-post-thumbnail","6":"product_cat-home-garden","7":"product_cat-aksessuary","8":"product_cat-aksessuary-dlya-pylesososov","10":"first","11":"instock","12":"shipping-taxable","13":"purchasable","14":"product-type-simple"},"_links":{"self":[{"href":"https:\/\/karchershop.az\/az\/wp-json\/wp\/v2\/product\/17238","targetHints":{"allow":["GET"]}}],"collection":[{"href":"https:\/\/karchershop.az\/az\/wp-json\/wp\/v2\/product"}],"about":[{"href":"https:\/\/karchershop.az\/az\/wp-json\/wp\/v2\/types\/product"}],"replies":[{"embeddable":true,"href":"https:\/\/karchershop.az\/az\/wp-json\/wp\/v2\/comments?post=17238"}],"wp:featuredmedia":[{"embeddable":true,"href":"https:\/\/karchershop.az\/az\/wp-json\/wp\/v2\/media\/17239"}],"wp:attachment":[{"href":"https:\/\/karchershop.az\/az\/wp-json\/wp\/v2\/media?parent=17238"}],"wp:term":[{"taxonomy":"product_cat","embeddable":true,"href":"https:\/\/karchershop.az\/az\/wp-json\/wp\/v2\/product_cat?post=17238"},{"taxonomy":"product_tag","embeddable":true,"href":"https:\/\/karchershop.az\/az\/wp-json\/wp\/v2\/product_tag?post=17238"}],"curies":[{"name":"wp","href":"https:\/\/api.w.org\/{rel}","templated":true}]}}