{"id":17245,"date":"2026-05-11T17:43:50","date_gmt":"2026-05-11T13:43:50","guid":{"rendered":"https:\/\/karchershop.az\/?post_type=product&#038;p=17245"},"modified":"2026-05-11T17:43:50","modified_gmt":"2026-05-11T13:43:50","slug":"shoe-cleaner-dlya-se","status":"publish","type":"product","link":"https:\/\/karchershop.az\/az\/home-garden\/aksessuary\/shoe-cleaner-dlya-se","title":{"rendered":"SE \u00fc\u00e7\u00fcn Shoe!Cleaner"},"content":{"rendered":"<div id=\"description\" class=\"row\" data-anchor=\"\u041e\u043f\u0438\u0441\u0430\u043d\u0438\u0435\">\n<div class=\"col-sm-12\">\n<blockquote><p><strong>K\u00e4rcher-in innovativ Shoe!Cleaner ba\u015fl\u0131\u011f\u0131 idman v\u0259 asud\u0259 vaxt \u00fc\u00e7\u00fcn n\u0259z\u0259rd\u0259 tutulmu\u015f m\u00fcxt\u0259lif n\u00f6v ayaqqab\u0131lar\u0131n s\u00fcr\u0259tli, d\u0259rind\u0259n v\u0259 art\u0131q su istifad\u0259 etm\u0259d\u0259n t\u0259mizl\u0259nm\u0259si \u00fc\u00e7\u00fcn istifad\u0259 edil\u0259 bil\u0259r. Onun say\u0259sind\u0259 siz qa\u00e7\u0131\u015f krossovkalar\u0131n\u0131 v\u0259 ya turizm \u00e7\u0259km\u0259l\u0259rini birba\u015fa evin daxilind\u0259, he\u00e7 bir yeri \u00e7irkl\u0259ndirm\u0259d\u0259n asanl\u0131qla t\u0259mizl\u0259y\u0259 bil\u0259rsiniz. D\u0259yi\u015fdiril\u0259 bil\u0259n h\u0259lq\u0259vi f\u0131r\u00e7alar h\u0259m altl\u0131\u011f\u0131, h\u0259m d\u0259 ayaqqab\u0131n\u0131n \u00fcst hiss\u0259sini s\u00fcr\u0259tli v\u0259 d\u0259rind\u0259n t\u0259mizl\u0259m\u0259y\u0259 imkan verir. Yum\u015faq t\u00fckl\u0259r h\u0259ssas materiallar\u0131 effektiv v\u0259 z\u0259rif \u015f\u0259kild\u0259 t\u0259mizl\u0259yir. T\u0259mizl\u0259m\u0259 zaman\u0131 suyun avtomatik sorulmas\u0131 say\u0259sind\u0259 ayaqqab\u0131 dem\u0259k olar ki, d\u0259rhal quruyur. Bundan \u0259lav\u0259, Shoe!Cleaner t\u0259mizl\u0259m\u0259 prosesind\u0259 onun \u00e7irkl\u0259nm\u0259sinin qar\u015f\u0131s\u0131n\u0131 alan yaxalama funksiyas\u0131na malikdir. B\u00fct\u00fcn bunlar Shoe!Cleaner-i SE 3 Compact, SE 4, SE 5 v\u0259 SE 6 yuyucu tozsoranlar\u0131 \u00fc\u00e7\u00fcn h\u0259r n\u00f6v ayaqqab\u0131n\u0131n t\u0259mizl\u0259nm\u0259sind\u0259 istifad\u0259 edil\u0259 bil\u0259n rahat v\u0259 etibarl\u0131 \u0259lav\u0259y\u0259 \u00e7evirir.<\/strong><\/p><\/blockquote>\n<\/div>\n<\/div>\n<div id=\"featurebenefits\" data-anchor=\"\u041e\u0441\u043e\u0431\u0435\u043d\u043d\u043e\u0441\u0442\u0438 \u0438 \u043f\u0440\u0435\u0438\u043c\u0443\u0449\u0435\u0441\u0442\u0432\u0430\">\n<div style=\"width: 980px;\" class=\"wp-video\"><video class=\"wp-video-shortcode\" id=\"video-17245-1\" width=\"980\" height=\"551\" preload=\"metadata\" controls=\"controls\"><source type=\"video\/mp4\" src=\"https:\/\/karchershop.az\/wp-content\/uploads\/2026\/05\/shoe-cleaner-se-3-compact-4-5-6-15sec-16x9-int-amazon.mp4?_=1\" \/><a href=\"https:\/\/karchershop.az\/wp-content\/uploads\/2026\/05\/shoe-cleaner-se-3-compact-4-5-6-15sec-16x9-int-amazon.mp4\">https:\/\/karchershop.az\/wp-content\/uploads\/2026\/05\/shoe-cleaner-se-3-compact-4-5-6-15sec-16x9-int-amazon.mp4<\/a><\/video><\/div>\n<\/div>","protected":false},"excerpt":{"rendered":"<section id=\"ribbon\">\n<div class=\"container\">\n<div class=\"row\">\n<div class=\"col-sm-12 col-lg-9\">\n<p>Art\u0131q su istifad\u0259 etm\u0259d\u0259n ayaqqab\u0131lar\u0131n s\u00fcr\u0259tli t\u0259mizl\u0259nm\u0259si: Shoe!Cleaner \u2014 idman v\u0259 asud\u0259 vaxt ayaqqab\u0131lar\u0131n\u0131n d\u0259rind\u0259n t\u0259mizl\u0259nm\u0259si \u00fc\u00e7\u00fcn ideal se\u00e7imdir. SE 3 Compact, 4, 5 v\u0259 6 yuyucu tozsoranlar\u0131 \u00fc\u00e7\u00fcn uy\u011fundur.<\/p>\n<\/div>\n<\/div>\n<\/div>\n<\/section>\n<div class=\"fg-products-details-stage\" data-kjs-app=\"products\/details\/stage\" data-kjs-entityid=\"9\">\n<div data-kjs-view=\"main\">\n<section class=\"container\">\n<div class=\"row fc-stage\">\n<div class=\"col-sm-7 col-md-8 fc-left\">\n<div class=\"fc-media\">\n<div class=\"fg-content-carousel fg-carousel-wrapper swiper swiper-initialized swiper-horizontal swiper-watch-progress swiper-backface-hidden\" data-kjs-app=\"content\/carousel\" data-kjs-entityid=\"16\">\n<div id=\"swiper-wrapper-22f2dbbf28b0584c\" class=\"fc-carousel swiper-wrapper\" aria-live=\"polite\">\n<div class=\"fc-carousel-slide swiper-slide fc-visible swiper-slide-active fc-image-loaded\" role=\"group\" data-kjs-slide=\"0\" aria-label=\"1 \/ 7\" data-swiper-slide-index=\"0\">\n<div class=\"fg-wishlist-control\" data-kjs-app=\"wishlist\/control\" data-kjs-entityid=\"17\">\n<div data-kjs-view=\"controls\"><\/div>\n<\/div>\n<div data-kjs-app=\"content\/lightbox\" data-kjs-entityid=\"18\"><\/div>\n<\/div>\n<\/div>\n<\/div>\n<\/div>\n<\/div>\n<\/div>\n<\/section>\n<\/div>\n<\/div>","protected":false},"featured_media":17246,"comment_status":"open","ping_status":"closed","template":"","meta":[],"product_cat":[15,567],"product_tag":[],"class_list":{"0":"post-17245","1":"product","2":"type-product","3":"status-publish","4":"has-post-thumbnail","6":"product_cat-home-garden","7":"product_cat-aksessuary","9":"first","10":"instock","11":"shipping-taxable","12":"purchasable","13":"product-type-simple"},"_links":{"self":[{"href":"https:\/\/karchershop.az\/az\/wp-json\/wp\/v2\/product\/17245","targetHints":{"allow":["GET"]}}],"collection":[{"href":"https:\/\/karchershop.az\/az\/wp-json\/wp\/v2\/product"}],"about":[{"href":"https:\/\/karchershop.az\/az\/wp-json\/wp\/v2\/types\/product"}],"replies":[{"embeddable":true,"href":"https:\/\/karchershop.az\/az\/wp-json\/wp\/v2\/comments?post=17245"}],"wp:featuredmedia":[{"embeddable":true,"href":"https:\/\/karchershop.az\/az\/wp-json\/wp\/v2\/media\/17246"}],"wp:attachment":[{"href":"https:\/\/karchershop.az\/az\/wp-json\/wp\/v2\/media?parent=17245"}],"wp:term":[{"taxonomy":"product_cat","embeddable":true,"href":"https:\/\/karchershop.az\/az\/wp-json\/wp\/v2\/product_cat?post=17245"},{"taxonomy":"product_tag","embeddable":true,"href":"https:\/\/karchershop.az\/az\/wp-json\/wp\/v2\/product_tag?post=17245"}],"curies":[{"name":"wp","href":"https:\/\/api.w.org\/{rel}","templated":true}]}}