{"id":17259,"date":"2026-05-11T18:42:51","date_gmt":"2026-05-11T14:42:51","guid":{"rendered":"https:\/\/karchershop.az\/?post_type=product&#038;p=17259"},"modified":"2026-05-11T18:42:51","modified_gmt":"2026-05-11T14:42:51","slug":"salfetki-dlya-gibkoj-ruchnoj-nasadki","status":"publish","type":"product","link":"https:\/\/karchershop.az\/az\/home-garden\/aksessuary\/aksessuary-dlya-paroochistitelej\/salfetki-dlya-gibkoj-ruchnoj-nasadki","title":{"rendered":"\u00c7evik \u0259l ba\u015fl\u0131\u011f\u0131 \u00fc\u00e7\u00fcn salfetl\u0259r"},"content":{"rendered":"<div id=\"description\" class=\"row\" data-anchor=\"\u041e\u043f\u0438\u0441\u0430\u043d\u0438\u0435\">\n<div class=\"col-sm-12\">\n<p>D\u0259st\u0259 daxil olan iki \u0259d\u0259d y\u00fcks\u0259k keyfiyy\u0259tli mikrolifli salfet vanna ota\u011f\u0131 v\u0259 m\u0259tb\u0259xd\u0259ki inadkar \u00e7irkl\u0259ri ay\u0131rma\u011fa v\u0259 toplama\u011fa imkan verir. Onlar h\u0259tta bi\u015firm\u0259 panelind\u0259ki a\u011f\u0131r \u00e7irkl\u0259rin \u00f6hd\u0259sind\u0259n asanl\u0131qla g\u0259lir. Rahat yap\u0131\u015fqanl\u0131 lent (velkro) b\u0259rkitm\u0259 sistemi salfeti \u0259l ba\u015fl\u0131\u011f\u0131na etibarl\u0131 \u015f\u0259kild\u0259 sabitleyir, h\u0259m\u00e7inin \u00e7irkl\u0259 t\u0259mas etm\u0259d\u0259n salfeti s\u00fcr\u0259tl\u0259 d\u0259yi\u015fdirm\u0259y\u0259 imkan verir.<\/p>\n<\/div>\n<\/div>\n<div id=\"featurebenefits\" data-anchor=\"\u041e\u0441\u043e\u0431\u0435\u043d\u043d\u043e\u0441\u0442\u0438 \u0438 \u043f\u0440\u0435\u0438\u043c\u0443\u0449\u0435\u0441\u0442\u0432\u0430\"><\/div>","protected":false},"excerpt":{"rendered":"<section id=\"ribbon\">\n<div class=\"container\">\n<div class=\"row\">\n<div class=\"col-sm-12 col-lg-9\">\n<p>\u00c7evik \u0259l ba\u015fl\u0131\u011f\u0131 \u00fc\u00e7\u00fcn salfetl\u0259r y\u00fcks\u0259k keyfiyy\u0259tli mikrolifd\u0259n (mikrofibra) haz\u0131rlan\u0131b \u2013 \u00e7irkin effektiv \u015f\u0259kild\u0259 ayr\u0131lmas\u0131 v\u0259 toplanmas\u0131 \u00fc\u00e7\u00fcn. Yap\u0131\u015fqanl\u0131 lent (velkro) b\u0259rkitm\u0259 sistemi say\u0259sind\u0259 \u00e7irkl\u0259 t\u0259mas etm\u0259d\u0259n salfetl\u0259rin rahat d\u0259yi\u015fdirilm\u0259si.<\/p>\n<\/div>\n<\/div>\n<\/div>\n<\/section>\n<div class=\"fg-products-details-stage\" data-kjs-app=\"products\/details\/stage\" data-kjs-entityid=\"9\">\n<div data-kjs-view=\"main\">\n<section class=\"container\">\n<div class=\"row fc-stage\">\n<div class=\"col-sm-7 col-md-8 fc-left\">\n<div class=\"fc-media\">\n<div class=\"fg-content-carousel fg-carousel-wrapper swiper swiper-initialized swiper-horizontal swiper-watch-progress swiper-backface-hidden\" data-kjs-app=\"content\/carousel\" data-kjs-entityid=\"15\">\n<div id=\"swiper-wrapper-283d4610c10226c466\" class=\"fc-carousel swiper-wrapper\" aria-live=\"polite\">\n<div class=\"fc-carousel-slide swiper-slide fc-image-loaded swiper-slide-next\" role=\"group\" data-kjs-slide=\"0\" aria-label=\"1 \/ 5\" data-swiper-slide-index=\"0\">\n<div class=\"fg-wishlist-control\" data-kjs-app=\"wishlist\/control\" data-kjs-entityid=\"16\">\n<div data-kjs-view=\"controls\"><\/div>\n<\/div>\n<div data-kjs-app=\"content\/lightbox\" data-kjs-entityid=\"17\"><\/div>\n<\/div>\n<\/div>\n<\/div>\n<\/div>\n<\/div>\n<\/div>\n<\/section>\n<\/div>\n<\/div>","protected":false},"featured_media":17260,"comment_status":"open","ping_status":"closed","template":"","meta":[],"product_cat":[15,567,570],"product_tag":[],"class_list":{"0":"post-17259","1":"product","2":"type-product","3":"status-publish","4":"has-post-thumbnail","6":"product_cat-home-garden","7":"product_cat-aksessuary","8":"product_cat-aksessuary-dlya-paroochistitelej","10":"first","11":"instock","12":"shipping-taxable","13":"purchasable","14":"product-type-simple"},"_links":{"self":[{"href":"https:\/\/karchershop.az\/az\/wp-json\/wp\/v2\/product\/17259","targetHints":{"allow":["GET"]}}],"collection":[{"href":"https:\/\/karchershop.az\/az\/wp-json\/wp\/v2\/product"}],"about":[{"href":"https:\/\/karchershop.az\/az\/wp-json\/wp\/v2\/types\/product"}],"replies":[{"embeddable":true,"href":"https:\/\/karchershop.az\/az\/wp-json\/wp\/v2\/comments?post=17259"}],"wp:featuredmedia":[{"embeddable":true,"href":"https:\/\/karchershop.az\/az\/wp-json\/wp\/v2\/media\/17260"}],"wp:attachment":[{"href":"https:\/\/karchershop.az\/az\/wp-json\/wp\/v2\/media?parent=17259"}],"wp:term":[{"taxonomy":"product_cat","embeddable":true,"href":"https:\/\/karchershop.az\/az\/wp-json\/wp\/v2\/product_cat?post=17259"},{"taxonomy":"product_tag","embeddable":true,"href":"https:\/\/karchershop.az\/az\/wp-json\/wp\/v2\/product_tag?post=17259"}],"curies":[{"name":"wp","href":"https:\/\/api.w.org\/{rel}","templated":true}]}}