{"id":17279,"date":"2026-05-12T09:54:00","date_gmt":"2026-05-12T05:54:00","guid":{"rendered":"https:\/\/karchershop.az\/?post_type=product&#038;p=17279"},"modified":"2026-05-12T09:54:00","modified_gmt":"2026-05-12T05:54:00","slug":"kreplenie-nastennoe-dlya-hraneniya-shlanga-s-yashhikom","status":"publish","type":"product","link":"https:\/\/karchershop.az\/az\/home-garden\/oborudovanie-dlya-poliva\/kreplenie-nastennoe-dlya-hraneniya-shlanga-s-yashhikom","title":{"rendered":"\u015elanq\u0131n saxlanmas\u0131 \u00fc\u00e7\u00fcn ye\u015fikli divar asq\u0131s\u0131"},"content":{"rendered":"<div id=\"description\" class=\"row\" data-anchor=\"\u041e\u043f\u0438\u0441\u0430\u043d\u0438\u0435\">\n<div class=\"col-sm-12\">\n<p>Ba\u011f\u00e7\u0131l\u0131q avadanl\u0131\u011f\u0131 \u00fc\u00e7\u00fcn ye\u015fikli \u015flanq asq\u0131s\u0131. \u015elanq\u0131 praktik \u015f\u0259kild\u0259 saxlama\u011fa imkan verm\u0259kl\u0259 yana\u015f\u0131, m\u00fcxt\u0259lif ba\u011f l\u0259vazimatlar\u0131n\u0131n saxlanmas\u0131 \u00fc\u00e7\u00fcn ideal olan bir ye\u015fiy\u0259 d\u0259 malikdir.<\/p>\n<\/div>\n<\/div>","protected":false},"excerpt":{"rendered":"<section id=\"ribbon\">\n<div class=\"container\">\n<div class=\"row\">\n<div class=\"col-sm-12 col-lg-9\">\n<p>Ba\u011f\u00e7\u0131l\u0131q avadanl\u0131\u011f\u0131 \u00fc\u00e7\u00fcn ye\u015fikli \u015flanq asq\u0131s\u0131. \u015elanq\u0131 praktik \u015f\u0259kild\u0259 saxlama\u011fa imkan verm\u0259kl\u0259 yana\u015f\u0131, m\u00fcxt\u0259lif ba\u011f l\u0259vazimatlar\u0131n\u0131n saxlanmas\u0131 \u00fc\u00e7\u00fcn ideal olan bir ye\u015fiy\u0259 d\u0259 malikdir.<\/p>\n<\/div>\n<\/div>\n<\/div>\n<\/section>\n<div class=\"fg-products-details-stage\" data-kjs-app=\"products\/details\/stage\" data-kjs-entityid=\"9\">\n<div data-kjs-view=\"main\">\n<section class=\"container\">\n<div class=\"row fc-stage\">\n<div class=\"col-sm-7 col-md-8 fc-left\">\n<div class=\"fc-media\">\n<div class=\"fg-content-carousel fg-carousel-wrapper swiper swiper-initialized swiper-horizontal swiper-watch-progress swiper-backface-hidden\" data-kjs-app=\"content\/carousel\" data-kjs-entityid=\"15\">\n<div id=\"swiper-wrapper-c4c118910bb5253510\" class=\"fc-carousel swiper-wrapper\" aria-live=\"polite\">\n<div class=\"fc-carousel-slide swiper-slide fc-visible swiper-slide-active fc-image-loaded\" role=\"group\" data-kjs-slide=\"0\" aria-label=\"1 \/ 4\" data-swiper-slide-index=\"0\">\n<div class=\"fg-wishlist-control\" data-kjs-app=\"wishlist\/control\" data-kjs-entityid=\"16\">\n<div data-kjs-view=\"controls\"><\/div>\n<\/div>\n<div data-kjs-app=\"content\/lightbox\" data-kjs-entityid=\"17\"><\/div>\n<\/div>\n<\/div>\n<\/div>\n<\/div>\n<\/div>\n<\/div>\n<\/section>\n<\/div>\n<\/div>","protected":false},"featured_media":17280,"comment_status":"open","ping_status":"closed","template":"","meta":[],"product_cat":[15,515],"product_tag":[],"class_list":{"0":"post-17279","1":"product","2":"type-product","3":"status-publish","4":"has-post-thumbnail","6":"product_cat-home-garden","7":"product_cat-oborudovanie-dlya-poliva","9":"first","10":"instock","11":"shipping-taxable","12":"purchasable","13":"product-type-simple"},"_links":{"self":[{"href":"https:\/\/karchershop.az\/az\/wp-json\/wp\/v2\/product\/17279","targetHints":{"allow":["GET"]}}],"collection":[{"href":"https:\/\/karchershop.az\/az\/wp-json\/wp\/v2\/product"}],"about":[{"href":"https:\/\/karchershop.az\/az\/wp-json\/wp\/v2\/types\/product"}],"replies":[{"embeddable":true,"href":"https:\/\/karchershop.az\/az\/wp-json\/wp\/v2\/comments?post=17279"}],"wp:featuredmedia":[{"embeddable":true,"href":"https:\/\/karchershop.az\/az\/wp-json\/wp\/v2\/media\/17280"}],"wp:attachment":[{"href":"https:\/\/karchershop.az\/az\/wp-json\/wp\/v2\/media?parent=17279"}],"wp:term":[{"taxonomy":"product_cat","embeddable":true,"href":"https:\/\/karchershop.az\/az\/wp-json\/wp\/v2\/product_cat?post=17279"},{"taxonomy":"product_tag","embeddable":true,"href":"https:\/\/karchershop.az\/az\/wp-json\/wp\/v2\/product_tag?post=17279"}],"curies":[{"name":"wp","href":"https:\/\/api.w.org\/{rel}","templated":true}]}}