{"id":17288,"date":"2026-05-12T10:22:15","date_gmt":"2026-05-12T06:22:15","guid":{"rendered":"https:\/\/karchershop.az\/?post_type=product&#038;p=17288"},"modified":"2026-05-12T10:22:42","modified_gmt":"2026-05-12T06:22:42","slug":"shtanga-dlya-poliva-teleskopicheskaya-premium-6-rezhimov","status":"publish","type":"product","link":"https:\/\/karchershop.az\/az\/home-garden\/oborudovanie-dlya-poliva\/shtanga-dlya-poliva-teleskopicheskaya-premium-6-rezhimov","title":{"rendered":"Premium teleskopik suvarma \u015ftanq\u0131, 6 rejimli"},"content":{"rendered":"<blockquote><p><strong>Premium teleskopik suvarma \u015ftanq\u0131, 6 n\u00f6v su ax\u0131n\u0131 rejimi v\u0259 f\u0131rlanan ba\u015fl\u0131q. As\u0131lm\u0131\u015f dib\u00e7\u0259k g\u00fcll\u0259rini, g\u00fcl l\u0259kl\u0259rini v\u0259 bitkil\u0259rin k\u00f6k hiss\u0259sini suvarmaq, h\u0259m\u00e7inin ba\u011fdak\u0131 c\u0131\u011f\u0131rlar\u0131 v\u0259 mebell\u0259ri yuyub t\u0259mizl\u0259m\u0259k \u00fc\u00e7\u00fcn \u0259lveri\u015flidir. Ba\u011f du\u015fu kimi d\u0259 istifad\u0259 oluna bil\u0259r.<\/strong><\/p>\n<div style=\"width: 980px;\" class=\"wp-video\"><video class=\"wp-video-shortcode\" id=\"video-17288-1\" width=\"980\" height=\"551\" preload=\"metadata\" controls=\"controls\"><source type=\"video\/mp4\" src=\"https:\/\/karchershop.az\/wp-content\/uploads\/2026\/05\/watering-systems-garden-range-1.mp4?_=1\" \/><a href=\"https:\/\/karchershop.az\/wp-content\/uploads\/2026\/05\/watering-systems-garden-range-1.mp4\">https:\/\/karchershop.az\/wp-content\/uploads\/2026\/05\/watering-systems-garden-range-1.mp4<\/a><\/video><\/div><\/blockquote>","protected":false},"excerpt":{"rendered":"<section id=\"ribbon\">\n<div class=\"container\">\n<div class=\"row\">\n<div class=\"col-sm-12 col-lg-9\">\n<p>Premium teleskopik suvarma \u015ftanq\u0131, 6 n\u00f6v su ax\u0131n\u0131 rejimi v\u0259 f\u0131rlanan ba\u015fl\u0131q. As\u0131lm\u0131\u015f dib\u00e7\u0259k g\u00fcll\u0259rini, g\u00fcl l\u0259kl\u0259rini v\u0259 bitkil\u0259rin k\u00f6k hiss\u0259sini suvarmaq, h\u0259m\u00e7inin ba\u011fdak\u0131 c\u0131\u011f\u0131rlar\u0131 v\u0259 mebell\u0259ri yuyub t\u0259mizl\u0259m\u0259k \u00fc\u00e7\u00fcn \u0259lveri\u015flidir. Ba\u011f du\u015fu kimi d\u0259 istifad\u0259 oluna bil\u0259r.<\/p>\n<\/div>\n<\/div>\n<\/div>\n<\/section>\n<div class=\"fg-products-details-stage\" data-kjs-app=\"products\/details\/stage\" data-kjs-entityid=\"9\">\n<div data-kjs-view=\"main\">\n<section class=\"container\">\n<div class=\"row fc-stage\">\n<div class=\"col-sm-7 col-md-8 fc-left\">\n<div class=\"fc-media\">\n<div class=\"fg-content-carousel fg-carousel-wrapper swiper swiper-initialized swiper-horizontal swiper-watch-progress swiper-backface-hidden\" data-kjs-app=\"content\/carousel\" data-kjs-entityid=\"17\">\n<div id=\"swiper-wrapper-44ffcd5e695f5eee\" class=\"fc-carousel swiper-wrapper\" aria-live=\"polite\">\n<div class=\"fc-carousel-slide swiper-slide fc-visible swiper-slide-active fc-image-loaded\" role=\"group\" data-kjs-slide=\"0\" aria-label=\"1 \/ 7\" data-swiper-slide-index=\"0\">\n<div class=\"fg-wishlist-control\" data-kjs-app=\"wishlist\/control\" data-kjs-entityid=\"18\">\n<div data-kjs-view=\"controls\"><\/div>\n<\/div>\n<div data-kjs-app=\"content\/lightbox\" data-kjs-entityid=\"19\"><\/div>\n<\/div>\n<\/div>\n<\/div>\n<\/div>\n<\/div>\n<\/div>\n<\/section>\n<\/div>\n<\/div>","protected":false},"featured_media":17289,"comment_status":"open","ping_status":"closed","template":"","meta":[],"product_cat":[15,515],"product_tag":[],"class_list":{"0":"post-17288","1":"product","2":"type-product","3":"status-publish","4":"has-post-thumbnail","6":"product_cat-home-garden","7":"product_cat-oborudovanie-dlya-poliva","9":"first","10":"instock","11":"shipping-taxable","12":"purchasable","13":"product-type-simple"},"_links":{"self":[{"href":"https:\/\/karchershop.az\/az\/wp-json\/wp\/v2\/product\/17288","targetHints":{"allow":["GET"]}}],"collection":[{"href":"https:\/\/karchershop.az\/az\/wp-json\/wp\/v2\/product"}],"about":[{"href":"https:\/\/karchershop.az\/az\/wp-json\/wp\/v2\/types\/product"}],"replies":[{"embeddable":true,"href":"https:\/\/karchershop.az\/az\/wp-json\/wp\/v2\/comments?post=17288"}],"wp:featuredmedia":[{"embeddable":true,"href":"https:\/\/karchershop.az\/az\/wp-json\/wp\/v2\/media\/17289"}],"wp:attachment":[{"href":"https:\/\/karchershop.az\/az\/wp-json\/wp\/v2\/media?parent=17288"}],"wp:term":[{"taxonomy":"product_cat","embeddable":true,"href":"https:\/\/karchershop.az\/az\/wp-json\/wp\/v2\/product_cat?post=17288"},{"taxonomy":"product_tag","embeddable":true,"href":"https:\/\/karchershop.az\/az\/wp-json\/wp\/v2\/product_tag?post=17288"}],"curies":[{"name":"wp","href":"https:\/\/api.w.org\/{rel}","templated":true}]}}