{"id":17302,"date":"2026-05-12T10:48:53","date_gmt":"2026-05-12T06:48:53","guid":{"rendered":"https:\/\/karchershop.az\/?post_type=product&#038;p=17302"},"modified":"2026-05-12T10:48:54","modified_gmt":"2026-05-12T06:48:54","slug":"pulverizator-extra-dlya-okonnogo-pylesosa","status":"publish","type":"product","link":"https:\/\/karchershop.az\/az\/home-garden\/aksessuary\/aksessuary-dlya-pylesososov\/pulverizator-extra-dlya-okonnogo-pylesosa","title":{"rendered":"P\u0259nc\u0259r\u0259 t\u0259mizl\u0259y\u0259n tozsoran \u00fc\u00e7\u00fcn Extra sprey \u015f\u00fc\u015f\u0259si (pulverizator)"},"content":{"rendered":"<div id=\"description\" class=\"row\" data-anchor=\"\u041e\u043f\u0438\u0441\u0430\u043d\u0438\u0435\">\n<div class=\"col-sm-12\">\n<p>D\u0259st\u0259 t\u0259nziml\u0259n\u0259n i\u015f geni\u015fliyin\u0259 malik uclu\u011fu olan pulverizator, velkro-ba\u011flay\u0131c\u0131l\u0131 (p\u0131tp\u0131tl\u0131) mikrolif \u00f6rt\u00fck, inadkar \u00e7irkl\u0259ri t\u0259mizl\u0259m\u0259k \u00fc\u00e7\u00fcn skreber v\u0259 p\u0259nc\u0259r\u0259 yuma vasit\u0259sinin konsentrat\u0131 (20 ml) daxildir.<\/p>\n<\/div>\n<\/div>\n<div id=\"featurebenefits\" data-anchor=\"\u041e\u0441\u043e\u0431\u0435\u043d\u043d\u043e\u0441\u0442\u0438 \u0438 \u043f\u0440\u0435\u0438\u043c\u0443\u0449\u0435\u0441\u0442\u0432\u0430\"><\/div>","protected":false},"excerpt":{"rendered":"<section id=\"ribbon\">\n<div class=\"container\">\n<div class=\"row\">\n<div class=\"col-sm-12 col-lg-9\">\n<p>P\u0259nc\u0259r\u0259 yuma d\u0259sti: pulverizator, velkro-ba\u011flay\u0131c\u0131l\u0131 (p\u0131tp\u0131tl\u0131) mikrolif (mikrofibra) \u00f6rt\u00fck, inadkar \u00e7irkl\u0259r \u00fc\u00e7\u00fcn skreber v\u0259 20 ml p\u0259nc\u0259r\u0259 t\u0259mizl\u0259yici konsentrat\u0131.<\/p>\n<\/div>\n<\/div>\n<\/div>\n<\/section>\n<div class=\"fg-products-details-stage\" data-kjs-app=\"products\/details\/stage\" data-kjs-entityid=\"9\">\n<div data-kjs-view=\"main\">\n<section class=\"container\">\n<div class=\"row fc-stage\">\n<div class=\"col-sm-7 col-md-8 fc-left\">\n<div class=\"fc-media\">\n<div class=\"fg-content-carousel fg-carousel-wrapper swiper swiper-initialized swiper-horizontal swiper-watch-progress swiper-backface-hidden\" data-kjs-app=\"content\/carousel\" data-kjs-entityid=\"16\">\n<div id=\"swiper-wrapper-49be56d2e6771a81\" class=\"fc-carousel swiper-wrapper\" aria-live=\"polite\">\n<div class=\"fc-carousel-slide swiper-slide fc-visible swiper-slide-active fc-image-loaded\" role=\"group\" data-kjs-slide=\"0\" aria-label=\"1 \/ 2\" data-swiper-slide-index=\"0\">\n<div class=\"fg-wishlist-control\" data-kjs-app=\"wishlist\/control\" data-kjs-entityid=\"17\">\n<div data-kjs-view=\"controls\"><\/div>\n<\/div>\n<div data-kjs-app=\"content\/lightbox\" data-kjs-entityid=\"18\"><\/div>\n<\/div>\n<\/div>\n<\/div>\n<\/div>\n<\/div>\n<\/div>\n<\/section>\n<\/div>\n<\/div>","protected":false},"featured_media":17306,"comment_status":"open","ping_status":"closed","template":"","meta":[],"product_cat":[15,567,569],"product_tag":[],"class_list":{"0":"post-17302","1":"product","2":"type-product","3":"status-publish","4":"has-post-thumbnail","6":"product_cat-home-garden","7":"product_cat-aksessuary","8":"product_cat-aksessuary-dlya-pylesososov","10":"first","11":"instock","12":"shipping-taxable","13":"purchasable","14":"product-type-simple"},"_links":{"self":[{"href":"https:\/\/karchershop.az\/az\/wp-json\/wp\/v2\/product\/17302","targetHints":{"allow":["GET"]}}],"collection":[{"href":"https:\/\/karchershop.az\/az\/wp-json\/wp\/v2\/product"}],"about":[{"href":"https:\/\/karchershop.az\/az\/wp-json\/wp\/v2\/types\/product"}],"replies":[{"embeddable":true,"href":"https:\/\/karchershop.az\/az\/wp-json\/wp\/v2\/comments?post=17302"}],"wp:featuredmedia":[{"embeddable":true,"href":"https:\/\/karchershop.az\/az\/wp-json\/wp\/v2\/media\/17306"}],"wp:attachment":[{"href":"https:\/\/karchershop.az\/az\/wp-json\/wp\/v2\/media?parent=17302"}],"wp:term":[{"taxonomy":"product_cat","embeddable":true,"href":"https:\/\/karchershop.az\/az\/wp-json\/wp\/v2\/product_cat?post=17302"},{"taxonomy":"product_tag","embeddable":true,"href":"https:\/\/karchershop.az\/az\/wp-json\/wp\/v2\/product_tag?post=17302"}],"curies":[{"name":"wp","href":"https:\/\/api.w.org\/{rel}","templated":true}]}}