{"id":17326,"date":"2026-05-12T15:09:12","date_gmt":"2026-05-12T11:09:12","guid":{"rendered":"https:\/\/karchershop.az\/?post_type=product&#038;p=17326"},"modified":"2026-05-12T15:09:13","modified_gmt":"2026-05-12T11:09:13","slug":"parovaya-turboshhetka","status":"publish","type":"product","link":"https:\/\/karchershop.az\/az\/home-garden\/aksessuary\/aksessuary-dlya-paroochistitelej\/parovaya-turboshhetka","title":{"rendered":"Buxarl\u0131 turbo-f\u0131r\u00e7a"},"content":{"rendered":"<div id=\"description\" class=\"row\" data-anchor=\"\u041e\u043f\u0438\u0441\u0430\u043d\u0438\u0435\">\n<div class=\"col-sm-12\">\n<p>Buxarl\u0131 turbo-f\u0131r\u015fan\u0131n istifad\u0259si, adi t\u0259mizl\u0259m\u0259 \u00fcsullar\u0131 il\u0259 m\u00fcqayis\u0259d\u0259 t\u0259mizliyi \u0259h\u0259miyy\u0259tli d\u0259r\u0259c\u0259d\u0259 asanla\u015fd\u0131r\u0131r v\u0259 iki d\u0259f\u0259 s\u00fcr\u0259tl\u0259ndirir. O, ad\u0259t\u0259n intensiv s\u00fcrtm\u0259 t\u0259l\u0259b ed\u0259n i\u015fl\u0259rin yerin\u0259 yetirilm\u0259si \u00fc\u00e7\u00fcn m\u00fck\u0259mm\u0259l se\u00e7imdir. Buxar\u0131n t\u0259mizl\u0259m\u0259 g\u00fcc\u00fcn\u00fc art\u0131ran t\u00fckl\u0259rin vibrasiyas\u0131, \u00e7\u0259tin \u0259l\u00e7atann yerl\u0259rd\u0259 (bucaqlar, tiki\u015fl\u0259r, k\u0259narlar boyunca v\u0259 s.) olan \u00e7irkl\u0259rin t\u0259mizl\u0259nm\u0259 s\u0259m\u0259r\u0259liliyini d\u0259f\u0259l\u0259rl\u0259 art\u0131r\u0131r.<\/p>\n<\/div>\n<\/div>\n<div id=\"featurebenefits\" data-anchor=\"\u041e\u0441\u043e\u0431\u0435\u043d\u043d\u043e\u0441\u0442\u0438 \u0438 \u043f\u0440\u0435\u0438\u043c\u0443\u0449\u0435\u0441\u0442\u0432\u0430\"><\/div>","protected":false},"excerpt":{"rendered":"<section id=\"ribbon\">\n<div class=\"container\">\n<div class=\"row\">\n<div class=\"col-sm-12 col-lg-9\">\n<p>S\u0259thl\u0259rin yorulmadan silinm\u0259sind\u0259n imtina etm\u0259y\u0259 imkan ver\u0259n h\u0259ll yolu: t\u0259mizlik i\u015fl\u0259rinin (x\u00fcsusil\u0259 d\u0259 tiki\u015f v\u0259 birl\u0259\u015fm\u0259 yerl\u0259rinin t\u0259mizl\u0259nm\u0259sini) yerin\u0259 yetirilm\u0259sini asanla\u015fd\u0131ran v\u0259 iki d\u0259f\u0259 s\u00fcr\u0259tl\u0259ndir\u0259n buxarl\u0131 turbo-f\u0131r\u00e7a.<\/p>\n<\/div>\n<\/div>\n<\/div>\n<\/section>\n<div class=\"fg-products-details-stage\" data-kjs-app=\"products\/details\/stage\" data-kjs-entityid=\"9\">\n<div data-kjs-view=\"main\">\n<section class=\"container\">\n<div class=\"row fc-stage\">\n<div class=\"col-sm-7 col-md-8 fc-left\">\n<div class=\"fc-media\">\n<div class=\"fg-content-carousel fg-carousel-wrapper swiper swiper-initialized swiper-horizontal swiper-watch-progress swiper-backface-hidden\" data-kjs-app=\"content\/carousel\" data-kjs-entityid=\"15\">\n<div id=\"swiper-wrapper-48fb7053d210d0e65\" class=\"fc-carousel swiper-wrapper\" aria-live=\"polite\">\n<div class=\"fc-carousel-slide swiper-slide fc-visible swiper-slide-active fc-image-loaded\" role=\"group\" data-kjs-slide=\"0\" aria-label=\"1 \/ 2\" data-swiper-slide-index=\"0\">\n<div class=\"fg-wishlist-control\" data-kjs-app=\"wishlist\/control\" data-kjs-entityid=\"16\">\n<div data-kjs-view=\"controls\"><\/div>\n<\/div>\n<div data-kjs-app=\"content\/lightbox\" data-kjs-entityid=\"17\"><\/div>\n<\/div>\n<\/div>\n<\/div>\n<\/div>\n<\/div>\n<\/div>\n<\/section>\n<\/div>\n<\/div>","protected":false},"featured_media":17327,"comment_status":"open","ping_status":"closed","template":"","meta":[],"product_cat":[15,567,570],"product_tag":[],"class_list":{"0":"post-17326","1":"product","2":"type-product","3":"status-publish","4":"has-post-thumbnail","6":"product_cat-home-garden","7":"product_cat-aksessuary","8":"product_cat-aksessuary-dlya-paroochistitelej","10":"first","11":"instock","12":"shipping-taxable","13":"purchasable","14":"product-type-simple"},"_links":{"self":[{"href":"https:\/\/karchershop.az\/az\/wp-json\/wp\/v2\/product\/17326","targetHints":{"allow":["GET"]}}],"collection":[{"href":"https:\/\/karchershop.az\/az\/wp-json\/wp\/v2\/product"}],"about":[{"href":"https:\/\/karchershop.az\/az\/wp-json\/wp\/v2\/types\/product"}],"replies":[{"embeddable":true,"href":"https:\/\/karchershop.az\/az\/wp-json\/wp\/v2\/comments?post=17326"}],"wp:featuredmedia":[{"embeddable":true,"href":"https:\/\/karchershop.az\/az\/wp-json\/wp\/v2\/media\/17327"}],"wp:attachment":[{"href":"https:\/\/karchershop.az\/az\/wp-json\/wp\/v2\/media?parent=17326"}],"wp:term":[{"taxonomy":"product_cat","embeddable":true,"href":"https:\/\/karchershop.az\/az\/wp-json\/wp\/v2\/product_cat?post=17326"},{"taxonomy":"product_tag","embeddable":true,"href":"https:\/\/karchershop.az\/az\/wp-json\/wp\/v2\/product_tag?post=17326"}],"curies":[{"name":"wp","href":"https:\/\/api.w.org\/{rel}","templated":true}]}}