{"id":17340,"date":"2026-05-12T15:34:15","date_gmt":"2026-05-12T11:34:15","guid":{"rendered":"https:\/\/karchershop.az\/?post_type=product&#038;p=17340"},"modified":"2026-05-12T15:34:16","modified_gmt":"2026-05-12T11:34:16","slug":"polirovalnye-pady-dlya-voshhenogo-parketa-3-sht-dlya-poloterov","status":"publish","type":"product","link":"https:\/\/karchershop.az\/az\/home-garden\/aksessuary\/aksessuary-dlya-paroochistitelej\/polirovalnye-pady-dlya-voshhenogo-parketa-3-sht-dlya-poloterov","title":{"rendered":"Mumlanm\u0131\u015f parket \u00fc\u00e7\u00fcn cilalay\u0131c\u0131 padl\u0259r (3 \u0259d\u0259d) - pol\u015fit\u00e7il\u0259r \u00fc\u00e7\u00fcn"},"content":{"rendered":"<div id=\"description\" class=\"row\" data-anchor=\"\u041e\u043f\u0438\u0441\u0430\u043d\u0438\u0435\">\n<div class=\"col-sm-12\">\n<p>FP 303 pol\u015fit\u00e7isi \u00fc\u00e7\u00fcn 3 \u0259d\u0259d cilalay\u0131c\u0131 pad. Parket, mumlanm\u0131\u015f \u00f6rt\u00fckl\u0259r v\u0259 ya\u011f-mum t\u0259rkibli \u00f6rt\u00fckl\u0259r kimi ya\u011fl\u0131-mumlanm\u0131\u015f b\u0259rk d\u00f6\u015f\u0259m\u0259 s\u0259thl\u0259rinin cilalanmas\u0131 \u00fc\u00e7\u00fcn ideald\u0131r. Padl\u0259ri diskl\u0259r\u0259 b\u0259rkitm\u0259k kifay\u0259tdir.<\/p>\n<\/div>\n<\/div>\n<div id=\"featurebenefits\" data-anchor=\"\u041e\u0441\u043e\u0431\u0435\u043d\u043d\u043e\u0441\u0442\u0438 \u0438 \u043f\u0440\u0435\u0438\u043c\u0443\u0449\u0435\u0441\u0442\u0432\u0430\"><\/div>","protected":false},"excerpt":{"rendered":"<section id=\"ribbon\">\n<div class=\"container\">\n<div class=\"row\">\n<div class=\"col-sm-12 col-lg-9\">\n<p>Mumlanm\u0131\u015f d\u00f6\u015f\u0259m\u0259l\u0259rin m\u00fck\u0259mm\u0259l cilalanmas\u0131 \u00fc\u00e7\u00fcn 3 \u0259d\u0259d pad.<\/p>\n<\/div>\n<\/div>\n<\/div>\n<\/section>\n<div class=\"fg-products-details-stage\" data-kjs-app=\"products\/details\/stage\" data-kjs-entityid=\"9\">\n<div data-kjs-view=\"main\">\n<section class=\"container\">\n<div class=\"row fc-stage\">\n<div class=\"col-sm-7 col-md-8 fc-left\">\n<div class=\"fc-media\">\n<div class=\"fg-content-carousel fg-carousel-wrapper swiper swiper-initialized swiper-horizontal swiper-watch-progress swiper-backface-hidden\" data-kjs-app=\"content\/carousel\" data-kjs-entityid=\"15\">\n<div id=\"swiper-wrapper-8f12b742ef8d888e\" class=\"fc-carousel swiper-wrapper\" aria-live=\"polite\">\n<div class=\"fc-carousel-slide swiper-slide fc-visible swiper-slide-active fc-image-loaded\" role=\"group\" data-kjs-slide=\"0\" aria-label=\"1 \/ 1\">\n<div class=\"fg-wishlist-control\" data-kjs-app=\"wishlist\/control\" data-kjs-entityid=\"16\">\n<div data-kjs-view=\"controls\"><\/div>\n<\/div>\n<div data-kjs-app=\"content\/lightbox\" data-kjs-entityid=\"17\"><\/div>\n<\/div>\n<\/div>\n<\/div>\n<\/div>\n<\/div>\n<\/div>\n<\/section>\n<\/div>\n<\/div>","protected":false},"featured_media":17341,"comment_status":"open","ping_status":"closed","template":"","meta":[],"product_cat":[15,567,570],"product_tag":[],"class_list":{"0":"post-17340","1":"product","2":"type-product","3":"status-publish","4":"has-post-thumbnail","6":"product_cat-home-garden","7":"product_cat-aksessuary","8":"product_cat-aksessuary-dlya-paroochistitelej","10":"first","11":"instock","12":"shipping-taxable","13":"purchasable","14":"product-type-simple"},"_links":{"self":[{"href":"https:\/\/karchershop.az\/az\/wp-json\/wp\/v2\/product\/17340","targetHints":{"allow":["GET"]}}],"collection":[{"href":"https:\/\/karchershop.az\/az\/wp-json\/wp\/v2\/product"}],"about":[{"href":"https:\/\/karchershop.az\/az\/wp-json\/wp\/v2\/types\/product"}],"replies":[{"embeddable":true,"href":"https:\/\/karchershop.az\/az\/wp-json\/wp\/v2\/comments?post=17340"}],"wp:featuredmedia":[{"embeddable":true,"href":"https:\/\/karchershop.az\/az\/wp-json\/wp\/v2\/media\/17341"}],"wp:attachment":[{"href":"https:\/\/karchershop.az\/az\/wp-json\/wp\/v2\/media?parent=17340"}],"wp:term":[{"taxonomy":"product_cat","embeddable":true,"href":"https:\/\/karchershop.az\/az\/wp-json\/wp\/v2\/product_cat?post=17340"},{"taxonomy":"product_tag","embeddable":true,"href":"https:\/\/karchershop.az\/az\/wp-json\/wp\/v2\/product_tag?post=17340"}],"curies":[{"name":"wp","href":"https:\/\/api.w.org\/{rel}","templated":true}]}}