{"id":17351,"date":"2026-05-12T16:57:40","date_gmt":"2026-05-12T12:57:40","guid":{"rendered":"https:\/\/karchershop.az\/?post_type=product&#038;p=17351"},"modified":"2026-05-12T17:01:55","modified_gmt":"2026-05-12T13:01:55","slug":"ostsiliruyushhij-dozhdevatel-os-3-220-dlya-pryamougolnyh-uchastkov","status":"publish","type":"product","link":"https:\/\/karchershop.az\/az\/home-garden\/oborudovanie-dlya-poliva\/ostsiliruyushhij-dozhdevatel-os-3-220-dlya-pryamougolnyh-uchastkov","title":{"rendered":"D\u00fczbucaql\u0131 sah\u0259l\u0259r \u00fc\u00e7\u00fcn OS 3.220 r\u0259qs ed\u0259n (ossilyasiya ed\u0259n) \u00e7il\u0259yici"},"content":{"rendered":"<div id=\"description\" class=\"row\" data-anchor=\"\u041e\u043f\u0438\u0441\u0430\u043d\u0438\u0435\">\n<div class=\"col-sm-12\">\n<blockquote>\n<div id=\"description\" class=\"row\" data-anchor=\"\u041e\u043f\u0438\u0441\u0430\u043d\u0438\u0435\">\n<div class=\"col-sm-12\">\n<p><strong>D\u00fczbucaql\u0131 sah\u0259l\u0259rin suvar\u0131lmas\u0131 \u00fc\u00e7\u00fcn OS 3.220 \u00e7il\u0259yicisi. Suvarma m\u0259saf\u0259sinin r\u0259van t\u0259nziml\u0259nm\u0259si il\u0259. Suvarma zonas\u0131: 2 bar t\u0259zyiqd\u0259 suvarma eni 9 m, uzunlu\u011fu 5-14 m, sah\u0259si 120 kv.m-\u0259 q\u0259d\u0259r; 4 bar t\u0259zyiqd\u0259 suvarma eni 13 m, uzunlu\u011fu 6-17 m, sah\u0259si 220 kv.m-\u0259 q\u0259d\u0259rdir.<\/strong><\/p>\n<\/div>\n<\/div>\n<div id=\"featurebenefits\" data-anchor=\"\u041e\u0441\u043e\u0431\u0435\u043d\u043d\u043e\u0441\u0442\u0438 \u0438 \u043f\u0440\u0435\u0438\u043c\u0443\u0449\u0435\u0441\u0442\u0432\u0430\">\n<div style=\"width: 980px;\" class=\"wp-video\"><video class=\"wp-video-shortcode\" id=\"video-17351-1\" width=\"980\" height=\"551\" preload=\"metadata\" controls=\"controls\"><source type=\"video\/mp4\" src=\"https:\/\/karchershop.az\/wp-content\/uploads\/2026\/05\/watering-systems-garden-range-2.mp4?_=1\" \/><a href=\"https:\/\/karchershop.az\/wp-content\/uploads\/2026\/05\/watering-systems-garden-range-2.mp4\">https:\/\/karchershop.az\/wp-content\/uploads\/2026\/05\/watering-systems-garden-range-2.mp4<\/a><\/video><\/div>\n<\/div>\n<\/blockquote>\n<\/div>\n<\/div>\n<div id=\"featurebenefits\" data-anchor=\"\u041e\u0441\u043e\u0431\u0435\u043d\u043d\u043e\u0441\u0442\u0438 \u0438 \u043f\u0440\u0435\u0438\u043c\u0443\u0449\u0435\u0441\u0442\u0432\u0430\"><\/div>","protected":false},"excerpt":{"rendered":"<section id=\"ribbon\">\n<div class=\"container\">\n<div class=\"row\">\n<div class=\"col-sm-12 col-lg-9\">\n<p>D\u00fczbucaql\u0131 sah\u0259l\u0259rin suvar\u0131lmas\u0131 \u00fc\u00e7\u00fcn OS 3.220 \u00e7il\u0259yicisi. Suvarma m\u0259saf\u0259sinin r\u0259van t\u0259nziml\u0259nm\u0259si il\u0259. Suvarma zonas\u0131: 2 bar t\u0259zyiqd\u0259 suvarma eni 9 m, uzunlu\u011fu 5-14 m, sah\u0259si 120 kv.m-\u0259 q\u0259d\u0259r; 4 bar t\u0259zyiqd\u0259 suvarma eni 13 m, uzunlu\u011fu 6-17 m, sah\u0259si 220 kv.m-\u0259 q\u0259d\u0259rdir.<\/p>\n<\/div>\n<\/div>\n<\/div>\n<\/section>\n<div class=\"fg-products-details-stage\" data-kjs-app=\"products\/details\/stage\" data-kjs-entityid=\"9\">\n<div data-kjs-view=\"main\">\n<section class=\"container\">\n<div class=\"row fc-stage\">\n<div class=\"col-sm-7 col-md-8 fc-left\">\n<div class=\"fc-media\">\n<div class=\"fg-content-carousel fg-carousel-wrapper swiper swiper-initialized swiper-horizontal swiper-watch-progress swiper-backface-hidden\" data-kjs-app=\"content\/carousel\" data-kjs-entityid=\"17\">\n<div id=\"swiper-wrapper-9e5ba9ad4e6103c97\" class=\"fc-carousel swiper-wrapper\" aria-live=\"polite\">\n<div class=\"fc-carousel-slide swiper-slide fc-visible swiper-slide-active fc-image-loaded\" role=\"group\" data-kjs-slide=\"0\" aria-label=\"1 \/ 4\" data-swiper-slide-index=\"0\">\n<div class=\"fg-wishlist-control\" data-kjs-app=\"wishlist\/control\" data-kjs-entityid=\"18\">\n<div data-kjs-view=\"controls\"><\/div>\n<\/div>\n<div data-kjs-app=\"content\/lightbox\" data-kjs-entityid=\"19\"><\/div>\n<\/div>\n<\/div>\n<\/div>\n<\/div>\n<\/div>\n<\/div>\n<\/section>\n<\/div>\n<\/div>","protected":false},"featured_media":17358,"comment_status":"open","ping_status":"closed","template":"","meta":[],"product_cat":[15,515,546],"product_tag":[],"class_list":{"0":"post-17351","1":"product","2":"type-product","3":"status-publish","4":"has-post-thumbnail","6":"product_cat-home-garden","7":"product_cat-oborudovanie-dlya-poliva","8":"product_cat-sadovaya-tehnika-home-garden","10":"first","11":"instock","12":"shipping-taxable","13":"purchasable","14":"product-type-simple"},"_links":{"self":[{"href":"https:\/\/karchershop.az\/az\/wp-json\/wp\/v2\/product\/17351","targetHints":{"allow":["GET"]}}],"collection":[{"href":"https:\/\/karchershop.az\/az\/wp-json\/wp\/v2\/product"}],"about":[{"href":"https:\/\/karchershop.az\/az\/wp-json\/wp\/v2\/types\/product"}],"replies":[{"embeddable":true,"href":"https:\/\/karchershop.az\/az\/wp-json\/wp\/v2\/comments?post=17351"}],"wp:featuredmedia":[{"embeddable":true,"href":"https:\/\/karchershop.az\/az\/wp-json\/wp\/v2\/media\/17358"}],"wp:attachment":[{"href":"https:\/\/karchershop.az\/az\/wp-json\/wp\/v2\/media?parent=17351"}],"wp:term":[{"taxonomy":"product_cat","embeddable":true,"href":"https:\/\/karchershop.az\/az\/wp-json\/wp\/v2\/product_cat?post=17351"},{"taxonomy":"product_tag","embeddable":true,"href":"https:\/\/karchershop.az\/az\/wp-json\/wp\/v2\/product_tag?post=17351"}],"curies":[{"name":"wp","href":"https:\/\/api.w.org\/{rel}","templated":true}]}}