{"id":17361,"date":"2026-05-12T17:53:59","date_gmt":"2026-05-12T13:53:59","guid":{"rendered":"https:\/\/karchershop.az\/?post_type=product&#038;p=17361"},"modified":"2026-05-12T17:55:57","modified_gmt":"2026-05-12T13:55:57","slug":"akkumulyator-36-v-5-0-a","status":"publish","type":"product","link":"https:\/\/karchershop.az\/az\/home-garden\/aksessuary\/aksessuary-dlya-minimoek\/akkumulyator-36-v-5-0-a","title":{"rendered":"Akumulyator 36 V \/ 5,0 Ah"},"content":{"rendered":"<div id=\"description\" class=\"row\" data-anchor=\"\u041e\u043f\u0438\u0441\u0430\u043d\u0438\u0435\">\n<div class=\"col-sm-12\">\n<blockquote><p><strong>C\u0259mi bir akkumulyator kifay\u0259t oldu\u011fu halda, niy\u0259 \u00e7ox sayda akkumulyatora sahib olmal\u0131s\u0131n\u0131z: K\u00e4rcher-in 36 V \/ 5 Ah d\u0259yi\u015fdiril\u0259 bil\u0259n akkumulyatoru 36 V K\u00e4rcher Battery Power platformas\u0131ndak\u0131 b\u00fct\u00fcn cihazlarda istifad\u0259 edil\u0259 bil\u0259r. Bu, bir ne\u00e7\u0259 batareyan\u0131n al\u0131nmas\u0131na q\u0259na\u0259t edir.\n\nAkkumulyator litium-ion elementl\u0259ri il\u0259 \u00e7al\u0131\u015f\u0131r. Batareyan\u0131n \u00f6z-\u00f6z\u00fcn\u0259 bo\u015falmas\u0131 v\u0259 tez-tez qism\u0259n bo\u015falma n\u0259tic\u0259sind\u0259 yaranan tutum itkisi (\"yadda\u015f effekti\") art\u0131q ke\u00e7mi\u015fd\u0259 qald\u0131. Daxili LCD displeyli innovativ \"Real Time\" (Real Vaxt) n\u0259zar\u0259t texnologiyas\u0131 qalan i\u015f vaxt\u0131n\u0131, \u015farj v\u0259ziyy\u0259tini v\u0259 akkumulyatorun tutumunu g\u00f6st\u0259rir. Korpusun toxunu\u015fda xo\u015f t\u0259sir ba\u011f\u0131\u015flayan yum\u015faq elementl\u0259ri say\u0259sind\u0259 is\u0259 akkumulyator h\u0259tta hamar v\u0259 ya maili s\u0259thl\u0259rd\u0259 bel\u0259 s\u00fcr\u00fc\u015fm\u00fcr.<\/strong><\/p><\/blockquote>\n<\/div>\n<\/div>\n<div id=\"featurebenefits\" data-anchor=\"\u041e\u0441\u043e\u0431\u0435\u043d\u043d\u043e\u0441\u0442\u0438 \u0438 \u043f\u0440\u0435\u0438\u043c\u0443\u0449\u0435\u0441\u0442\u0432\u0430\">\n<div style=\"width: 980px;\" class=\"wp-video\"><video class=\"wp-video-shortcode\" id=\"video-17361-1\" width=\"980\" height=\"551\" preload=\"metadata\" controls=\"controls\"><source type=\"video\/mp4\" src=\"https:\/\/karchershop.az\/wp-content\/uploads\/2026\/05\/36-v-kaercher-battery-power-products-trailer.mp4?_=1\" \/><a href=\"https:\/\/karchershop.az\/wp-content\/uploads\/2026\/05\/36-v-kaercher-battery-power-products-trailer.mp4\">https:\/\/karchershop.az\/wp-content\/uploads\/2026\/05\/36-v-kaercher-battery-power-products-trailer.mp4<\/a><\/video><\/div>\n<\/div>","protected":false},"excerpt":{"rendered":"<section id=\"ribbon\">\n<div class=\"container\">\n<div class=\"row\">\n<div class=\"col-sm-12 col-lg-9\">\n<p>Real vaxt texnologiyal\u0131 innovativ 36 V \/ 5,0 Ah d\u0259yi\u015fdiril\u0259 bil\u0259n akumulyator, batareyan\u0131n doldurulma s\u0259viyy\u0259sini g\u00f6st\u0259rm\u0259k \u00fc\u00e7\u00fcn daxili LCD displey\u0259 malikdir. K\u00e4rcher Battery Power 36 V platformas\u0131ndak\u0131 b\u00fct\u00fcn cihazlar \u00fc\u00e7\u00fcn uy\u011fundur.<\/p>\n<\/div>\n<\/div>\n<\/div>\n<\/section>\n<div class=\"fg-products-details-stage\" data-kjs-app=\"products\/details\/stage\" data-kjs-entityid=\"9\">\n<div data-kjs-view=\"main\">\n<section class=\"container\">\n<div class=\"row fc-stage\">\n<div class=\"col-sm-7 col-md-8 fc-left\">\n<div class=\"fc-media\">\n<div class=\"fg-content-carousel fg-carousel-wrapper swiper swiper-initialized swiper-horizontal swiper-watch-progress swiper-backface-hidden\" data-kjs-app=\"content\/carousel\" data-kjs-entityid=\"18\">\n<div id=\"swiper-wrapper-95dbd10e2e52c167\" class=\"fc-carousel swiper-wrapper\" aria-live=\"polite\">\n<div class=\"fc-carousel-slide swiper-slide fc-visible swiper-slide-active fc-image-loaded\" role=\"group\" data-kjs-slide=\"0\" aria-label=\"1 \/ 3\" data-swiper-slide-index=\"0\">\n<div class=\"fg-wishlist-control\" data-kjs-app=\"wishlist\/control\" data-kjs-entityid=\"19\">\n<div data-kjs-view=\"controls\"><\/div>\n<\/div>\n<div data-kjs-app=\"content\/lightbox\" data-kjs-entityid=\"20\"><\/div>\n<\/div>\n<\/div>\n<\/div>\n<\/div>\n<\/div>\n<\/div>\n<\/section>\n<\/div>\n<\/div>","protected":false},"featured_media":17371,"comment_status":"open","ping_status":"closed","template":"","meta":[],"product_cat":[15,567,569,71],"product_tag":[],"class_list":{"0":"post-17361","1":"product","2":"type-product","3":"status-publish","4":"has-post-thumbnail","6":"product_cat-home-garden","7":"product_cat-aksessuary","8":"product_cat-aksessuary-dlya-pylesososov","9":"product_cat-aksessuary-dlya-minimoek","11":"first","12":"instock","13":"shipping-taxable","14":"purchasable","15":"product-type-simple"},"_links":{"self":[{"href":"https:\/\/karchershop.az\/az\/wp-json\/wp\/v2\/product\/17361","targetHints":{"allow":["GET"]}}],"collection":[{"href":"https:\/\/karchershop.az\/az\/wp-json\/wp\/v2\/product"}],"about":[{"href":"https:\/\/karchershop.az\/az\/wp-json\/wp\/v2\/types\/product"}],"replies":[{"embeddable":true,"href":"https:\/\/karchershop.az\/az\/wp-json\/wp\/v2\/comments?post=17361"}],"wp:featuredmedia":[{"embeddable":true,"href":"https:\/\/karchershop.az\/az\/wp-json\/wp\/v2\/media\/17371"}],"wp:attachment":[{"href":"https:\/\/karchershop.az\/az\/wp-json\/wp\/v2\/media?parent=17361"}],"wp:term":[{"taxonomy":"product_cat","embeddable":true,"href":"https:\/\/karchershop.az\/az\/wp-json\/wp\/v2\/product_cat?post=17361"},{"taxonomy":"product_tag","embeddable":true,"href":"https:\/\/karchershop.az\/az\/wp-json\/wp\/v2\/product_tag?post=17361"}],"curies":[{"name":"wp","href":"https:\/\/api.w.org\/{rel}","templated":true}]}}