{"id":17374,"date":"2026-05-12T18:30:39","date_gmt":"2026-05-12T14:30:39","guid":{"rendered":"https:\/\/karchershop.az\/?post_type=product&#038;p=17374"},"modified":"2026-05-12T18:30:39","modified_gmt":"2026-05-12T14:30:39","slug":"nozhi-dlya-trimmerov-ltr-battery-2-sht","status":"publish","type":"product","link":"https:\/\/karchershop.az\/az\/home-garden\/sadovaya-tehnika-home-garden\/nozhi-dlya-trimmerov-ltr-battery-2-sht","title":{"rendered":"LTR Battery trimerl\u0259ri \u00fc\u00e7\u00fcn b\u0131\u00e7aqlar (2 \u0259d.)"},"content":{"rendered":"<div id=\"description\" class=\"row\" data-anchor=\"\u041e\u043f\u0438\u0441\u0430\u043d\u0438\u0435\">\n<div class=\"col-sm-12\">\n<p>Canl\u0131 \u00e7\u0259p\u0259rl\u0259rin alt\u0131nda bit\u0259n mam\u0131r, h\u0259ddind\u0259n art\u0131q b\u00f6y\u00fcm\u00fc\u015f alaq otlar\u0131 v\u0259 ya s\u0131x \u00e7\u0259m\u0259n otu il\u0259 asanl\u0131qla m\u00fcbariz\u0259 aparmaq m\u00fcmk\u00fcnd\u00fcr. \u0130ki t\u0259r\u0259fli b\u0131\u00e7aqla t\u0259chiz edilmi\u015f y\u00fcks\u0259k keyfiyy\u0259tli bu b\u0131\u00e7aq, K\u00e4rcher Battery Power 18 V v\u0259 36 V akkumulyator platformalar\u0131ndak\u0131 b\u00fct\u00fcn trimerl\u0259rl\u0259 uy\u011fun g\u0259lir. 2 \u0259d\u0259dlik paketl\u0259rd\u0259 t\u0259qdim olunan bu b\u0131\u00e7aqlar, ba\u011f\u0131n qazoni\u00e7\u0259n ma\u015f\u0131nla h\u0259r\u0259k\u0259t etm\u0259yin \u00e7\u0259tin oldu\u011fu yerl\u0259rind\u0259 m\u00fcr\u0259kk\u0259b i\u015fl\u0259rin yerin\u0259 yetirilm\u0259si \u00fc\u00e7\u00fcn m\u00fck\u0259mm\u0259l se\u00e7imdir.<\/p>\n<\/div>\n<\/div>\n<div id=\"featurebenefits\" data-anchor=\"\u041e\u0441\u043e\u0431\u0435\u043d\u043d\u043e\u0441\u0442\u0438 \u0438 \u043f\u0440\u0435\u0438\u043c\u0443\u0449\u0435\u0441\u0442\u0432\u0430\"><\/div>","protected":false},"excerpt":{"rendered":"<section id=\"ribbon\">\n<div class=\"container\">\n<div class=\"row\">\n<div class=\"col-sm-12 col-lg-9\">\n<p>Ba\u011f\u0131n \u00e7\u0259tin ke\u00e7il\u0259n yerl\u0259rind\u0259 v\u0259h\u015fi otlar\u0131n bi\u00e7ilm\u0259sini \"Battery Power\" 18 V v\u0259 36 V platformal\u0131 b\u00fct\u00fcn K\u00e4rcher trimerl\u0259rin\u0259 uy\u011fun g\u0259l\u0259n iki t\u0259r\u0259fli b\u0131\u00e7aq t\u0259min edir.<\/p>\n<\/div>\n<\/div>\n<\/div>\n<\/section>\n<div class=\"fg-products-details-stage\" data-kjs-app=\"products\/details\/stage\" data-kjs-entityid=\"9\">\n<div data-kjs-view=\"main\">\n<section class=\"container\">\n<div class=\"row fc-stage\">\n<div class=\"col-sm-7 col-md-8 fc-left\">\n<div class=\"fc-media\">\n<div class=\"fg-content-carousel fg-carousel-wrapper swiper swiper-initialized swiper-horizontal swiper-watch-progress swiper-backface-hidden\" data-kjs-app=\"content\/carousel\" data-kjs-entityid=\"15\">\n<div id=\"swiper-wrapper-2e2bb6f34451bbb7\" class=\"fc-carousel swiper-wrapper\" aria-live=\"polite\">\n<div class=\"fc-carousel-slide swiper-slide fc-visible swiper-slide-active fc-image-loaded\" role=\"group\" data-kjs-slide=\"0\" aria-label=\"1 \/ 2\" data-swiper-slide-index=\"0\">\n<div class=\"fg-wishlist-control\" data-kjs-app=\"wishlist\/control\" data-kjs-entityid=\"16\">\n<div data-kjs-view=\"controls\"><\/div>\n<\/div>\n<div data-kjs-app=\"content\/lightbox\" data-kjs-entityid=\"17\"><\/div>\n<\/div>\n<\/div>\n<\/div>\n<\/div>\n<\/div>\n<\/div>\n<\/section>\n<\/div>\n<\/div>","protected":false},"featured_media":17375,"comment_status":"open","ping_status":"closed","template":"","meta":[],"product_cat":[15,546,567],"product_tag":[],"class_list":{"0":"post-17374","1":"product","2":"type-product","3":"status-publish","4":"has-post-thumbnail","6":"product_cat-home-garden","7":"product_cat-sadovaya-tehnika-home-garden","8":"product_cat-aksessuary","10":"first","11":"instock","12":"shipping-taxable","13":"purchasable","14":"product-type-simple"},"_links":{"self":[{"href":"https:\/\/karchershop.az\/az\/wp-json\/wp\/v2\/product\/17374","targetHints":{"allow":["GET"]}}],"collection":[{"href":"https:\/\/karchershop.az\/az\/wp-json\/wp\/v2\/product"}],"about":[{"href":"https:\/\/karchershop.az\/az\/wp-json\/wp\/v2\/types\/product"}],"replies":[{"embeddable":true,"href":"https:\/\/karchershop.az\/az\/wp-json\/wp\/v2\/comments?post=17374"}],"wp:featuredmedia":[{"embeddable":true,"href":"https:\/\/karchershop.az\/az\/wp-json\/wp\/v2\/media\/17375"}],"wp:attachment":[{"href":"https:\/\/karchershop.az\/az\/wp-json\/wp\/v2\/media?parent=17374"}],"wp:term":[{"taxonomy":"product_cat","embeddable":true,"href":"https:\/\/karchershop.az\/az\/wp-json\/wp\/v2\/product_cat?post=17374"},{"taxonomy":"product_tag","embeddable":true,"href":"https:\/\/karchershop.az\/az\/wp-json\/wp\/v2\/product_tag?post=17374"}],"curies":[{"name":"wp","href":"https:\/\/api.w.org\/{rel}","templated":true}]}}