{"id":17379,"date":"2026-05-12T18:55:14","date_gmt":"2026-05-12T14:55:14","guid":{"rendered":"https:\/\/karchershop.az\/?post_type=product&#038;p=17379"},"modified":"2026-05-12T18:56:19","modified_gmt":"2026-05-12T14:56:19","slug":"katushka-s-leskoj-diametrom-1-6-mm","status":"publish","type":"product","link":"https:\/\/karchershop.az\/az\/home-garden\/sadovaya-tehnika-home-garden\/katushka-s-leskoj-diametrom-1-6-mm","title":{"rendered":"1,6 mm diametrli simli makara"},"content":{"rendered":"<div id=\"description\" class=\"row\" data-anchor=\"\u041e\u043f\u0438\u0441\u0430\u043d\u0438\u0435\">\n<div class=\"col-sm-12\">\n<p>K\u00e4rcher trimerind\u0259ki vurulmu\u015f simli makara, simi i\u015f sah\u0259sin\u0259 avtomatik \u00f6t\u00fcr\u0259r\u0259k m\u00fck\u0259mm\u0259l k\u0259sim \u00fc\u00e7\u00fcn optimal uzunlu\u011fu t\u0259min edir. Makaran\u0131n d\u0259yi\u015fdirilm\u0259si al\u0259tsiz v\u0259 s\u00fcr\u0259tli \u015f\u0259kild\u0259 h\u0259yata ke\u00e7irilir ki, bu da istifad\u0259ni maksimum d\u0259r\u0259c\u0259d\u0259 rahatla\u015fd\u0131r\u0131r. Kompakt v\u0259 manevr qabiliyy\u0259tli olan trimer, adi qazonbi\u00e7\u0259nl\u0259rin \u00e7\u0259tinlik \u00e7\u0259kdiyi divar k\u0259narlar\u0131 v\u0259 kollar\u0131n \u0259traf\u0131ndak\u0131 sah\u0259l\u0259rin \u00f6hd\u0259sind\u0259n asanl\u0131qla g\u0259lir. Cihaz\u0131n a\u015fa\u011f\u0131 s\u0259s s\u0259viyy\u0259si istifad\u0259 zaman\u0131 rahatl\u0131q yarad\u0131r, LTR 18-25 Battery v\u0259 LTR 18-30 Battery modell\u0259ri is\u0259 ba\u011f\u0131n \u0259n m\u00fcr\u0259kk\u0259b k\u00fcncl\u0259rind\u0259 bel\u0259 q\u00fcsursuz hamar qazon yaratmaq \u00fc\u00e7\u00fcn ideal se\u00e7imdir.<\/p>\n<\/div>\n<\/div>\n<div id=\"featurebenefits\" data-anchor=\"\u041e\u0441\u043e\u0431\u0435\u043d\u043d\u043e\u0441\u0442\u0438 \u0438 \u043f\u0440\u0435\u0438\u043c\u0443\u0449\u0435\u0441\u0442\u0432\u0430\"><\/div>","protected":false},"excerpt":{"rendered":"<section id=\"ribbon\">\n<div class=\"container\">\n<div class=\"row\">\n<div class=\"col-sm-12 col-lg-9\">\n<p>Vurulmu\u015f simli makara, \u00e7\u0259tin \u0259l\u00e7atan yerl\u0259rd\u0259 bel\u0259 m\u00fck\u0259mm\u0259l k\u0259sim keyfiyy\u0259tin\u0259 z\u0259man\u0259t verir. LTR 18-25 Battery v\u0259 LTR 18-30 Battery modell\u0259ri \u00fc\u00e7\u00fcn uy\u011fundur.<\/p>\n<\/div>\n<\/div>\n<\/div>\n<\/section>\n<div class=\"fg-products-details-stage\" data-kjs-app=\"products\/details\/stage\" data-kjs-entityid=\"9\">\n<div data-kjs-view=\"main\">\n<section class=\"container\">\n<div class=\"row fc-stage\">\n<div class=\"col-sm-7 col-md-8 fc-left\">\n<div class=\"fc-media\">\n<div class=\"fg-content-carousel fg-carousel-wrapper swiper swiper-initialized swiper-horizontal swiper-watch-progress swiper-backface-hidden\" data-kjs-app=\"content\/carousel\" data-kjs-entityid=\"15\">\n<div id=\"swiper-wrapper-29bd9a3a10d55f4b6\" class=\"fc-carousel swiper-wrapper\" aria-live=\"polite\">\n<div class=\"fc-carousel-slide swiper-slide fc-visible swiper-slide-active fc-image-loaded\" role=\"group\" data-kjs-slide=\"0\" aria-label=\"1 \/ 2\" data-swiper-slide-index=\"0\">\n<div class=\"fg-wishlist-control\" data-kjs-app=\"wishlist\/control\" data-kjs-entityid=\"16\">\n<div data-kjs-view=\"controls\"><\/div>\n<\/div>\n<div data-kjs-app=\"content\/lightbox\" data-kjs-entityid=\"17\"><\/div>\n<\/div>\n<\/div>\n<\/div>\n<\/div>\n<\/div>\n<\/div>\n<\/section>\n<\/div>\n<\/div>","protected":false},"featured_media":17382,"comment_status":"open","ping_status":"closed","template":"","meta":[],"product_cat":[15,546,567],"product_tag":[],"class_list":{"0":"post-17379","1":"product","2":"type-product","3":"status-publish","4":"has-post-thumbnail","6":"product_cat-home-garden","7":"product_cat-sadovaya-tehnika-home-garden","8":"product_cat-aksessuary","10":"first","11":"instock","12":"shipping-taxable","13":"purchasable","14":"product-type-simple"},"_links":{"self":[{"href":"https:\/\/karchershop.az\/az\/wp-json\/wp\/v2\/product\/17379","targetHints":{"allow":["GET"]}}],"collection":[{"href":"https:\/\/karchershop.az\/az\/wp-json\/wp\/v2\/product"}],"about":[{"href":"https:\/\/karchershop.az\/az\/wp-json\/wp\/v2\/types\/product"}],"replies":[{"embeddable":true,"href":"https:\/\/karchershop.az\/az\/wp-json\/wp\/v2\/comments?post=17379"}],"wp:featuredmedia":[{"embeddable":true,"href":"https:\/\/karchershop.az\/az\/wp-json\/wp\/v2\/media\/17382"}],"wp:attachment":[{"href":"https:\/\/karchershop.az\/az\/wp-json\/wp\/v2\/media?parent=17379"}],"wp:term":[{"taxonomy":"product_cat","embeddable":true,"href":"https:\/\/karchershop.az\/az\/wp-json\/wp\/v2\/product_cat?post=17379"},{"taxonomy":"product_tag","embeddable":true,"href":"https:\/\/karchershop.az\/az\/wp-json\/wp\/v2\/product_tag?post=17379"}],"curies":[{"name":"wp","href":"https:\/\/api.w.org\/{rel}","templated":true}]}}