{"id":17384,"date":"2026-05-13T10:03:04","date_gmt":"2026-05-13T06:03:04","guid":{"rendered":"https:\/\/karchershop.az\/?post_type=product&#038;p=17384"},"modified":"2026-05-13T10:03:05","modified_gmt":"2026-05-13T06:03:05","slug":"nakonechnik-dlya-poliva","status":"publish","type":"product","link":"https:\/\/karchershop.az\/az\/home-garden\/oborudovanie-dlya-poliva\/nakonechnik-dlya-poliva","title":{"rendered":"Suvarma ba\u015fl\u0131\u011f\u0131"},"content":{"rendered":"<div id=\"description\" class=\"row\" data-anchor=\"\u041e\u043f\u0438\u0441\u0430\u043d\u0438\u0435\">\n<div class=\"col-sm-12\">\n<blockquote><p><strong>Ki\u00e7ik ba\u015fl\u0131q ba\u011f\u0131n sad\u0259 suvar\u0131lmas\u0131 \u00fc\u00e7\u00fcn ideal se\u00e7imdir. \u015e\u0131rnaq rejimind\u0259n konusvari rejim\u0259 r\u0259van ke\u00e7id h\u0259m g\u00fcll\u0259rin v\u0259 l\u0259kl\u0259rin rahat suvar\u0131lmas\u0131na, h\u0259m d\u0259 terras v\u0259 ba\u011f mebelind\u0259ki kirl\u0259rin effektiv \u015f\u0259kild\u0259 yuyulmas\u0131na imkan verir. \u0130\u015f zaman\u0131 fasil\u0259 verdikd\u0259, ba\u015fl\u0131qdan g\u0259l\u0259n su ax\u0131n\u0131n\u0131 asanl\u0131qla dayand\u0131rmaq m\u00fcmk\u00fcnd\u00fcr. B\u00fct\u00fcn K\u00e4rcher suvarma ba\u015fl\u0131qlar\u0131 s\u00fcr\u0259tli qo\u015fulma sistemi il\u0259 t\u0259chiz olunub v\u0259 ba\u011f \u015flanq\u0131na asanl\u0131qla birl\u0259\u015fdirilir.<\/strong><\/p>\n<div style=\"width: 980px;\" class=\"wp-video\"><video class=\"wp-video-shortcode\" id=\"video-17384-1\" width=\"980\" height=\"551\" preload=\"metadata\" controls=\"controls\"><source type=\"video\/mp4\" src=\"https:\/\/karchershop.az\/wp-content\/uploads\/2026\/05\/cbc29f595439f17e4b636a5ecd1d9e606f48a5e5a88c95df6887f9367316f0e3838519e31c15ac98448f6b6beb86c33e9c230152aa6c8183dd39b100b088232d.mp4?_=1\" \/><a href=\"https:\/\/karchershop.az\/wp-content\/uploads\/2026\/05\/cbc29f595439f17e4b636a5ecd1d9e606f48a5e5a88c95df6887f9367316f0e3838519e31c15ac98448f6b6beb86c33e9c230152aa6c8183dd39b100b088232d.mp4\">https:\/\/karchershop.az\/wp-content\/uploads\/2026\/05\/cbc29f595439f17e4b636a5ecd1d9e606f48a5e5a88c95df6887f9367316f0e3838519e31c15ac98448f6b6beb86c33e9c230152aa6c8183dd39b100b088232d.mp4<\/a><\/video><\/div><\/blockquote>\n<\/div>\n<\/div>\n<div id=\"featurebenefits\" data-anchor=\"\u041e\u0441\u043e\u0431\u0435\u043d\u043d\u043e\u0441\u0442\u0438 \u0438 \u043f\u0440\u0435\u0438\u043c\u0443\u0449\u0435\u0441\u0442\u0432\u0430\"><\/div>","protected":false},"excerpt":{"rendered":"<section id=\"ribbon\">\n<div class=\"container\">\n<div class=\"row\">\n<div class=\"col-sm-12 col-lg-9\">\n<p>Ki\u00e7ik, rahat v\u0259 ba\u011f \u015flanq\u0131na asanl\u0131qla qo\u015fulan: sad\u0259 suvarma tap\u015f\u0131r\u0131qlar\u0131 \u00fc\u00e7\u00fcn ideal ba\u015fl\u0131qd\u0131r.<\/p>\n<\/div>\n<\/div>\n<\/div>\n<\/section>\n<div class=\"fg-products-details-stage\" data-kjs-app=\"products\/details\/stage\" data-kjs-entityid=\"9\">\n<div data-kjs-view=\"main\">\n<section class=\"container\">\n<div class=\"row fc-stage\">\n<div class=\"col-sm-7 col-md-8 fc-left\">\n<div class=\"fc-media\">\n<div class=\"fg-content-carousel fg-carousel-wrapper swiper swiper-initialized swiper-horizontal swiper-watch-progress swiper-backface-hidden\" data-kjs-app=\"content\/carousel\" data-kjs-entityid=\"17\">\n<div id=\"swiper-wrapper-696efc6936e6db6e\" class=\"fc-carousel swiper-wrapper\" aria-live=\"polite\">\n<div class=\"fc-carousel-slide swiper-slide fc-visible swiper-slide-active fc-image-loaded\" role=\"group\" data-kjs-slide=\"0\" aria-label=\"1 \/ 4\" data-swiper-slide-index=\"0\">\n<div class=\"fg-wishlist-control\" data-kjs-app=\"wishlist\/control\" data-kjs-entityid=\"18\">\n<div data-kjs-view=\"controls\"><\/div>\n<\/div>\n<\/div>\n<\/div>\n<\/div>\n<\/div>\n<\/div>\n<\/div>\n<\/section>\n<\/div>\n<\/div>","protected":false},"featured_media":17385,"comment_status":"open","ping_status":"closed","template":"","meta":[],"product_cat":[15,515,546],"product_tag":[],"class_list":{"0":"post-17384","1":"product","2":"type-product","3":"status-publish","4":"has-post-thumbnail","6":"product_cat-home-garden","7":"product_cat-oborudovanie-dlya-poliva","8":"product_cat-sadovaya-tehnika-home-garden","10":"first","11":"instock","12":"shipping-taxable","13":"purchasable","14":"product-type-simple"},"_links":{"self":[{"href":"https:\/\/karchershop.az\/az\/wp-json\/wp\/v2\/product\/17384","targetHints":{"allow":["GET"]}}],"collection":[{"href":"https:\/\/karchershop.az\/az\/wp-json\/wp\/v2\/product"}],"about":[{"href":"https:\/\/karchershop.az\/az\/wp-json\/wp\/v2\/types\/product"}],"replies":[{"embeddable":true,"href":"https:\/\/karchershop.az\/az\/wp-json\/wp\/v2\/comments?post=17384"}],"wp:featuredmedia":[{"embeddable":true,"href":"https:\/\/karchershop.az\/az\/wp-json\/wp\/v2\/media\/17385"}],"wp:attachment":[{"href":"https:\/\/karchershop.az\/az\/wp-json\/wp\/v2\/media?parent=17384"}],"wp:term":[{"taxonomy":"product_cat","embeddable":true,"href":"https:\/\/karchershop.az\/az\/wp-json\/wp\/v2\/product_cat?post=17384"},{"taxonomy":"product_tag","embeddable":true,"href":"https:\/\/karchershop.az\/az\/wp-json\/wp\/v2\/product_tag?post=17384"}],"curies":[{"name":"wp","href":"https:\/\/api.w.org\/{rel}","templated":true}]}}