{"id":17391,"date":"2026-05-13T10:44:57","date_gmt":"2026-05-13T06:44:57","guid":{"rendered":"https:\/\/karchershop.az\/?post_type=product&#038;p=17391"},"modified":"2026-05-13T10:44:57","modified_gmt":"2026-05-13T06:44:57","slug":"bystrozaryadnyj-komplekt-36-v-5-0-a","status":"publish","type":"product","link":"https:\/\/karchershop.az\/az\/home-garden\/aksessuary\/aksessuary-dlya-minimoek\/bystrozaryadnyj-komplekt-36-v-5-0-a","title":{"rendered":"36 V 5,0 A s\u00fcr\u0259tli \u015farj d\u0259sti"},"content":{"rendered":"<div id=\"description\" class=\"row\" data-anchor=\"\u041e\u043f\u0438\u0441\u0430\u043d\u0438\u0435\">\n<div class=\"col-sm-12\">\n<p>K\u00e4rcher Battery Power 36\/50 s\u00fcr\u0259tli \u015farj d\u0259stind\u0259ki s\u00fcr\u0259tli \u015farj cihaz\u0131, K\u00e4rcher 36 V \/ 5,0 Ah akkumulyatorunu c\u0259mi 1,5 saata 80%-\u0259 q\u0259d\u0259r \u015farj edir. D\u0259st K\u00e4rcher 36 V akkumulyator platformas\u0131ndak\u0131 b\u00fct\u00fcn cihazlarda istifad\u0259 \u00fc\u00e7\u00fcn uy\u011fundur.<\/p>\n<\/div>\n<\/div>\n<div id=\"featurebenefits\" data-anchor=\"\u041e\u0441\u043e\u0431\u0435\u043d\u043d\u043e\u0441\u0442\u0438 \u0438 \u043f\u0440\u0435\u0438\u043c\u0443\u0449\u0435\u0441\u0442\u0432\u0430\"><\/div>","protected":false},"excerpt":{"rendered":"<section id=\"ribbon\">\n<div class=\"container\">\n<div class=\"row\">\n<div class=\"col-sm-12 col-lg-9\">\n<p>Battery Power 36\/50 s\u00fcr\u0259tli \u015farj d\u0259sti 36 V \/ 5,0 Ah d\u0259yi\u015fdiril\u0259 bil\u0259n akkumulyator v\u0259 36 V s\u00fcr\u0259tli \u015farj cihaz\u0131ndan ibar\u0259tdir. K\u00e4rcher 36 V akkumulyator platformas\u0131ndak\u0131 b\u00fct\u00fcn cihazlarda istifad\u0259 \u00fc\u00e7\u00fcn uy\u011fundur.<\/p>\n<\/div>\n<\/div>\n<\/div>\n<\/section>\n<div class=\"fg-products-details-stage\" data-kjs-app=\"products\/details\/stage\" data-kjs-entityid=\"9\">\n<div data-kjs-view=\"main\">\n<section class=\"container\">\n<div class=\"row fc-stage\">\n<div class=\"col-sm-7 col-md-8 fc-left\">\n<div class=\"fc-media\">\n<div class=\"fg-content-carousel fg-carousel-wrapper swiper swiper-initialized swiper-horizontal swiper-watch-progress swiper-backface-hidden\" data-kjs-app=\"content\/carousel\" data-kjs-entityid=\"16\">\n<div id=\"swiper-wrapper-9ba2be54773475ae\" class=\"fc-carousel swiper-wrapper\" aria-live=\"polite\">\n<div class=\"fc-carousel-slide swiper-slide fc-image-loaded\" role=\"group\" data-kjs-slide=\"0\" aria-label=\"1 \/ 5\" data-swiper-slide-index=\"0\">\n<div class=\"fg-wishlist-control\" data-kjs-app=\"wishlist\/control\" data-kjs-entityid=\"17\">\n<div data-kjs-view=\"controls\"><\/div>\n<\/div>\n<div data-kjs-app=\"content\/lightbox\" data-kjs-entityid=\"18\"><\/div>\n<\/div>\n<\/div>\n<\/div>\n<\/div>\n<\/div>\n<\/div>\n<\/section>\n<\/div>\n<\/div>","protected":false},"featured_media":17392,"comment_status":"open","ping_status":"closed","template":"","meta":[],"product_cat":[15,546,567,569,71],"product_tag":[],"class_list":{"0":"post-17391","1":"product","2":"type-product","3":"status-publish","4":"has-post-thumbnail","6":"product_cat-home-garden","7":"product_cat-sadovaya-tehnika-home-garden","8":"product_cat-aksessuary","9":"product_cat-aksessuary-dlya-pylesososov","10":"product_cat-aksessuary-dlya-minimoek","12":"first","13":"instock","14":"shipping-taxable","15":"purchasable","16":"product-type-simple"},"_links":{"self":[{"href":"https:\/\/karchershop.az\/az\/wp-json\/wp\/v2\/product\/17391","targetHints":{"allow":["GET"]}}],"collection":[{"href":"https:\/\/karchershop.az\/az\/wp-json\/wp\/v2\/product"}],"about":[{"href":"https:\/\/karchershop.az\/az\/wp-json\/wp\/v2\/types\/product"}],"replies":[{"embeddable":true,"href":"https:\/\/karchershop.az\/az\/wp-json\/wp\/v2\/comments?post=17391"}],"wp:featuredmedia":[{"embeddable":true,"href":"https:\/\/karchershop.az\/az\/wp-json\/wp\/v2\/media\/17392"}],"wp:attachment":[{"href":"https:\/\/karchershop.az\/az\/wp-json\/wp\/v2\/media?parent=17391"}],"wp:term":[{"taxonomy":"product_cat","embeddable":true,"href":"https:\/\/karchershop.az\/az\/wp-json\/wp\/v2\/product_cat?post=17391"},{"taxonomy":"product_tag","embeddable":true,"href":"https:\/\/karchershop.az\/az\/wp-json\/wp\/v2\/product_tag?post=17391"}],"curies":[{"name":"wp","href":"https:\/\/api.w.org\/{rel}","templated":true}]}}