{"id":17405,"date":"2026-05-13T12:09:40","date_gmt":"2026-05-13T08:09:40","guid":{"rendered":"https:\/\/karchershop.az\/?post_type=product&#038;p=17405"},"modified":"2026-05-13T12:09:40","modified_gmt":"2026-05-13T08:09:40","slug":"akkumulyator-18-v-2-5-a","status":"publish","type":"product","link":"https:\/\/karchershop.az\/az\/home-garden\/aksessuary\/aksessuary-dlya-minimoek\/akkumulyator-18-v-2-5-a","title":{"rendered":"18 V 2,5 A Akkumulyator"},"content":{"rendered":"<blockquote>\n<div id=\"description\" class=\"row\" data-anchor=\"\u041e\u043f\u0438\u0441\u0430\u043d\u0438\u0435\">\n<div class=\"col-sm-12\">\n<p><strong>Akkumulyatorun v\u0259ziyy\u0259tini innovativ \"Real vaxt\" texnologiyas\u0131 say\u0259sind\u0259 g\u00f6rm\u0259k m\u00fcmk\u00fcnd\u00fcr: daxili LCD displey istifad\u0259 etdiyiniz cihazdan as\u0131l\u0131 olaraq qalan i\u015f vaxt\u0131n\u0131, qalan \u015farj m\u00fcdd\u0259tini v\u0259 \u015farj v\u0259ziyy\u0259tini g\u00f6st\u0259rir. Litium-ion elementl\u0259ri sabit m\u0259hsuldarl\u0131\u011fa z\u0259man\u0259t verir, \u00f6z-\u00f6z\u00fcn\u0259 bo\u015falman\u0131n v\u0259 yadda\u015f effektinin (tez-tez qism\u0259n bo\u015falma s\u0259b\u0259bind\u0259n tutumun itirilm\u0259si) qar\u015f\u0131s\u0131n\u0131 al\u0131r. 18 V \/ 2,5 Ah d\u0259yi\u015fdiril\u0259 bil\u0259n akkumulyator K\u00e4rcher 18 V Battery Power platformas\u0131ndak\u0131 b\u00fct\u00fcn cihazlarda istifad\u0259 \u00fc\u00e7\u00fcn uy\u011fundur.<\/strong><\/p>\n<\/div>\n<\/div>\n<div id=\"featurebenefits\" data-anchor=\"\u041e\u0441\u043e\u0431\u0435\u043d\u043d\u043e\u0441\u0442\u0438 \u0438 \u043f\u0440\u0435\u0438\u043c\u0443\u0449\u0435\u0441\u0442\u0432\u0430\">\n<div style=\"width: 980px;\" class=\"wp-video\"><video class=\"wp-video-shortcode\" id=\"video-17405-1\" width=\"980\" height=\"551\" preload=\"metadata\" controls=\"controls\"><source type=\"video\/mp4\" src=\"https:\/\/karchershop.az\/wp-content\/uploads\/2026\/05\/kaercher-battery-power-features.mp4?_=1\" \/><a href=\"https:\/\/karchershop.az\/wp-content\/uploads\/2026\/05\/kaercher-battery-power-features.mp4\">https:\/\/karchershop.az\/wp-content\/uploads\/2026\/05\/kaercher-battery-power-features.mp4<\/a><\/video><\/div>\n<\/div>\n<\/blockquote>","protected":false},"excerpt":{"rendered":"<section id=\"ribbon\">\n<div class=\"container\">\n<div class=\"row\">\n<div class=\"col-sm-12 col-lg-9\">\n<p>\u0130nnovativ \"Real vaxt\" texnologiyas\u0131na malik 18 V \/ 2,5 Ah d\u0259yi\u015fdiril\u0259 bil\u0259n akkumulyator, batareyan\u0131n \u015farj s\u0259viyy\u0259sini g\u00f6st\u0259rm\u0259k \u00fc\u00e7\u00fcn daxili LCD displeyl\u0259 t\u0259chiz olunub. K\u00e4rcher 18 V Battery Power platformas\u0131ndak\u0131 b\u00fct\u00fcn cihazlarda istifad\u0259 \u00fc\u00e7\u00fcn uy\u011fundur.<\/p>\n<\/div>\n<\/div>\n<\/div>\n<\/section>\n<div class=\"fg-products-details-stage\" data-kjs-app=\"products\/details\/stage\" data-kjs-entityid=\"9\">\n<div data-kjs-view=\"main\">\n<section class=\"container\">\n<div class=\"row fc-stage\">\n<div class=\"col-sm-7 col-md-8 fc-left\">\n<div class=\"fc-media\">\n<div class=\"fg-content-carousel fg-carousel-wrapper swiper swiper-initialized swiper-horizontal swiper-watch-progress swiper-backface-hidden\" data-kjs-app=\"content\/carousel\" data-kjs-entityid=\"17\">\n<div id=\"swiper-wrapper-b088ae727182e64a\" class=\"fc-carousel swiper-wrapper\" aria-live=\"polite\">\n<div class=\"fc-carousel-slide swiper-slide fc-image-loaded swiper-slide-prev\" role=\"group\" data-kjs-slide=\"0\" aria-label=\"1 \/ 3\" data-swiper-slide-index=\"0\">\n<div class=\"fg-wishlist-control\" data-kjs-app=\"wishlist\/control\" data-kjs-entityid=\"18\">\n<div data-kjs-view=\"controls\"><\/div>\n<\/div>\n<div data-kjs-app=\"content\/lightbox\" data-kjs-entityid=\"19\"><\/div>\n<\/div>\n<\/div>\n<\/div>\n<\/div>\n<\/div>\n<\/div>\n<\/section>\n<\/div>\n<\/div>","protected":false},"featured_media":17408,"comment_status":"open","ping_status":"closed","template":"","meta":[],"product_cat":[15,546,567,569,71],"product_tag":[],"class_list":{"0":"post-17405","1":"product","2":"type-product","3":"status-publish","4":"has-post-thumbnail","6":"product_cat-home-garden","7":"product_cat-sadovaya-tehnika-home-garden","8":"product_cat-aksessuary","9":"product_cat-aksessuary-dlya-pylesososov","10":"product_cat-aksessuary-dlya-minimoek","12":"first","13":"instock","14":"shipping-taxable","15":"purchasable","16":"product-type-simple"},"_links":{"self":[{"href":"https:\/\/karchershop.az\/az\/wp-json\/wp\/v2\/product\/17405","targetHints":{"allow":["GET"]}}],"collection":[{"href":"https:\/\/karchershop.az\/az\/wp-json\/wp\/v2\/product"}],"about":[{"href":"https:\/\/karchershop.az\/az\/wp-json\/wp\/v2\/types\/product"}],"replies":[{"embeddable":true,"href":"https:\/\/karchershop.az\/az\/wp-json\/wp\/v2\/comments?post=17405"}],"wp:featuredmedia":[{"embeddable":true,"href":"https:\/\/karchershop.az\/az\/wp-json\/wp\/v2\/media\/17408"}],"wp:attachment":[{"href":"https:\/\/karchershop.az\/az\/wp-json\/wp\/v2\/media?parent=17405"}],"wp:term":[{"taxonomy":"product_cat","embeddable":true,"href":"https:\/\/karchershop.az\/az\/wp-json\/wp\/v2\/product_cat?post=17405"},{"taxonomy":"product_tag","embeddable":true,"href":"https:\/\/karchershop.az\/az\/wp-json\/wp\/v2\/product_tag?post=17405"}],"curies":[{"name":"wp","href":"https:\/\/api.w.org\/{rel}","templated":true}]}}