{"id":17424,"date":"2026-05-13T13:26:08","date_gmt":"2026-05-13T09:26:08","guid":{"rendered":"https:\/\/karchershop.az\/?post_type=product&#038;p=17424"},"modified":"2026-05-13T13:26:10","modified_gmt":"2026-05-13T09:26:10","slug":"shhetka-nasadka-ps-30","status":"publish","type":"product","link":"https:\/\/karchershop.az\/az\/home-garden\/aksessuary\/aksessuary-dlya-minimoek\/shhetka-nasadka-ps-30","title":{"rendered":"PS 30 f\u0131r\u00e7a-ucluq"},"content":{"rendered":"<div id=\"description\" class=\"row\" data-anchor=\"\u041e\u043f\u0438\u0441\u0430\u043d\u0438\u0435\">\n<div class=\"col-sm-12\">\n<blockquote><p><strong>PS 30 f\u0131r\u00e7a-uclu\u011fu m\u00fcxt\u0259lif s\u0259thl\u0259rd\u0259 \u00fcst\u00fcn t\u0259mizl\u0259m\u0259 n\u0259tic\u0259l\u0259rini t\u0259min edir. Bu, h\u0259tta inadkar \u00e7irkl\u0259ri bel\u0259 par\u00e7alayan \u00fc\u00e7 \u0259d\u0259d y\u00fcks\u0259k t\u0259zyiqli forsunkalar say\u0259sind\u0259 m\u00fcmk\u00fcn olur. Bu x\u00fcsusiyy\u0259t PS 30-u pill\u0259k\u0259nl\u0259r v\u0259 s\u0259th k\u0259narlar\u0131 kimi ki\u00e7ik v\u0259 orta \u00f6l\u00e7\u00fcl\u00fc sah\u0259l\u0259rin etibarl\u0131 t\u0259mizl\u0259nm\u0259si \u00fc\u00e7\u00fcn ideal vasit\u0259y\u0259 \u00e7evirir.\n\n\u00c7\u0259tin \u0259l\u00e7atan yerl\u0259ri t\u0259mizl\u0259m\u0259k \u00fc\u00e7\u00fcn f\u0131r\u00e7an\u0131n ba\u015fl\u0131\u011f\u0131 360\u00b0 d\u00f6nd\u0259ril\u0259 bilir. G\u00f6vd\u0259sind\u0259 art\u0131q \u00e7irkli suyu s\u00fcr\u0259tl\u0259 k\u0259narla\u015fd\u0131ran v\u0259 s\u0259thl\u0259ri d\u0259rhal istifad\u0259y\u0259 haz\u0131r ed\u0259n x\u00fcsusi su\u00e7\u0259k\u0259n rezin (styajka) m\u00f6vcuddur. Y\u00fcks\u0259k t\u0259zyiqli \u015f\u0131rnaq v\u0259 f\u0131r\u00e7an\u0131n mexaniki t\u0259sirinin bu kombinasiyas\u0131 b\u00fct\u00fcn standart \u015fvabralar\u0131 gerid\u0259 qoyur v\u0259 K\u00e4rcher-in K 2 \u2013 K 7 sinfin\u0259 aid olan b\u00fct\u00fcn y\u00fcks\u0259k t\u0259zyiqli yuma cihazlar\u0131 il\u0259 birg\u0259 istifad\u0259 edil\u0259 bil\u0259r.<\/strong><\/p>\n<div style=\"width: 980px;\" class=\"wp-video\"><video class=\"wp-video-shortcode\" id=\"video-17424-1\" width=\"980\" height=\"551\" preload=\"metadata\" controls=\"controls\"><source type=\"video\/mp4\" src=\"https:\/\/karchershop.az\/wp-content\/uploads\/2026\/05\/power-scrubber-ps-30.mp4?_=1\" \/><a href=\"https:\/\/karchershop.az\/wp-content\/uploads\/2026\/05\/power-scrubber-ps-30.mp4\">https:\/\/karchershop.az\/wp-content\/uploads\/2026\/05\/power-scrubber-ps-30.mp4<\/a><\/video><\/div><\/blockquote>\n<\/div>\n<\/div>\n<div id=\"featurebenefits\" data-anchor=\"\u041e\u0441\u043e\u0431\u0435\u043d\u043d\u043e\u0441\u0442\u0438 \u0438 \u043f\u0440\u0435\u0438\u043c\u0443\u0449\u0435\u0441\u0442\u0432\u0430\"><\/div>","protected":false},"excerpt":{"rendered":"<section id=\"ribbon\">\n<div class=\"container\">\n<div class=\"row\">\n<div class=\"col-sm-12 col-lg-9\">\n<p>\u00dc\u00e7 daxili y\u00fcks\u0259k t\u0259zyiqli uclu\u011fa malik PS 30 f\u0131r\u00e7a-uclu\u011fu, m\u00fcxt\u0259lif s\u0259thl\u0259rd\u0259n inadkar \u00e7irkl\u0259ri vaxta q\u0259na\u0259t ed\u0259r\u0259k effektiv \u015f\u0259kild\u0259 t\u0259mizl\u0259yir. Pill\u0259k\u0259nl\u0259r v\u0259 k\u0259narlar \u00fc\u00e7\u00fcn ideal se\u00e7imdir. G\u00f6vd\u0259sind\u0259 \u00e7irkli suyu k\u0259narla\u015fd\u0131rmaq \u00fc\u00e7\u00fcn su\u00e7\u0259k\u0259n rezin (styajka) m\u00f6vcuddur.<\/p>\n<\/div>\n<\/div>\n<\/div>\n<\/section>\n<div class=\"fg-products-details-stage\" data-kjs-app=\"products\/details\/stage\" data-kjs-entityid=\"9\">\n<div data-kjs-view=\"main\">\n<section class=\"container\">\n<div class=\"row fc-stage\">\n<div class=\"col-sm-7 col-md-8 fc-left\">\n<div class=\"fc-media\">\n<div class=\"fg-content-carousel fg-carousel-wrapper swiper swiper-initialized swiper-horizontal swiper-watch-progress swiper-backface-hidden\" data-kjs-app=\"content\/carousel\" data-kjs-entityid=\"16\">\n<div id=\"swiper-wrapper-8093ea6c8b3cfeee\" class=\"fc-carousel swiper-wrapper\" aria-live=\"polite\">\n<div class=\"fc-carousel-slide swiper-slide fc-visible swiper-slide-active fc-image-loaded\" role=\"group\" data-kjs-slide=\"0\" aria-label=\"1 \/ 7\" data-swiper-slide-index=\"0\">\n<div class=\"fg-wishlist-control\" data-kjs-app=\"wishlist\/control\" data-kjs-entityid=\"17\">\n<div data-kjs-view=\"controls\"><\/div>\n<\/div>\n<div data-kjs-app=\"content\/lightbox\" data-kjs-entityid=\"18\"><\/div>\n<\/div>\n<\/div>\n<\/div>\n<\/div>\n<\/div>\n<\/div>\n<\/section>\n<\/div>\n<\/div>","protected":false},"featured_media":17425,"comment_status":"open","ping_status":"closed","template":"","meta":[],"product_cat":[15,567,71],"product_tag":[],"class_list":{"0":"post-17424","1":"product","2":"type-product","3":"status-publish","4":"has-post-thumbnail","6":"product_cat-home-garden","7":"product_cat-aksessuary","8":"product_cat-aksessuary-dlya-minimoek","10":"first","11":"instock","12":"shipping-taxable","13":"purchasable","14":"product-type-simple"},"_links":{"self":[{"href":"https:\/\/karchershop.az\/az\/wp-json\/wp\/v2\/product\/17424","targetHints":{"allow":["GET"]}}],"collection":[{"href":"https:\/\/karchershop.az\/az\/wp-json\/wp\/v2\/product"}],"about":[{"href":"https:\/\/karchershop.az\/az\/wp-json\/wp\/v2\/types\/product"}],"replies":[{"embeddable":true,"href":"https:\/\/karchershop.az\/az\/wp-json\/wp\/v2\/comments?post=17424"}],"wp:featuredmedia":[{"embeddable":true,"href":"https:\/\/karchershop.az\/az\/wp-json\/wp\/v2\/media\/17425"}],"wp:attachment":[{"href":"https:\/\/karchershop.az\/az\/wp-json\/wp\/v2\/media?parent=17424"}],"wp:term":[{"taxonomy":"product_cat","embeddable":true,"href":"https:\/\/karchershop.az\/az\/wp-json\/wp\/v2\/product_cat?post=17424"},{"taxonomy":"product_tag","embeddable":true,"href":"https:\/\/karchershop.az\/az\/wp-json\/wp\/v2\/product_tag?post=17424"}],"curies":[{"name":"wp","href":"https:\/\/api.w.org\/{rel}","templated":true}]}}