{"id":1804,"date":"2020-05-14T18:32:29","date_gmt":"2020-05-14T14:32:29","guid":{"rendered":"https:\/\/karchershop.az\/?post_type=product&#038;p=1804"},"modified":"2026-05-01T21:35:27","modified_gmt":"2026-05-01T17:35:27","slug":"hd-5-15-c","status":"publish","type":"product","link":"https:\/\/karchershop.az\/az\/professional\/apparaty-vysokogo-davleniya-bez-podogreva-vody\/hd-5-15-c","title":{"rendered":"HD 5\/15 C"},"content":{"rendered":"<p>Su istiliyi olmadan y\u00fcng\u00fcl, y\u0131\u011fcam v\u0259 \u00e7ox y\u00f6nl\u00fc y\u00fcks\u0259k t\u0259zyiqli aparat HD 5\/15 C \u0259n y\u00fcks\u0259k h\u0259r\u0259k\u0259tliliyi il\u0259 t\u0259sir ed\u0259r v\u0259 h\u0259m \u015faquli, h\u0259m d\u0259 \u00fcf\u00fcqi v\u0259ziyy\u0259td\u0259 idar\u0259 edil\u0259 bil\u0259r. Cihaz aksesuarlar\u0131n saxlanmas\u0131 \u00fc\u00e7\u00fcn \u0259lveri\u015fli tutacaqlarla t\u0259chiz olunmu\u015fdur v\u0259 latun silindr ba\u015fl\u0131\u011f\u0131 v\u0259 avtomatik t\u0259zyiq relyef sistemi uzun xidm\u0259t m\u00fcdd\u0259tini t\u0259min edir. Bundan \u0259lav\u0259, cihaz i\u015f rahatl\u0131\u011f\u0131n\u0131 art\u0131ran v\u0259 aksesuarlar\u0131n istifad\u0259si v\u0259 d\u0259yi\u015fdirilm\u0259sin\u0259 haz\u0131rl\u0131\u011f\u0131 s\u00fcr\u0259tl\u0259ndir\u0259n yenilik\u00e7i h\u0259ll\u0259r il\u0259 t\u0259\u0259ss\u00fcrat yarad\u0131r. EASY!Force tapan\u00e7as\u0131 y\u00fcks\u0259k t\u0259zyiq reaktivinin geri d\u00f6nm\u0259 g\u00fcc\u00fcn\u00fcn istifad\u0259si s\u0259b\u0259bind\u0259n qolun tutma g\u00fcc\u00fcn\u00fc s\u0131f\u0131ra endirir v\u0259 s\u00fcr\u0259tli i\u015fl\u0259y\u0259n EASY!Lock ba\u011flay\u0131c\u0131lar\u0131 etibarl\u0131l\u0131q v\u0259 davaml\u0131l\u0131q bax\u0131m\u0131ndan a\u015fa\u011f\u0131 olmayan \u0259n\u0259n\u0259vi yivli ba\u011flay\u0131c\u0131lardan istifad\u0259 etm\u0259kl\u0259 aksesuarlar\u0131 5 d\u0259f\u0259 daha s\u00fcr\u0259tli ba\u011flama\u011fa v\u0259 ay\u0131rma\u011fa imkan verir. Bu c\u00fcr avadanl\u0131q d\u0259sti, operatoru h\u0259dd\u0259n art\u0131q i\u015fl\u0259m\u0259d\u0259n t\u0259mizlik i\u015fl\u0259rinin s\u0259m\u0259r\u0259li yerin\u0259 yetirilm\u0259sini t\u0259min edir.<\/p>","protected":false},"excerpt":{"rendered":"<p>Y\u0131\u011fcam, mobil v\u0259 \u00e7ox y\u00f6nl\u00fc, HD 5\/15 C soyuq su t\u0259zyiqli yuyucusu h\u0259m \u015faquli, h\u0259m d\u0259 \u00fcf\u00fcqi v\u0259ziyy\u0259td\u0259 idar\u0259 oluna bil\u0259r. O, mis silindr ba\u015fl\u0131\u011f\u0131na, aksesuar tutacaqlar\u0131na v\u0259 avtomatik t\u0259zyiq endirm\u0259 sistemin\u0259 malikdir.<\/p>","protected":false},"featured_media":1814,"comment_status":"open","ping_status":"closed","template":"","meta":[],"product_cat":[19,269],"product_tag":[],"class_list":{"0":"post-1804","1":"product","2":"type-product","3":"status-publish","4":"has-post-thumbnail","6":"product_cat-professional","7":"product_cat-apparaty-vysokogo-davleniya-bez-podogreva-vody","9":"first","10":"instock","11":"shipping-taxable","12":"purchasable","13":"product-type-simple"},"_links":{"self":[{"href":"https:\/\/karchershop.az\/az\/wp-json\/wp\/v2\/product\/1804","targetHints":{"allow":["GET"]}}],"collection":[{"href":"https:\/\/karchershop.az\/az\/wp-json\/wp\/v2\/product"}],"about":[{"href":"https:\/\/karchershop.az\/az\/wp-json\/wp\/v2\/types\/product"}],"replies":[{"embeddable":true,"href":"https:\/\/karchershop.az\/az\/wp-json\/wp\/v2\/comments?post=1804"}],"wp:featuredmedia":[{"embeddable":true,"href":"https:\/\/karchershop.az\/az\/wp-json\/wp\/v2\/media\/1814"}],"wp:attachment":[{"href":"https:\/\/karchershop.az\/az\/wp-json\/wp\/v2\/media?parent=1804"}],"wp:term":[{"taxonomy":"product_cat","embeddable":true,"href":"https:\/\/karchershop.az\/az\/wp-json\/wp\/v2\/product_cat?post=1804"},{"taxonomy":"product_tag","embeddable":true,"href":"https:\/\/karchershop.az\/az\/wp-json\/wp\/v2\/product_tag?post=1804"}],"curies":[{"name":"wp","href":"https:\/\/api.w.org\/{rel}","templated":true}]}}