{"id":1817,"date":"2020-05-14T18:33:42","date_gmt":"2020-05-14T14:33:42","guid":{"rendered":"https:\/\/karchershop.az\/?post_type=product&#038;p=1817"},"modified":"2026-05-01T21:35:27","modified_gmt":"2026-05-01T17:35:27","slug":"hd-6-15-m-klassicheskaya-versiya","status":"publish","type":"product","link":"https:\/\/karchershop.az\/az\/professional\/apparaty-vysokogo-davleniya-bez-podogreva-vody\/hd-6-15-m-klassicheskaya-versiya","title":{"rendered":"\u041c\u043e\u0431\u0438\u043b\u044c\u043d\u044b\u0439 \u0430\u043f\u043f\u0430\u0440\u0430\u0442 \u0432\u044b\u0441\u043e\u043a\u043e\u0433\u043e \u0434\u0430\u0432\u043b\u0435\u043d\u0438\u044f HD 6\/15 M"},"content":{"rendered":"<p>HD 6\/15 M *EU,<\/p>","protected":false},"excerpt":{"rendered":"<p>\u0130nd\u00fcksiyon m\u00fch\u0259rriki v\u0259 \u00fc\u00e7 por\u015fenli p\u0259rli nasoslu HD 6\/15 M h\u0259r\u0259k\u0259tli y\u00fcks\u0259k t\u0259zyiqli cihazlar. G\u00fcnd\u0259lik istifad\u0259 \u00fc\u00e7\u00fcn y\u00fcks\u0259k t\u0259mizlik qabiliyy\u0259tin\u0259 malik mobil y\u00fcks\u0259k t\u0259zyiqli t\u0259mizl\u0259yici.<\/p>","protected":false},"featured_media":1818,"comment_status":"open","ping_status":"closed","template":"","meta":[],"product_cat":[19,269],"product_tag":[],"class_list":{"0":"post-1817","1":"product","2":"type-product","3":"status-publish","4":"has-post-thumbnail","6":"product_cat-professional","7":"product_cat-apparaty-vysokogo-davleniya-bez-podogreva-vody","9":"first","10":"instock","11":"shipping-taxable","12":"purchasable","13":"product-type-simple"},"_links":{"self":[{"href":"https:\/\/karchershop.az\/az\/wp-json\/wp\/v2\/product\/1817","targetHints":{"allow":["GET"]}}],"collection":[{"href":"https:\/\/karchershop.az\/az\/wp-json\/wp\/v2\/product"}],"about":[{"href":"https:\/\/karchershop.az\/az\/wp-json\/wp\/v2\/types\/product"}],"replies":[{"embeddable":true,"href":"https:\/\/karchershop.az\/az\/wp-json\/wp\/v2\/comments?post=1817"}],"wp:featuredmedia":[{"embeddable":true,"href":"https:\/\/karchershop.az\/az\/wp-json\/wp\/v2\/media\/1818"}],"wp:attachment":[{"href":"https:\/\/karchershop.az\/az\/wp-json\/wp\/v2\/media?parent=1817"}],"wp:term":[{"taxonomy":"product_cat","embeddable":true,"href":"https:\/\/karchershop.az\/az\/wp-json\/wp\/v2\/product_cat?post=1817"},{"taxonomy":"product_tag","embeddable":true,"href":"https:\/\/karchershop.az\/az\/wp-json\/wp\/v2\/product_tag?post=1817"}],"curies":[{"name":"wp","href":"https:\/\/api.w.org\/{rel}","templated":true}]}}