{"id":1830,"date":"2020-05-14T18:40:29","date_gmt":"2020-05-14T14:40:29","guid":{"rendered":"https:\/\/karchershop.az\/?post_type=product&#038;p=1830"},"modified":"2026-05-01T21:35:27","modified_gmt":"2026-05-01T17:35:27","slug":"hd-7-17-m-klassicheskaya-versiya","status":"publish","type":"product","link":"https:\/\/karchershop.az\/az\/professional\/apparaty-vysokogo-davleniya-bez-podogreva-vody\/hd-7-17-m-klassicheskaya-versiya","title":{"rendered":"HD 7\/17 M"},"content":{"rendered":"<p>HD 7\/17 M *EU,<\/p>","protected":false},"excerpt":{"rendered":"<p>Y\u00fcks\u0259k t\u0259zyiqli avtomobil yuyan ma\u015f\u0131n HD 7\/17 M mobil y\u00fcks\u0259k t\u0259zyiqli aparat, b\u0259rkidilmi\u015f paslanmayan polad por\u015fen, avtomatik t\u0259zyiq relyefi v\u0259 etibarl\u0131 \u00fc\u00e7 fazal\u0131 m\u00fch\u0259rriki olan m\u00f6hk\u0259m 3-pistonlu p\u0259rli nasosa malikdir.<\/p>","protected":false},"featured_media":1831,"comment_status":"open","ping_status":"closed","template":"","meta":[],"product_cat":[19,269],"product_tag":[],"class_list":{"0":"post-1830","1":"product","2":"type-product","3":"status-publish","4":"has-post-thumbnail","6":"product_cat-professional","7":"product_cat-apparaty-vysokogo-davleniya-bez-podogreva-vody","9":"first","10":"instock","11":"shipping-taxable","12":"purchasable","13":"product-type-simple"},"_links":{"self":[{"href":"https:\/\/karchershop.az\/az\/wp-json\/wp\/v2\/product\/1830","targetHints":{"allow":["GET"]}}],"collection":[{"href":"https:\/\/karchershop.az\/az\/wp-json\/wp\/v2\/product"}],"about":[{"href":"https:\/\/karchershop.az\/az\/wp-json\/wp\/v2\/types\/product"}],"replies":[{"embeddable":true,"href":"https:\/\/karchershop.az\/az\/wp-json\/wp\/v2\/comments?post=1830"}],"wp:featuredmedia":[{"embeddable":true,"href":"https:\/\/karchershop.az\/az\/wp-json\/wp\/v2\/media\/1831"}],"wp:attachment":[{"href":"https:\/\/karchershop.az\/az\/wp-json\/wp\/v2\/media?parent=1830"}],"wp:term":[{"taxonomy":"product_cat","embeddable":true,"href":"https:\/\/karchershop.az\/az\/wp-json\/wp\/v2\/product_cat?post=1830"},{"taxonomy":"product_tag","embeddable":true,"href":"https:\/\/karchershop.az\/az\/wp-json\/wp\/v2\/product_tag?post=1830"}],"curies":[{"name":"wp","href":"https:\/\/api.w.org\/{rel}","templated":true}]}}