{"id":1839,"date":"2020-05-14T18:46:53","date_gmt":"2020-05-14T14:46:53","guid":{"rendered":"https:\/\/karchershop.az\/?post_type=product&#038;p=1839"},"modified":"2026-05-01T21:35:27","modified_gmt":"2026-05-01T17:35:27","slug":"hd-8-18-4-m-klassicheskaya-versiya","status":"publish","type":"product","link":"https:\/\/karchershop.az\/az\/professional\/apparaty-vysokogo-davleniya-s-podogrevom-vody\/hd-8-18-4-m-klassicheskaya-versiya","title":{"rendered":"HDS 8\/18-4 M"},"content":{"rendered":"<p>HD 8\/18-4M *EU,<\/p>","protected":false},"excerpt":{"rendered":"<p>\u00dcst\u00fcn performans (180 bar i\u015fl\u0259m\u0259 t\u0259zyiqind\u0259 760 l \/ saat tutumu) g\u00fcnd\u0259lik kommersiya istifad\u0259sind\u0259 HD 8 \/ 18-4M'i f\u0259rql\u0259ndirir.<\/p>","protected":false},"featured_media":1843,"comment_status":"open","ping_status":"closed","template":"","meta":[],"product_cat":[19,270],"product_tag":[],"class_list":{"0":"post-1839","1":"product","2":"type-product","3":"status-publish","4":"has-post-thumbnail","6":"product_cat-professional","7":"product_cat-apparaty-vysokogo-davleniya-s-podogrevom-vody","9":"first","10":"instock","11":"shipping-taxable","12":"purchasable","13":"product-type-simple"},"_links":{"self":[{"href":"https:\/\/karchershop.az\/az\/wp-json\/wp\/v2\/product\/1839","targetHints":{"allow":["GET"]}}],"collection":[{"href":"https:\/\/karchershop.az\/az\/wp-json\/wp\/v2\/product"}],"about":[{"href":"https:\/\/karchershop.az\/az\/wp-json\/wp\/v2\/types\/product"}],"replies":[{"embeddable":true,"href":"https:\/\/karchershop.az\/az\/wp-json\/wp\/v2\/comments?post=1839"}],"wp:featuredmedia":[{"embeddable":true,"href":"https:\/\/karchershop.az\/az\/wp-json\/wp\/v2\/media\/1843"}],"wp:attachment":[{"href":"https:\/\/karchershop.az\/az\/wp-json\/wp\/v2\/media?parent=1839"}],"wp:term":[{"taxonomy":"product_cat","embeddable":true,"href":"https:\/\/karchershop.az\/az\/wp-json\/wp\/v2\/product_cat?post=1839"},{"taxonomy":"product_tag","embeddable":true,"href":"https:\/\/karchershop.az\/az\/wp-json\/wp\/v2\/product_tag?post=1839"}],"curies":[{"name":"wp","href":"https:\/\/api.w.org\/{rel}","templated":true}]}}