{"id":1853,"date":"2020-05-15T09:56:23","date_gmt":"2020-05-15T05:56:23","guid":{"rendered":"https:\/\/karchershop.az\/?post_type=product&#038;p=1853"},"modified":"2025-07-04T16:21:34","modified_gmt":"2025-07-04T12:21:34","slug":"hd-6-15-4-classic","status":"publish","type":"product","link":"https:\/\/karchershop.az\/az\/professional\/apparaty-vysokogo-davleniya-bez-podogreva-vody\/hd-6-15-4-classic","title":{"rendered":"HD 6\/15-4 Classic"},"content":{"rendered":"<p>Bir fazal\u0131 nasos v\u0259 600 l \/ saat su ax\u0131n\u0131 olan bir fazal\u0131 maksimum g\u00fcc qur\u011fusu: Asan saxlan\u0131la bil\u0259n HD 6 \/ 15-4 Classic kompakt \u00f6l\u00e7\u00fcs\u00fc, y\u00fcng\u00fcl konstruksiyas\u0131, y\u00fcks\u0259k t\u0259mizlik s\u0259m\u0259r\u0259liliyi v\u0259 s\u0259m\u0259r\u0259liliyi s\u0259b\u0259bind\u0259n istifad\u0259\u00e7i \u00fc\u00e7\u00fcn asan il\u0259 sinonimdir. Y\u00fcks\u0259k t\u0259zyiq cihazlar\u0131m\u0131zda istifad\u0259 olunan y\u00fcks\u0259k keyfiyy\u0259tli komponentl\u0259r davaml\u0131 v\u0259 t\u0259sirli davaml\u0131l\u0131qla i\u015fl\u0259m\u0259yimiz\u0259 imkan verir. Cihaz h\u0259m d\u0259 davaml\u0131l\u0131q il\u0259 \u0259laq\u0259l\u0259ndirilir; B\u00fct\u00fcn m\u00fcvafiq hiss\u0259l\u0259r asanl\u0131qla \u0259ld\u0259 edil\u0259 bil\u0259r. Ba\u015fl\u0131q, sprey borusu v\u0259 dig\u0259r aksessuarlar \u00fc\u00e7\u00fcn kifay\u0259t q\u0259d\u0259r yer verilir.<\/p>","protected":false},"excerpt":{"rendered":"<p>T\u0259k fazal\u0131, y\u0131\u011fcam, g\u00fccl\u00fc: Asanl\u0131qla t\u0259min edil\u0259 bil\u0259n HD 6 \/ 15-4 Classic, y\u00fcks\u0259k t\u0259zyiqli aparat, 150 bar i\u015fl\u0259m\u0259 t\u0259zyiqind\u0259 su ax\u0131n\u0131 istehsal ed\u0259n, 4 q\u00fctbl\u00fc elektrik m\u00fch\u0259rriki, y\u00fckl\u0259n\u0259bil\u0259n mexanizmi v\u0259 keramika nasoslar\u0131 olan g\u00fccl\u00fc nasos, habel\u0259 \u0259n son texnologiyaya uy\u011fun haz\u0131rlanm\u0131\u015f ba\u011flama bezl\u0259ri il\u0259 \u00e7al\u0131\u015f\u0131r.<\/p>","protected":false},"featured_media":1854,"comment_status":"open","ping_status":"closed","template":"","meta":[],"product_cat":[19,269],"product_tag":[],"class_list":{"0":"post-1853","1":"product","2":"type-product","3":"status-publish","4":"has-post-thumbnail","6":"product_cat-professional","7":"product_cat-apparaty-vysokogo-davleniya-bez-podogreva-vody","9":"first","10":"outofstock","11":"shipping-taxable","12":"purchasable","13":"product-type-simple"},"_links":{"self":[{"href":"https:\/\/karchershop.az\/az\/wp-json\/wp\/v2\/product\/1853","targetHints":{"allow":["GET"]}}],"collection":[{"href":"https:\/\/karchershop.az\/az\/wp-json\/wp\/v2\/product"}],"about":[{"href":"https:\/\/karchershop.az\/az\/wp-json\/wp\/v2\/types\/product"}],"replies":[{"embeddable":true,"href":"https:\/\/karchershop.az\/az\/wp-json\/wp\/v2\/comments?post=1853"}],"wp:featuredmedia":[{"embeddable":true,"href":"https:\/\/karchershop.az\/az\/wp-json\/wp\/v2\/media\/1854"}],"wp:attachment":[{"href":"https:\/\/karchershop.az\/az\/wp-json\/wp\/v2\/media?parent=1853"}],"wp:term":[{"taxonomy":"product_cat","embeddable":true,"href":"https:\/\/karchershop.az\/az\/wp-json\/wp\/v2\/product_cat?post=1853"},{"taxonomy":"product_tag","embeddable":true,"href":"https:\/\/karchershop.az\/az\/wp-json\/wp\/v2\/product_tag?post=1853"}],"curies":[{"name":"wp","href":"https:\/\/api.w.org\/{rel}","templated":true}]}}