{"id":1865,"date":"2020-05-15T10:03:23","date_gmt":"2020-05-15T06:03:23","guid":{"rendered":"https:\/\/karchershop.az\/?post_type=product&#038;p=1865"},"modified":"2026-05-01T21:35:28","modified_gmt":"2026-05-01T17:35:28","slug":"hd-7-18-4-classic","status":"publish","type":"product","link":"https:\/\/karchershop.az\/az\/professional\/apparaty-vysokogo-davleniya-bez-podogreva-vody\/hd-7-18-4-classic","title":{"rendered":"HD 7\/18-4 Classic"},"content":{"rendered":"<p>HD 7 \/ 18-4  Classic y\u00fcks\u0259k performansl\u0131 \u00fc\u00e7 fazal\u0131 4 q\u00fctbl\u00fc m\u00fch\u0259rrik v\u0259 y\u00fckl\u0259n\u0259bil\u0259n mexanizmi olan nasos il\u0259 b\u00fct\u00fcn \u0259sas t\u0259mizl\u0259m\u0259 i\u015fl\u0259rini 700 l \/ saat s\u00fcr\u0259tl\u0259 yerin\u0259 yetirir. Y\u00fcks\u0259k keyfiyy\u0259tli komponentl\u0259r maksimum etibarl\u0131l\u0131\u011fa v\u0259 davaml\u0131l\u0131\u011fa z\u0259man\u0259t verir. \u018fm\u0259liyyat x\u0259rcl\u0259rinin azl\u0131\u011f\u0131 v\u0259 cihaz\u0131n texniki xidm\u0259tinin asanl\u0131\u011f\u0131 b\u00fct\u00fcn vacib komponentl\u0259r\u0259 ideal \u00e7\u0131x\u0131\u015f\u0131 t\u0259min edir. Q\u0131sald\u0131lm\u0131\u015f t\u0259mizl\u0259nm\u0259 vaxtlar\u0131 \u0259la t\u0259mizlik n\u0259tic\u0259l\u0259ri il\u0259 y\u00fcks\u0259k d\u0259r\u0259c\u0259d\u0259 qazanc \u0259ld\u0259 etm\u0259y\u0259 z\u0259man\u0259t verir. Cihaz intuitiv bir n\u0259zar\u0259t\u0259 malikdir v\u0259 buna g\u00f6r\u0259 istifad\u0259\u00e7i \u00fc\u00e7\u00fcn x\u00fcsusil\u0259 \u0259lveri\u015flidir. Y\u0131\u011fcam \u00f6l\u00e7\u00fc v\u0259 y\u00fcng\u00fcll\u00fck y\u00fcks\u0259k t\u0259zyiq aparatlar\u0131 il\u0259 i\u015fl\u0259m\u0259k rahatl\u0131\u011f\u0131na da k\u00f6m\u0259k edir. Ba\u015fl\u0131q, sprey borusu v\u0259 dig\u0259r aksessuarlar \u00fc\u00e7\u00fcn kifay\u0259t q\u0259d\u0259r yer verilir.<\/p>","protected":false},"excerpt":{"rendered":"<p>Etibarl\u0131, iddias\u0131z, HD 7 \/ 18-4   4 Classic elektrik m\u00fch\u0259rriki olan klassik \u00fc\u00e7 fazal\u0131 y\u00fcks\u0259k t\u0259zyiqli aparat. Krank mexanizmi v\u0259 keramika nasoslar\u0131, h\u0259m\u00e7inin \u0259n son texnologiyaya uy\u011fun haz\u0131rlanm\u0131\u015f ba\u011flama bezl\u0259ri il\u0259 \u00e7al\u0131\u015f\u0131r. Su s\u0259rfi 700 l \/ saat, i\u015fl\u0259m\u0259 t\u0259zyiqi 180 bar g\u00fcc\u00fcnd\u0259dir.<\/p>","protected":false},"featured_media":1868,"comment_status":"open","ping_status":"closed","template":"","meta":[],"product_cat":[19,269],"product_tag":[],"class_list":{"0":"post-1865","1":"product","2":"type-product","3":"status-publish","4":"has-post-thumbnail","6":"product_cat-professional","7":"product_cat-apparaty-vysokogo-davleniya-bez-podogreva-vody","9":"first","10":"instock","11":"shipping-taxable","12":"purchasable","13":"product-type-simple"},"_links":{"self":[{"href":"https:\/\/karchershop.az\/az\/wp-json\/wp\/v2\/product\/1865","targetHints":{"allow":["GET"]}}],"collection":[{"href":"https:\/\/karchershop.az\/az\/wp-json\/wp\/v2\/product"}],"about":[{"href":"https:\/\/karchershop.az\/az\/wp-json\/wp\/v2\/types\/product"}],"replies":[{"embeddable":true,"href":"https:\/\/karchershop.az\/az\/wp-json\/wp\/v2\/comments?post=1865"}],"wp:featuredmedia":[{"embeddable":true,"href":"https:\/\/karchershop.az\/az\/wp-json\/wp\/v2\/media\/1868"}],"wp:attachment":[{"href":"https:\/\/karchershop.az\/az\/wp-json\/wp\/v2\/media?parent=1865"}],"wp:term":[{"taxonomy":"product_cat","embeddable":true,"href":"https:\/\/karchershop.az\/az\/wp-json\/wp\/v2\/product_cat?post=1865"},{"taxonomy":"product_tag","embeddable":true,"href":"https:\/\/karchershop.az\/az\/wp-json\/wp\/v2\/product_tag?post=1865"}],"curies":[{"name":"wp","href":"https:\/\/api.w.org\/{rel}","templated":true}]}}