{"id":1873,"date":"2020-05-15T10:11:27","date_gmt":"2020-05-15T06:11:27","guid":{"rendered":"https:\/\/karchershop.az\/?post_type=product&#038;p=1873"},"modified":"2026-05-01T21:35:28","modified_gmt":"2026-05-01T17:35:28","slug":"hd-9-20-4-classic","status":"publish","type":"product","link":"https:\/\/karchershop.az\/az\/professional\/apparaty-vysokogo-davleniya-bez-podogreva-vody\/hd-9-20-4-classic","title":{"rendered":"HD 9\/20-4 Classic"},"content":{"rendered":"<p>Bir \u00e7ox h\u0259d\u0259f qrupunda (Avtomobil, T\u0259mizlik, s\u0259naye v\u0259 s.) istifad\u0259si etibarl\u0131 v\u0259 asan professional y\u00fcks\u0259k t\u0259zyiq cihazlar\u0131 HD 9 \/ 20-4 Classic. Bu b\u00f6lm\u0259d\u0259 \u00fcst\u00fcn bir etibarl\u0131l\u0131q, i\u015fl\u0259m\u0259 asanl\u0131\u011f\u0131 v\u0259 texniki xidm\u0259t asanl\u0131\u011f\u0131 birl\u0259\u015fdirilmi\u015fdir. HD Classic y\u00fcks\u0259k t\u0259zyiqli aparat, x\u00fcsusil\u0259 g\u00fccl\u00fc v\u0259 etibarl\u0131 bir nasos il\u0259 t\u0259chiz olunmu\u015fdur v\u0259 krank mexanizmi v\u0259 keramika pistonlar\u0131. M\u00fc\u015ft\u0259ri bel\u0259 \u015feyl\u0259ri t\u0259qdir ed\u0259c\u0259kdir: Davaml\u0131l\u0131q - B\u00fct\u00fcn hiss\u0259l\u0259ri davaml\u0131 i\u015fl\u0259m\u0259k \u00fc\u00e7\u00fcn haz\u0131rlanm\u0131\u015fd\u0131r. (Etibarl\u0131 krank y\u00fcks\u0259k t\u0259zyiq birl\u0259\u015fdir\u0259n \u00e7ubuq nasosu, a\u015f\u0131nd\u0131r\u0131c\u0131 hiss\u0259cikl\u0259ri gecikdirm\u0259k \u00fc\u00e7\u00fcn b\u00f6y\u00fck giri\u015f suyu filtri); \u0130stifad\u0259si rahatl\u0131\u011f\u0131 - B\u00fct\u00fcn hiss\u0259l\u0259rin texniki xidm\u0259t \u00fc\u00e7\u00fcn \u0259la imkan\u0131 var, sad\u0259 ke\u00e7id a\u00e7ar\u0131 ON \/ OFF.; Mobility - Y\u0131\u011fcam \u00f6l\u00e7\u00fc v\u0259 nisb\u0259t\u0259n y\u00fcng\u00fcl; Saxlanman\u0131n rahatl\u0131\u011f\u0131 - aksesuarlar\u0131n tam d\u0259stini saxlamaq \u00fc\u00e7\u00fcn bir yer; S\u0259m\u0259r\u0259lilik - T\u0259mizl\u0259m\u0259 m\u00fcdd\u0259tinin q\u0131sald\u0131lmas\u0131 g\u0259lirliliyi art\u0131r\u0131r; Xidm\u0259t - B\u00fct\u00fcn i\u015f qov\u015faqlar\u0131na asanl\u0131qla daxil olmaq.<\/p>","protected":false},"excerpt":{"rendered":"<p>Bir \u00e7ox sah\u0259d\u0259 (Avtomobil, T\u0259mizlik, s\u0259naye v\u0259 s.) istifad\u0259 \u00fc\u00e7\u00fcn etibarl\u0131 v\u0259 istifad\u0259si asan pe\u015f\u0259kar y\u00fcks\u0259k t\u0259zyiqli t\u0259mizl\u0259yici HD 9\/20-4 Classic. HD Classic t\u0259zyiqli yuyucusu g\u00fccl\u00fc v\u0259 etibarl\u0131 nasos il\u0259 t\u0259chiz edilmi\u015fdir.<\/p>","protected":false},"featured_media":1877,"comment_status":"open","ping_status":"closed","template":"","meta":[],"product_cat":[19,269],"product_tag":[],"class_list":{"0":"post-1873","1":"product","2":"type-product","3":"status-publish","4":"has-post-thumbnail","6":"product_cat-professional","7":"product_cat-apparaty-vysokogo-davleniya-bez-podogreva-vody","9":"first","10":"instock","11":"shipping-taxable","12":"purchasable","13":"product-type-simple"},"_links":{"self":[{"href":"https:\/\/karchershop.az\/az\/wp-json\/wp\/v2\/product\/1873","targetHints":{"allow":["GET"]}}],"collection":[{"href":"https:\/\/karchershop.az\/az\/wp-json\/wp\/v2\/product"}],"about":[{"href":"https:\/\/karchershop.az\/az\/wp-json\/wp\/v2\/types\/product"}],"replies":[{"embeddable":true,"href":"https:\/\/karchershop.az\/az\/wp-json\/wp\/v2\/comments?post=1873"}],"wp:featuredmedia":[{"embeddable":true,"href":"https:\/\/karchershop.az\/az\/wp-json\/wp\/v2\/media\/1877"}],"wp:attachment":[{"href":"https:\/\/karchershop.az\/az\/wp-json\/wp\/v2\/media?parent=1873"}],"wp:term":[{"taxonomy":"product_cat","embeddable":true,"href":"https:\/\/karchershop.az\/az\/wp-json\/wp\/v2\/product_cat?post=1873"},{"taxonomy":"product_tag","embeddable":true,"href":"https:\/\/karchershop.az\/az\/wp-json\/wp\/v2\/product_tag?post=1873"}],"curies":[{"name":"wp","href":"https:\/\/api.w.org\/{rel}","templated":true}]}}