{"id":1904,"date":"2020-05-15T10:42:11","date_gmt":"2020-05-15T06:42:11","guid":{"rendered":"https:\/\/karchershop.az\/?post_type=product&#038;p=1904"},"modified":"2026-05-01T21:35:28","modified_gmt":"2026-05-01T17:35:28","slug":"wvp-10","status":"publish","type":"product","link":"https:\/\/karchershop.az\/az\/professional\/pylesosy-professional\/profesionalnyj-okonnyj-pylesos\/wvp-10","title":{"rendered":"WVP 10 *EU \u00e7oxfunksiyal\u0131 p\u0259nc\u0259r\u0259 \u0259l tozsoran\u0131"},"content":{"rendered":"<p>Simsiz coxfunksiyali tozsoran, y\u00fcng\u00fcl v\u0259 etibarl\u0131d\u0131r: bizim WVP 10 \u0259l p\u0259nc\u0259r\u0259 tozsoran\u0131nda uzunm\u00fcdd\u0259tli g\u00fcnd\u0259lik istifad\u0259 \u00fc\u00e7\u00fcn n\u0259z\u0259rd\u0259 tutulmu\u015f y\u00fcks\u0259k keyfiyy\u0259tli komponentl\u0259r m\u00f6vcuddur, m\u0259s\u0259l\u0259n, y\u00fcks\u0259k s\u00fcr\u0259tli elektrik m\u00fch\u0259rriki ev cihaz\u0131 il\u0259 m\u00fcqayis\u0259d\u0259 xeyli y\u00fcks\u0259k sorucu g\u00fcc\u00fcn\u00fc t\u0259min edir. N\u0259tic\u0259d\u0259, \u015f\u00fc\u015f\u0259d\u0259n v\u0259 ya h\u0259r hans\u0131 dig\u0259r hamar s\u0259thd\u0259n n\u0259m toplamaq \u00fc\u00e7\u00fcn istifad\u0259 etm\u0259yinizd\u0259n as\u0131l\u0131 olmayaraq, zolaqlar olmayan bir s\u0259th \u0259ld\u0259 edirsiniz. \u015eaquli, \u00fcf\u00fcqi v\u0259 ya ba\u015f\u0131n\u0131z\u0131n \u00fcst\u00fcnd\u0259 i\u015fl\u0259m\u0259yinizd\u0259n as\u0131l\u0131 olmayaraq, cihaz erqonomik olaraq \u0259linizd\u0259 yerl\u0259\u015fir v\u0259 daim yax\u015f\u0131 t\u0259mizlik t\u0259min edir. Par\u00e7an\u0131n k\u0259narlar\u0131 boyunca girintinin \u0259l il\u0259 t\u0259nziml\u0259nm\u0259si say\u0259sind\u0259 b\u00fct\u00fcn s\u0259thl\u0259r \u00fc\u00e7\u00fcn ideald\u0131r. 200 ml \u00e7irkli su anbar\u0131, daha uzun m\u00fcdd\u0259t istifad\u0259 zaman\u0131 kifay\u0259t q\u0259d\u0259r maye toplama\u011fa imkan verir, asanl\u0131qla v\u0259 tez bo\u015fald\u0131l\u0131r v\u0259 qabyuyan ma\u015f\u0131nda yuyulmaq \u00fc\u00e7\u00fcn \u0259lveri\u015flidir. D\u0259st\u0259 batareya (30 d\u0259qiq\u0259 i\u015fl\u0259m\u0259), uy\u011fun \u015farj cihaz\u0131, sprey tabancas\u0131 v\u0259 x\u00fcsusi mikrofiber par\u00e7a daxildir.<\/p>","protected":false},"excerpt":{"rendered":"<p>Hamar s\u0259thl\u0259rin b\u00fct\u00fcn n\u00f6vl\u0259ri \u00fc\u00e7\u00fcn - p\u0259nc\u0259r\u0259l\u0259rd\u0259n plit\u0259l\u0259r\u0259 q\u0259d\u0259r: Batareya g\u00fcc\u00fc olan WVP 10 \u0259l il\u0259 i\u015fl\u0259y\u0259n \u00e7oxfunksiyal\u0131 p\u0259nc\u0259r\u0259 tozsoran ist\u0259nil\u0259n hamar s\u0259thd\u0259n m\u00fck\u0259mm\u0259l n\u0259m toplama n\u0259tic\u0259sini t\u0259min edir, \u0259liniz\u0259 rahat oturur.<\/p>","protected":false},"featured_media":1908,"comment_status":"open","ping_status":"closed","template":"","meta":[],"product_cat":[271,19,273],"product_tag":[],"class_list":{"0":"post-1904","1":"product","2":"type-product","3":"status-publish","4":"has-post-thumbnail","6":"product_cat-pylesosy-professional","7":"product_cat-professional","8":"product_cat-profesionalnyj-okonnyj-pylesos","10":"first","11":"instock","12":"shipping-taxable","13":"product-type-simple"},"_links":{"self":[{"href":"https:\/\/karchershop.az\/az\/wp-json\/wp\/v2\/product\/1904","targetHints":{"allow":["GET"]}}],"collection":[{"href":"https:\/\/karchershop.az\/az\/wp-json\/wp\/v2\/product"}],"about":[{"href":"https:\/\/karchershop.az\/az\/wp-json\/wp\/v2\/types\/product"}],"replies":[{"embeddable":true,"href":"https:\/\/karchershop.az\/az\/wp-json\/wp\/v2\/comments?post=1904"}],"wp:featuredmedia":[{"embeddable":true,"href":"https:\/\/karchershop.az\/az\/wp-json\/wp\/v2\/media\/1908"}],"wp:attachment":[{"href":"https:\/\/karchershop.az\/az\/wp-json\/wp\/v2\/media?parent=1904"}],"wp:term":[{"taxonomy":"product_cat","embeddable":true,"href":"https:\/\/karchershop.az\/az\/wp-json\/wp\/v2\/product_cat?post=1904"},{"taxonomy":"product_tag","embeddable":true,"href":"https:\/\/karchershop.az\/az\/wp-json\/wp\/v2\/product_tag?post=1904"}],"curies":[{"name":"wp","href":"https:\/\/api.w.org\/{rel}","templated":true}]}}