{"id":1920,"date":"2020-05-15T11:02:15","date_gmt":"2020-05-15T07:02:15","guid":{"rendered":"https:\/\/karchershop.az\/?post_type=product&#038;p=1920"},"modified":"2026-05-01T21:35:28","modified_gmt":"2026-05-01T17:35:28","slug":"cv-38-2","status":"publish","type":"product","link":"https:\/\/karchershop.az\/az\/professional\/pylesosy-professional\/shhetochnye-pylesosy\/cv-38-2","title":{"rendered":"CV 38\/2 *EU"},"content":{"rendered":"<p>CV 38\/2 f\u0131r\u00e7a tozsoran b\u00f6y\u00fck \u0259razil\u0259rin t\u0259mizl\u0259nm\u0259si \u00fc\u00e7\u00fcn \u0259n y\u00fcks\u0259k keyfiyy\u0259t t\u0259l\u0259bl\u0259rin\u0259 cavab verir. 300 mm geni\u015f i\u015f eni say\u0259sind\u0259, \u015faquli f\u0131r\u00e7a tozsoran, otel v\u0259 restoranlardan d\u00fckan v\u0259 vitrinl\u0259r\u0259 q\u0259d\u0259r b\u00f6y\u00fck \u0259razil\u0259ri t\u0259mizl\u0259m\u0259k \u00fc\u00e7\u00fcn ideald\u0131r. Cihaz\u0131n ki\u00e7ik \u00e7\u0259kisi s\u0259b\u0259bind\u0259n uzun m\u00fcdd\u0259t istifad\u0259 ed\u0259 bil\u0259rsiniz v\u0259 yorulmursunuz. Cihazla birlikd\u0259 m\u00fcxt\u0259lif aksesuarlar\u0131n verildiyi \u00fc\u00e7\u00fcn k\u0259narlar\u0131 v\u0259 ki\u00e7ik bo\u015fluqlar\u0131 t\u0259mizl\u0259m\u0259k \u00fc\u00e7\u00fcn m\u00fck\u0259mm\u0259ldir, optik bir f\u0131r\u00e7a t\u0259zyiq t\u0259nziml\u0259yicisi y\u0131\u011f\u0131n uzunlu\u011fundan as\u0131l\u0131 olaraq f\u0131r\u00e7an\u0131 inc\u0259l\u0259\u015fdirm\u0259y\u0259 imkan verir. S\u00fcr\u0259tli kabel d\u0259yi\u015fdirm\u0259 sistemi, al\u0259tsiz f\u0131r\u00e7a \u0259v\u0259zedicisi, \u0259lveri\u015fli qolu da g\u00f6z\u0259l bir dizayna malikdir. Patentli sistem, filtr \u00e7antalar\u0131n\u0131 asanl\u0131qla v\u0259 toz olmadan \u0259v\u0259z etm\u0259y\u0259 imkan verir.<\/p>","protected":false},"excerpt":{"rendered":"<p>CV 38\/2 f\u0131r\u00e7a tozsoran m\u0259hsuldarl\u0131\u011f\u0131, t\u0259mizl\u0259nm\u0259si n\u0259tic\u0259l\u0259ri v\u0259 erqonomikas\u0131 bax\u0131m\u0131ndan \u0259n y\u00fcks\u0259k t\u0259l\u0259bl\u0259r\u0259 cavab verir, istifad\u0259si asan v\u0259 rahatd\u0131r. Vaxta q\u0259na\u0259t ed\u0259n m\u00fcxt\u0259lif x\u00fcsusiyy\u0259tl\u0259rl\u0259 t\u0259chiz olunmu\u015fdur.<\/p>","protected":false},"featured_media":1921,"comment_status":"open","ping_status":"closed","template":"","meta":[],"product_cat":[271,19,274],"product_tag":[],"class_list":{"0":"post-1920","1":"product","2":"type-product","3":"status-publish","4":"has-post-thumbnail","6":"product_cat-pylesosy-professional","7":"product_cat-professional","8":"product_cat-shhetochnye-pylesosy","10":"first","11":"instock","12":"shipping-taxable","13":"product-type-simple"},"_links":{"self":[{"href":"https:\/\/karchershop.az\/az\/wp-json\/wp\/v2\/product\/1920","targetHints":{"allow":["GET"]}}],"collection":[{"href":"https:\/\/karchershop.az\/az\/wp-json\/wp\/v2\/product"}],"about":[{"href":"https:\/\/karchershop.az\/az\/wp-json\/wp\/v2\/types\/product"}],"replies":[{"embeddable":true,"href":"https:\/\/karchershop.az\/az\/wp-json\/wp\/v2\/comments?post=1920"}],"wp:featuredmedia":[{"embeddable":true,"href":"https:\/\/karchershop.az\/az\/wp-json\/wp\/v2\/media\/1921"}],"wp:attachment":[{"href":"https:\/\/karchershop.az\/az\/wp-json\/wp\/v2\/media?parent=1920"}],"wp:term":[{"taxonomy":"product_cat","embeddable":true,"href":"https:\/\/karchershop.az\/az\/wp-json\/wp\/v2\/product_cat?post=1920"},{"taxonomy":"product_tag","embeddable":true,"href":"https:\/\/karchershop.az\/az\/wp-json\/wp\/v2\/product_tag?post=1920"}],"curies":[{"name":"wp","href":"https:\/\/api.w.org\/{rel}","templated":true}]}}