{"id":1935,"date":"2020-05-15T11:08:13","date_gmt":"2020-05-15T07:08:13","guid":{"rendered":"https:\/\/karchershop.az\/?post_type=product&#038;p=1935"},"modified":"2026-05-01T21:35:29","modified_gmt":"2026-05-01T17:35:29","slug":"cv-66-2-adv","status":"publish","type":"product","link":"https:\/\/karchershop.az\/az\/professional\/pylesosy-professional\/shhetochnye-pylesosy\/cv-66-2-adv","title":{"rendered":"CV 66\/2"},"content":{"rendered":"<p>\u015e\u0259xsi t\u0259nziml\u0259nm\u0259 say\u0259sind\u0259, CV 66\/2-ni bir \u0259ll\u0259 h\u0259r\u0259k\u0259t etm\u0259yi asanla\u015fd\u0131r\u0131r. M\u0259kan\u0131 qorumaq \u00fc\u00e7\u00fcn, qatlanan qolu istifad\u0259 ed\u0259r\u0259k cihaz\u0131 da\u015f\u0131ya v\u0259 ya t\u0259mizl\u0259y\u0259 bil\u0259rsiniz. 20 metrlik \u015f\u0259b\u0259k\u0259 kabeli, i\u00e7\u0259rid\u0259 olan yerd\u0259 saxlan\u0131la bil\u0259r.<\/p>","protected":false},"excerpt":{"rendered":"<p>CV 66\/2 enli f\u0131r\u00e7a tozsoran orta \u00f6l\u00e7\u00fcl\u00fc xal\u00e7an\u0131n h\u0259rt\u0259r\u0259fli, q\u0259na\u0259tcil t\u0259mizl\u0259nm\u0259si \u00fc\u00e7\u00fcn \u0259lveri\u015flidir. F\u0131r\u00e7an\u0131n \u0259ks f\u0131rlanma sisteminin ikiqat f\u0131rlanan yayma sistemi, ehtiyatda olan h\u0259r\u0259k\u0259t etdiril\u0259 bil\u0259n ba\u015fl\u0131q v\u0259 h\u00fcnd\u00fcrl\u00fcy\u00fc t\u0259nziml\u0259n\u0259n qolu say\u0259sind\u0259 tozsoran \u00e7ox rahat v\u0259 erqonomikdir.<\/p>","protected":false},"featured_media":1936,"comment_status":"open","ping_status":"closed","template":"","meta":[],"product_cat":[271,19,274],"product_tag":[],"class_list":{"0":"post-1935","1":"product","2":"type-product","3":"status-publish","4":"has-post-thumbnail","6":"product_cat-pylesosy-professional","7":"product_cat-professional","8":"product_cat-shhetochnye-pylesosy","10":"first","11":"instock","12":"shipping-taxable","13":"product-type-simple"},"_links":{"self":[{"href":"https:\/\/karchershop.az\/az\/wp-json\/wp\/v2\/product\/1935","targetHints":{"allow":["GET"]}}],"collection":[{"href":"https:\/\/karchershop.az\/az\/wp-json\/wp\/v2\/product"}],"about":[{"href":"https:\/\/karchershop.az\/az\/wp-json\/wp\/v2\/types\/product"}],"replies":[{"embeddable":true,"href":"https:\/\/karchershop.az\/az\/wp-json\/wp\/v2\/comments?post=1935"}],"wp:featuredmedia":[{"embeddable":true,"href":"https:\/\/karchershop.az\/az\/wp-json\/wp\/v2\/media\/1936"}],"wp:attachment":[{"href":"https:\/\/karchershop.az\/az\/wp-json\/wp\/v2\/media?parent=1935"}],"wp:term":[{"taxonomy":"product_cat","embeddable":true,"href":"https:\/\/karchershop.az\/az\/wp-json\/wp\/v2\/product_cat?post=1935"},{"taxonomy":"product_tag","embeddable":true,"href":"https:\/\/karchershop.az\/az\/wp-json\/wp\/v2\/product_tag?post=1935"}],"curies":[{"name":"wp","href":"https:\/\/api.w.org\/{rel}","templated":true}]}}