{"id":2057,"date":"2020-05-15T13:13:01","date_gmt":"2020-05-15T09:13:01","guid":{"rendered":"https:\/\/karchershop.az\/?post_type=product&#038;p=2057"},"modified":"2026-05-01T21:35:29","modified_gmt":"2026-05-01T17:35:29","slug":"nt-50-2-me-classic","status":"publish","type":"product","link":"https:\/\/karchershop.az\/az\/professional\/pylesosy-professional\/pylesosy-dlya-uboki-prolivov-suhogo-i-vlazhngo-musora\/nt-50-2-me-classic","title":{"rendered":"NT 50\/2 Me Classic"},"content":{"rendered":"<p>NT 50\/2 Me Classic Edition *EU,<\/p>","protected":false},"excerpt":{"rendered":"<p>\u0130ki turbinli elektrik s\u00fcp\u00fcrg\u0259si NT 50\/2 Me Classic, quru, ya\u015f zibil v\u0259 mayel\u0259ri bir kartric filtri v\u0259 50l tank il\u0259 toplay\u0131r. H\u0259r n\u00f6v quru v\u0259 n\u0259m \u00e7irkl\u0259ndiricil\u0259rin toplanmas\u0131 \u00fc\u00e7\u00fcn uy\u011fundur. \u018fla sorucu g\u00fcc\u00fc, asan i\u015fl\u0259m\u0259 v\u0259 ard\u0131c\u0131l keyfiyy\u0259t!<\/p>","protected":false},"featured_media":2058,"comment_status":"open","ping_status":"closed","template":"","meta":[],"product_cat":[276],"product_tag":[],"class_list":{"0":"post-2057","1":"product","2":"type-product","3":"status-publish","4":"has-post-thumbnail","6":"product_cat-pylesosy-dlya-uboki-prolivov-suhogo-i-vlazhngo-musora","8":"first","9":"instock","10":"shipping-taxable","11":"purchasable","12":"product-type-simple"},"_links":{"self":[{"href":"https:\/\/karchershop.az\/az\/wp-json\/wp\/v2\/product\/2057","targetHints":{"allow":["GET"]}}],"collection":[{"href":"https:\/\/karchershop.az\/az\/wp-json\/wp\/v2\/product"}],"about":[{"href":"https:\/\/karchershop.az\/az\/wp-json\/wp\/v2\/types\/product"}],"replies":[{"embeddable":true,"href":"https:\/\/karchershop.az\/az\/wp-json\/wp\/v2\/comments?post=2057"}],"wp:featuredmedia":[{"embeddable":true,"href":"https:\/\/karchershop.az\/az\/wp-json\/wp\/v2\/media\/2058"}],"wp:attachment":[{"href":"https:\/\/karchershop.az\/az\/wp-json\/wp\/v2\/media?parent=2057"}],"wp:term":[{"taxonomy":"product_cat","embeddable":true,"href":"https:\/\/karchershop.az\/az\/wp-json\/wp\/v2\/product_cat?post=2057"},{"taxonomy":"product_tag","embeddable":true,"href":"https:\/\/karchershop.az\/az\/wp-json\/wp\/v2\/product_tag?post=2057"}],"curies":[{"name":"wp","href":"https:\/\/api.w.org\/{rel}","templated":true}]}}