{"id":2076,"date":"2020-05-15T13:23:15","date_gmt":"2020-05-15T09:23:15","guid":{"rendered":"https:\/\/karchershop.az\/?post_type=product&#038;p=2076"},"modified":"2026-05-01T21:35:29","modified_gmt":"2026-05-01T17:35:29","slug":"nt-90-2-me-classic","status":"publish","type":"product","link":"https:\/\/karchershop.az\/az\/professional\/pylesosy-professional\/profesionalnyj-okonnyj-pylesos\/nt-90-2-me-classic","title":{"rendered":"NT 90\/2 Me Classic"},"content":{"rendered":"<p>NT 90\/2 Me Classic Edition *EU,<\/p>","protected":false},"excerpt":{"rendered":"<p>NT 90\/2 Me Classic c\u00fct m\u00fch\u0259rrikli elektrik s\u00fcp\u00fcrg\u0259si, 90 litrlik qab\u0131na \u00e7ox miqdarda ya\u015f v\u0259 quru zibill\u0259ri toplay\u0131r.<\/p>","protected":false},"featured_media":2077,"comment_status":"open","ping_status":"closed","template":"","meta":[],"product_cat":[271,19,273,276],"product_tag":[],"class_list":{"0":"post-2076","1":"product","2":"type-product","3":"status-publish","4":"has-post-thumbnail","6":"product_cat-pylesosy-professional","7":"product_cat-professional","8":"product_cat-profesionalnyj-okonnyj-pylesos","9":"product_cat-pylesosy-dlya-uboki-prolivov-suhogo-i-vlazhngo-musora","11":"first","12":"instock","13":"shipping-taxable","14":"purchasable","15":"product-type-simple"},"_links":{"self":[{"href":"https:\/\/karchershop.az\/az\/wp-json\/wp\/v2\/product\/2076","targetHints":{"allow":["GET"]}}],"collection":[{"href":"https:\/\/karchershop.az\/az\/wp-json\/wp\/v2\/product"}],"about":[{"href":"https:\/\/karchershop.az\/az\/wp-json\/wp\/v2\/types\/product"}],"replies":[{"embeddable":true,"href":"https:\/\/karchershop.az\/az\/wp-json\/wp\/v2\/comments?post=2076"}],"wp:featuredmedia":[{"embeddable":true,"href":"https:\/\/karchershop.az\/az\/wp-json\/wp\/v2\/media\/2077"}],"wp:attachment":[{"href":"https:\/\/karchershop.az\/az\/wp-json\/wp\/v2\/media?parent=2076"}],"wp:term":[{"taxonomy":"product_cat","embeddable":true,"href":"https:\/\/karchershop.az\/az\/wp-json\/wp\/v2\/product_cat?post=2076"},{"taxonomy":"product_tag","embeddable":true,"href":"https:\/\/karchershop.az\/az\/wp-json\/wp\/v2\/product_tag?post=2076"}],"curies":[{"name":"wp","href":"https:\/\/api.w.org\/{rel}","templated":true}]}}