{"id":2087,"date":"2020-05-15T13:28:36","date_gmt":"2020-05-15T09:28:36","guid":{"rendered":"https:\/\/karchershop.az\/?post_type=product&#038;p=2087"},"modified":"2026-03-12T17:28:24","modified_gmt":"2026-03-12T13:28:24","slug":"nt-70-3-me-tc","status":"publish","type":"product","link":"https:\/\/karchershop.az\/az\/professional\/pylesosy-professional\/pylesosy-dlya-uboki-prolivov-suhogo-i-vlazhngo-musora\/nt-70-3-me-tc","title":{"rendered":"NT 70\/3 Me Tc"},"content":{"rendered":"<p>H\u0259tta b\u00f6y\u00fck qablar y\u00fcks\u0259k g\u00fccl\u0259 soranda tez doldurur. B\u00f6y\u00fck bir h\u0259cm bo\u015faltma \u00fc\u00e7\u00fcn da\u015f\u0131nmas\u0131 laz\u0131m olan b\u00f6y\u00fck bir a\u011f\u0131rl\u0131q dem\u0259kdir. Yeni NT 70 ail\u0259nin \u0259yilmi\u015f alt g\u0259misi bu bax\u0131mdan ikiqatd\u0131r: bo\u015f yer\u0259 ke\u00e7dikd\u0259n sonra plastik v\u0259 ya metal konteyner etibarl\u0131 bir qolu istifad\u0259 ed\u0259r\u0259k sad\u0259c\u0259 qalx\u0131r v\u0259 bo\u015fal\u0131r.\nBu vaxta q\u0259na\u0259t edir v\u0259 k\u00fcr\u0259yinizi qoruyur. Me Tc versiyas\u0131 ment\u0259\u015f\u0259li \u015fassi il\u0259 t\u0259chiz olunmu\u015fdur, bunun say\u0259sind\u0259 toplanm\u0131\u015f tullant\u0131lar\u0131 tez v\u0259 s\u0259ysiz atmaq m\u00fcmk\u00fcnd\u00fcr.<\/p>","protected":false},"excerpt":{"rendered":"<p>Antrasit r\u0259ngind\u0259 haz\u0131rlanm\u0131\u015f Karcher NT 70\/3 Me Tc tozsoran\u0131n\u0131n yenil\u0259nmi\u015f bir versiyas\u0131. Tozsoran Karcher NT 70\/3 Tc - \u00fc\u00e7 elektrik m\u00fch\u0259rriki il\u0259, h\u0259r biri cihaz\u0131n \u00f6n hiss\u0259sind\u0259 ayr\u0131 bir ke\u00e7id il\u0259 t\u0259chiz olunmu\u015fdur, \u0259n b\u00f6y\u00fck v\u0259 a\u011f\u0131r da\u011f\u0131nt\u0131lar\u0131 \u00e7\u0131xarma\u011fa qadirdir. NT 70 ail\u0259si, m\u00fcxt\u0259lif sayda m\u00fch\u0259rrikl\u0259ri olan (3 \u0259d\u0259d q\u0259d\u0259r) quru v\u0259 n\u0259m t\u0259mizlik \u00fc\u00e7\u00fcn b\u00f6y\u00fck, g\u00fccl\u00fc tozsoranlardan ibar\u0259tdir. N\u0259m t\u0259mizlik v\u0259 b\u00f6y\u00fck zibil il\u0259 \u0259mm\u0259k qabiliyy\u0259tin\u0259 g\u0259ldikd\u0259 x\u00fcsusil\u0259 t\u0259sir edici olan modell\u0259rin tam bir x\u0259tti. Y\u00fcks\u0259k sorucu g\u00fcc\u00fc v\u0259 a\u015fa\u011f\u0131 qiym\u0259t\u0259 s\u00fcbut edilmi\u015f K\u00e4rcher keyfiyy\u0259ti. Me Tc versiyas\u0131 ment\u0259\u015f\u0259li \u015fassi il\u0259 t\u0259chiz olunmu\u015fdur, bunun say\u0259sind\u0259 toplanm\u0131\u015f tullant\u0131lar\u0131 tez v\u0259 s\u0259ysiz atmaq m\u00fcmk\u00fcnd\u00fcr.<\/p>","protected":false},"featured_media":2088,"comment_status":"open","ping_status":"closed","template":"","meta":[],"product_cat":[271,19,276],"product_tag":[],"class_list":{"0":"post-2087","1":"product","2":"type-product","3":"status-publish","4":"has-post-thumbnail","6":"product_cat-pylesosy-professional","7":"product_cat-professional","8":"product_cat-pylesosy-dlya-uboki-prolivov-suhogo-i-vlazhngo-musora","10":"first","11":"instock","12":"shipping-taxable","13":"purchasable","14":"product-type-simple"},"_links":{"self":[{"href":"https:\/\/karchershop.az\/az\/wp-json\/wp\/v2\/product\/2087","targetHints":{"allow":["GET"]}}],"collection":[{"href":"https:\/\/karchershop.az\/az\/wp-json\/wp\/v2\/product"}],"about":[{"href":"https:\/\/karchershop.az\/az\/wp-json\/wp\/v2\/types\/product"}],"replies":[{"embeddable":true,"href":"https:\/\/karchershop.az\/az\/wp-json\/wp\/v2\/comments?post=2087"}],"wp:featuredmedia":[{"embeddable":true,"href":"https:\/\/karchershop.az\/az\/wp-json\/wp\/v2\/media\/2088"}],"wp:attachment":[{"href":"https:\/\/karchershop.az\/az\/wp-json\/wp\/v2\/media?parent=2087"}],"wp:term":[{"taxonomy":"product_cat","embeddable":true,"href":"https:\/\/karchershop.az\/az\/wp-json\/wp\/v2\/product_cat?post=2087"},{"taxonomy":"product_tag","embeddable":true,"href":"https:\/\/karchershop.az\/az\/wp-json\/wp\/v2\/product_tag?post=2087"}],"curies":[{"name":"wp","href":"https:\/\/api.w.org\/{rel}","templated":true}]}}