{"id":209,"date":"2020-04-27T10:12:19","date_gmt":"2020-04-27T06:12:19","guid":{"rendered":"https:\/\/karchershop.az\/?post_type=product&#038;p=209"},"modified":"2026-05-01T21:34:57","modified_gmt":"2026-05-01T17:34:57","slug":"k-2-universal","status":"publish","type":"product","link":"https:\/\/karchershop.az\/az\/home-garden\/mojki-vysokogo-davleniya\/k-2-universal","title":{"rendered":"K2 Universal Edition"},"content":{"rendered":"<p>Mini moyka aparati K2 Universal Edition yuyucu aparat, y\u00fcng\u00fcl kirl\u0259nm\u0259l\u0259r \u00fc\u00e7\u00fcn universald\u0131r. Mini moyka aparati K2 kompakt ve rahat da\u015f\u0131nma imkan\u0131na sahib yuyucu aparat, ba\u011f al\u0259tl\u0259rini, velosipedl\u0259ri, hasarlar\u0131, ba\u011f mebell\u0259rini v\u0259 daha \u00e7oxunu m\u00fck\u0259mm\u0259l \u015f\u0259kild\u0259 t\u0259mizl\u0259m\u0259k imkan\u0131na malik y\u00fcks\u0259k t\u0259zyiqli aparatd\u0131r. Y\u00fcng\u00fcl \u00e7\u0259kisi v\u0259 daxili rahat da\u015f\u0131ma d\u0259st\u0259yi il\u0259 siz K 2 Universal Edition-\u0131 ehtiyac\u0131n\u0131z olan yer\u0259 asanl\u0131qla da\u015f\u0131ya bil\u0259rsiniz. Mini moyka aparati K2 UN\u0130VERSAL EDITION \u2013 y\u00fcks\u0259k t\u0259zyiqli yuyucusuna standart avadanl\u0131qla t\u0259chiz edilmi\u015f su filtri, p\u00fcsk\u00fcrtm\u0259 ba\u015fl\u0131\u011f\u0131, 3 metrlik \u015flanq v\u0259 nasosu kir hiss\u0259cikl\u0259rinin daxil olmas\u0131ndan qoruyan d\u00fcz reaktiv ba\u015fl\u0131q daxildir.  Mini moyka aparati K2 Universal Edition Quick Connect sistemi \u0259lav\u0259 rahatl\u0131q t\u0259min edir, \u00e7\u00fcnki onun s\u00fcr\u0259tli qo\u015fulmas\u0131 \u00fc\u00e7 metrlik y\u00fcks\u0259k t\u0259zyiqli \u015flanq\u0131 cihazdan qo\u015fub ay\u0131rma\u011fa v\u0259 y\u00fcks\u0259k t\u0259zyiqli tabancan\u0131 istifad\u0259 etm\u0259y\u0259 imkan verir. Alman texnologiyas\u0131 il\u0259 haz\u0131rlanm\u0131\u015f mini moyka aparati K2 Universal Edition t\u0259zyiqli yuyucu aparat\u0131n\u0131 el\u0259 indi sifari\u015f edin.<\/p>","protected":false},"excerpt":{"rendered":"<p>Mini moyka aparati y\u00fcng\u00fcl \u00e7irkl\u0259nm\u0259 \u00fc\u00e7\u00fcn K2 UN\u0130VERSAL ED\u0130T\u0130ON y\u00fcks\u0259k t\u0259zyiqli yuyucu ideal se\u00e7imdir. K2 UN\u0130VERSAL ED\u0130T\u0130ON mini moyka aparati 20 m2\/saat sah\u0259 performans\u0131 v\u0259 110 bar maksimum t\u0259zyiq\u0259 malikdir. 80% suya q\u0259na\u0259t ed\u0259n K2 Universal Edition istifad\u0259\u00e7il\u0259rin sevimlisidir!<\/p>","protected":false},"featured_media":210,"comment_status":"open","ping_status":"closed","template":"","meta":[],"product_cat":[15,20],"product_tag":[252],"class_list":{"0":"post-209","1":"product","2":"type-product","3":"status-publish","4":"has-post-thumbnail","6":"product_cat-home-garden","7":"product_cat-mojki-vysokogo-davleniya","8":"product_tag-pressure-washers","10":"first","11":"instock","12":"shipping-taxable","13":"purchasable","14":"product-type-simple"},"_links":{"self":[{"href":"https:\/\/karchershop.az\/az\/wp-json\/wp\/v2\/product\/209","targetHints":{"allow":["GET"]}}],"collection":[{"href":"https:\/\/karchershop.az\/az\/wp-json\/wp\/v2\/product"}],"about":[{"href":"https:\/\/karchershop.az\/az\/wp-json\/wp\/v2\/types\/product"}],"replies":[{"embeddable":true,"href":"https:\/\/karchershop.az\/az\/wp-json\/wp\/v2\/comments?post=209"}],"wp:featuredmedia":[{"embeddable":true,"href":"https:\/\/karchershop.az\/az\/wp-json\/wp\/v2\/media\/210"}],"wp:attachment":[{"href":"https:\/\/karchershop.az\/az\/wp-json\/wp\/v2\/media?parent=209"}],"wp:term":[{"taxonomy":"product_cat","embeddable":true,"href":"https:\/\/karchershop.az\/az\/wp-json\/wp\/v2\/product_cat?post=209"},{"taxonomy":"product_tag","embeddable":true,"href":"https:\/\/karchershop.az\/az\/wp-json\/wp\/v2\/product_tag?post=209"}],"curies":[{"name":"wp","href":"https:\/\/api.w.org\/{rel}","templated":true}]}}