{"id":2145,"date":"2020-05-15T14:02:18","date_gmt":"2020-05-15T10:02:18","guid":{"rendered":"https:\/\/karchershop.az\/?post_type=product&#038;p=2145"},"modified":"2026-05-01T21:35:30","modified_gmt":"2026-05-01T17:35:30","slug":"nt-75-2-ap-me-tc","status":"publish","type":"product","link":"https:\/\/karchershop.az\/az\/professional\/pylesosy-professional\/pylesosy-dlya-uboki-prolivov-suhogo-i-vlazhngo-musora\/nt-75-2-ap-me-tc","title":{"rendered":"NT 75\/2 AP M\u0435 TC"},"content":{"rendered":"<p>Tozsoran NT 75\/2 Ap Me Tc, \u00e7\u0259tin s\u0259naye t\u0259mizl\u0259nm\u0259si \u015f\u0259rtl\u0259ri \u00fc\u00e7\u00fcn haz\u0131rlanm\u0131\u015fd\u0131r. \u0130ki g\u00fccl\u00fc turbin, b\u00f6y\u00fck bir tullant\u0131 qutusu, patentli filtrasiya sistemi v\u0259 yar\u0131 avtomatik filtr t\u0259mizl\u0259yici sistem ard\u0131c\u0131l olaraq y\u00fcks\u0259k sorucu q\u00fcvv\u0259si il\u0259 fasil\u0259siz i\u015fl\u0259m\u0259yi t\u0259min edir. Yar\u0131m avtomatik filtr t\u0259mizl\u0259nm\u0259si. Ment\u0259\u015f\u0259li \u015fassi. D\u00fcz \u00f6rt\u00fckl\u00fc filtr (M kateqoriyas\u0131)<\/p>","protected":false},"excerpt":{"rendered":"<p>Tozsoran NT 75\/2 Ap Me Tc, \u00e7\u0259tin s\u0259naye t\u0259mizl\u0259nm\u0259si \u015f\u0259rtl\u0259ri \u00fc\u00e7\u00fcn haz\u0131rlanm\u0131\u015fd\u0131r. \u0130ki g\u00fccl\u00fc turbin, b\u00f6y\u00fck bir tullant\u0131 qutusu, patentli filtrasiya sistemi v\u0259 yar\u0131 avtomatik filtr t\u0259mizl\u0259yici sistem ard\u0131c\u0131l olaraq y\u00fcks\u0259k sorucu q\u00fcvv\u0259si il\u0259 fasil\u0259siz i\u015fl\u0259m\u0259yi t\u0259min edir.<\/p>","protected":false},"featured_media":2146,"comment_status":"open","ping_status":"closed","template":"","meta":[],"product_cat":[271,19,276],"product_tag":[],"class_list":{"0":"post-2145","1":"product","2":"type-product","3":"status-publish","4":"has-post-thumbnail","6":"product_cat-pylesosy-professional","7":"product_cat-professional","8":"product_cat-pylesosy-dlya-uboki-prolivov-suhogo-i-vlazhngo-musora","10":"first","11":"instock","12":"shipping-taxable","13":"purchasable","14":"product-type-simple"},"_links":{"self":[{"href":"https:\/\/karchershop.az\/az\/wp-json\/wp\/v2\/product\/2145","targetHints":{"allow":["GET"]}}],"collection":[{"href":"https:\/\/karchershop.az\/az\/wp-json\/wp\/v2\/product"}],"about":[{"href":"https:\/\/karchershop.az\/az\/wp-json\/wp\/v2\/types\/product"}],"replies":[{"embeddable":true,"href":"https:\/\/karchershop.az\/az\/wp-json\/wp\/v2\/comments?post=2145"}],"wp:featuredmedia":[{"embeddable":true,"href":"https:\/\/karchershop.az\/az\/wp-json\/wp\/v2\/media\/2146"}],"wp:attachment":[{"href":"https:\/\/karchershop.az\/az\/wp-json\/wp\/v2\/media?parent=2145"}],"wp:term":[{"taxonomy":"product_cat","embeddable":true,"href":"https:\/\/karchershop.az\/az\/wp-json\/wp\/v2\/product_cat?post=2145"},{"taxonomy":"product_tag","embeddable":true,"href":"https:\/\/karchershop.az\/az\/wp-json\/wp\/v2\/product_tag?post=2145"}],"curies":[{"name":"wp","href":"https:\/\/api.w.org\/{rel}","templated":true}]}}