{"id":2177,"date":"2020-05-16T13:43:00","date_gmt":"2020-05-16T09:43:00","guid":{"rendered":"https:\/\/karchershop.az\/?post_type=product&#038;p=2177"},"modified":"2026-05-01T21:35:30","modified_gmt":"2026-05-01T17:35:30","slug":"nt-50-1-tact-te-l-antistaticheskoe-ispolnenie","status":"publish","type":"product","link":"https:\/\/karchershop.az\/az\/professional\/pylesosy-professional\/pylesosy-dlya-uboki-prolivov-suhogo-i-vlazhngo-musora\/nt-50-1-tact-te-l-antistaticheskoe-ispolnenie","title":{"rendered":"NT 50\/1 Tact Te"},"content":{"rendered":"<p>\u0130nc\u0259 toz, b\u00f6y\u00fck zibil v\u0259 mayel\u0259r: tikinti \u00fc\u00e7\u00fcn professional tozsoran Karcher n\u0259m v\u0259 quru zibill\u0259r \u00fc\u00e7\u00fcn NT 50\/1 Tact Te quru v\u0259 n\u0259m tozsoran\u0131m\u0131z ist\u0259nil\u0259n i\u015fi h\u0259ll ed\u0259 bil\u0259r. 50 litr h\u0259cmli \u00e7\u0131rp\u0131c\u0131 v\u0259 metal d\u00f6ng\u0259 t\u00f6km\u0259 kondensat v\u0259 ya\u011fa davaml\u0131 bir ax\u0131c\u0131 \u015flanq, h\u00fcnd\u00fcrl\u00fcy\u0259 g\u00f6r\u0259 t\u0259nziml\u0259n\u0259n tutacaq t\u0259mizl\u0259yici emalatxanalar\u0131, istehsalatdak\u0131 avadanl\u0131qlar\u0131 v\u0259 tikinti sah\u0259l\u0259rind\u0259 istifad\u0259ni ideal hala g\u0259tirir. Cihaz, s\u0259naye v\u0259 tikinti sah\u0259sind\u0259ki \u0259n t\u0259l\u0259bkar m\u00fc\u015ft\u0259ril\u0259r \u00fc\u00e7\u00fcn haz\u0131rlanm\u0131\u015f, pe\u015f\u0259kar avadanl\u0131qlara g\u00fcv\u0259n\u0259n v\u0259 g\u00fcnd\u0259lik istifad\u0259d\u0259 hamar, tozsuz i\u015fl\u0259m\u0259yi qiym\u0259tl\u0259ndir\u0259nl\u0259rdir.\nBununla yana\u015f\u0131, s\u00fcbut olunmu\u015f Takt filtr t\u0259mizl\u0259yici sistemi v\u0259 n\u0259m\u0259 davaml\u0131 d\u00fcz \u00f6rt\u00fckl\u00fc PES filtri il\u0259 t\u0259min olunur. Avtomatik a\u00e7ma \/ s\u00f6nd\u00fcrm\u0259 il\u0259 qura\u015fd\u0131r\u0131lm\u0131\u015f bir rozetka, al\u0259t il\u0259 i\u015fi asanla\u015fd\u0131r\u0131r v\u0259 yeni bir m\u0259rk\u0259zi f\u0131rlanan ke\u00e7id asanl\u0131qla sorucu parametrl\u0259rinin se\u00e7ilm\u0259sini t\u0259min edir, g\u00fcc ayr\u0131 bir qoldan istifad\u0259 ed\u0259r\u0259k t\u0259nziml\u0259n\u0259 bil\u0259r. Yeni erqonomik aksesuarlar standartd\u0131r v\u0259 inteqrasiya olunmu\u015f saxlama b\u00f6lm\u0259l\u0259rind\u0259 rahatl\u0131qla saxlan\u0131la bil\u0259r.<\/p>","protected":false},"excerpt":{"rendered":"<p>Tikinti \u00fc\u00e7\u00fcn professional tozsoran Karcher n\u0259m v\u0259 quru zibill\u0259r \u00fc\u00e7\u00fcn NT 50\/1 Tact Te \u00e7oxfunksiyal\u0131d\u0131r. Bir t\u0259nziml\u0259n\u0259n qolu, bir ax\u0131c\u0131 \u015flanq v\u0259 bir elektrik al\u0259tini birl\u0259\u015fdirm\u0259k \u00fc\u00e7\u00fcn qura\u015fd\u0131r\u0131lm\u0131\u015f elektrik \u00e7\u0131x\u0131\u015f\u0131 olan 50 litrlik bir konteyner il\u0259 t\u0259chiz olunmu\u015fdur.<\/p>","protected":false},"featured_media":2178,"comment_status":"open","ping_status":"closed","template":"","meta":[],"product_cat":[271,19,276],"product_tag":[],"class_list":{"0":"post-2177","1":"product","2":"type-product","3":"status-publish","4":"has-post-thumbnail","6":"product_cat-pylesosy-professional","7":"product_cat-professional","8":"product_cat-pylesosy-dlya-uboki-prolivov-suhogo-i-vlazhngo-musora","10":"first","11":"instock","12":"shipping-taxable","13":"purchasable","14":"product-type-simple"},"_links":{"self":[{"href":"https:\/\/karchershop.az\/az\/wp-json\/wp\/v2\/product\/2177","targetHints":{"allow":["GET"]}}],"collection":[{"href":"https:\/\/karchershop.az\/az\/wp-json\/wp\/v2\/product"}],"about":[{"href":"https:\/\/karchershop.az\/az\/wp-json\/wp\/v2\/types\/product"}],"replies":[{"embeddable":true,"href":"https:\/\/karchershop.az\/az\/wp-json\/wp\/v2\/comments?post=2177"}],"wp:featuredmedia":[{"embeddable":true,"href":"https:\/\/karchershop.az\/az\/wp-json\/wp\/v2\/media\/2178"}],"wp:attachment":[{"href":"https:\/\/karchershop.az\/az\/wp-json\/wp\/v2\/media?parent=2177"}],"wp:term":[{"taxonomy":"product_cat","embeddable":true,"href":"https:\/\/karchershop.az\/az\/wp-json\/wp\/v2\/product_cat?post=2177"},{"taxonomy":"product_tag","embeddable":true,"href":"https:\/\/karchershop.az\/az\/wp-json\/wp\/v2\/product_tag?post=2177"}],"curies":[{"name":"wp","href":"https:\/\/api.w.org\/{rel}","templated":true}]}}