{"id":2190,"date":"2020-05-16T13:47:36","date_gmt":"2020-05-16T09:47:36","guid":{"rendered":"https:\/\/karchershop.az\/?post_type=product&#038;p=2190"},"modified":"2026-05-01T21:35:30","modified_gmt":"2026-05-01T17:35:30","slug":"nt-65-2-tact-tc","status":"publish","type":"product","link":"https:\/\/karchershop.az\/az\/professional\/pylesosy-professional\/pylesosy-dlya-uboki-prolivov-suhogo-i-vlazhngo-musora\/nt-65-2-tact-tc","title":{"rendered":"NT 65\/2 Tact\u00b2"},"content":{"rendered":"<p>NT 65\/2 Tact\u00b2 Tc birinci d\u0259r\u0259c\u0259li pe\u015f\u0259kar cihaz davaml\u0131 t\u0259mizliyi t\u0259min ed\u0259n v\u0259 filtr d\u0259yi\u015fdirm\u0259 tezliyini \u0259h\u0259miyy\u0259tli d\u0259r\u0259c\u0259d\u0259 art\u0131ra bil\u0259n ikili K\u00e4rcher Tact\u00b2 sistemi il\u0259 t\u0259chiz edilmi\u015fdir. Takt tozsoranlar\u0131 b\u00f6y\u00fck tullant\u0131lar v\u0259 \u00e7ox miqdarda inc\u0259 toz toplamaq \u00fc\u00e7\u00fcn laz\u0131m olan h\u0259r \u015feyl\u0259 standart \u015f\u0259kild\u0259 t\u0259chiz edilmi\u015fdir. NT 65\/2 Tact\u00b2 Tc, d\u00f6\u015f\u0259m\u0259l\u0259ri z\u0131mpara ed\u0259rk\u0259n t\u0259mizl\u0259m\u0259k \u00fc\u00e7\u00fcn m\u00fck\u0259mm\u0259ldir, \u0259vv\u0259ll\u0259r daha b\u00f6y\u00fck \u00e7\u0259ki olan b\u00f6y\u00fck tozsoranlar\u0131n istifad\u0259sini t\u0259l\u0259b edirdi. \u00dcst\u00fcnl\u00fckl\u0259ri: Tact\u00b2 avtomatik filtr t\u0259mizl\u0259yici sistemi, atistatik sistem, h\u0259r\u0259k\u0259t \u00fc\u00e7\u00fcn t\u0259nziml\u0259n\u0259n qol.<\/p>","protected":false},"excerpt":{"rendered":"<p>NT 65\/2 Tact\u00b2 Tc birinci d\u0259r\u0259c\u0259li pe\u015f\u0259kar cihaz, davaml\u0131 t\u0259mizliyi t\u0259min ed\u0259n v\u0259 filtr d\u0259yi\u015fdirm\u0259 tezliyini \u0259h\u0259miyy\u0259tli d\u0259r\u0259c\u0259d\u0259 art\u0131ra bil\u0259n ikili K\u00e4rcher Tact\u00b2 sistemi il\u0259 t\u0259chiz edilmi\u015fdir. Takt tozsoranlar\u0131 b\u00f6y\u00fck tullant\u0131lar v\u0259 \u00e7ox miqdarda inc\u0259 toz toplamaq \u00fc\u00e7\u00fcn laz\u0131m olan h\u0259r \u015feyl\u0259 standart \u015f\u0259kild\u0259 t\u0259chiz edilmi\u015fdir.<\/p>","protected":false},"featured_media":2191,"comment_status":"open","ping_status":"closed","template":"","meta":[],"product_cat":[271,19,276],"product_tag":[],"class_list":{"0":"post-2190","1":"product","2":"type-product","3":"status-publish","4":"has-post-thumbnail","6":"product_cat-pylesosy-professional","7":"product_cat-professional","8":"product_cat-pylesosy-dlya-uboki-prolivov-suhogo-i-vlazhngo-musora","10":"first","11":"instock","12":"shipping-taxable","13":"purchasable","14":"product-type-simple"},"_links":{"self":[{"href":"https:\/\/karchershop.az\/az\/wp-json\/wp\/v2\/product\/2190","targetHints":{"allow":["GET"]}}],"collection":[{"href":"https:\/\/karchershop.az\/az\/wp-json\/wp\/v2\/product"}],"about":[{"href":"https:\/\/karchershop.az\/az\/wp-json\/wp\/v2\/types\/product"}],"replies":[{"embeddable":true,"href":"https:\/\/karchershop.az\/az\/wp-json\/wp\/v2\/comments?post=2190"}],"wp:featuredmedia":[{"embeddable":true,"href":"https:\/\/karchershop.az\/az\/wp-json\/wp\/v2\/media\/2191"}],"wp:attachment":[{"href":"https:\/\/karchershop.az\/az\/wp-json\/wp\/v2\/media?parent=2190"}],"wp:term":[{"taxonomy":"product_cat","embeddable":true,"href":"https:\/\/karchershop.az\/az\/wp-json\/wp\/v2\/product_cat?post=2190"},{"taxonomy":"product_tag","embeddable":true,"href":"https:\/\/karchershop.az\/az\/wp-json\/wp\/v2\/product_tag?post=2190"}],"curies":[{"name":"wp","href":"https:\/\/api.w.org\/{rel}","templated":true}]}}