{"id":222,"date":"2020-04-27T10:14:19","date_gmt":"2020-04-27T06:14:19","guid":{"rendered":"https:\/\/karchershop.az\/?post_type=product&#038;p=222"},"modified":"2026-05-01T21:34:58","modified_gmt":"2026-05-01T17:34:58","slug":"k-2-classic","status":"publish","type":"product","link":"https:\/\/karchershop.az\/az\/home-garden\/mojki-vysokogo-davleniya\/k-2-classic","title":{"rendered":"K 2 Classic"},"content":{"rendered":"<p>K 2 Classic, t\u0259sad\u00fcfi istifad\u0259 v\u0259 az \u00e7irkl\u0259nm\u0259 \u00fc\u00e7\u00fcn ideal moyka aparatidir. Y\u0131\u011fcam, y\u00fcng\u00fcl v\u0259 asan da\u015f\u0131n\u0131la edil\u0259 bil\u0259n bu moyka aparat\u0131, velosipedl\u0259ri, ba\u011f al\u0259tl\u0259rini, ba\u011f mebell\u0259rini v\u0259 daha \u00e7oxunu m\u00fck\u0259mm\u0259lliy\u0259 q\u0259d\u0259r t\u0259mizl\u0259yir. T\u0259mizl\u0259m\u0259 tap\u015f\u0131r\u0131\u011f\u0131n\u0131 yerin\u0259 yetirdikd\u0259n sonra bu moyka aprat\u0131 \u00e7ox yer tutmadan saxlan\u0131la bil\u0259r. K 2 Classic-in standart avadanl\u0131qlar\u0131, nasosu \u00e7irk hiss\u0259cikl\u0259rind\u0259n qorumaq \u00fc\u00e7\u00fcn bir p\u00fcsk\u00fcrtm\u0259 tabancas\u0131, 3 m uzunlu\u011fa \u015flanq, d\u00fcz ba\u015fl\u0131q v\u0259 su filtri daxildir. Texniki m\u0259lumatlar: g\u00fcc\u00fc 20 m2 \/ saat, t\u0259zyiq 110 bar maksimum, istehlak 360 l \/ saat maksimum.<\/p>","protected":false},"excerpt":{"rendered":"<p>K 2 Classic, 20 kvadrat metr\u0259d\u0259k \u0259razil\u0259rd\u0259 istifad\u0259 olunan y\u00fcks\u0259k t\u0259zyiq yuyucusu, y\u0259ni, moyka aparat\u0131d\u0131r v\u0259 y\u00fcng\u00fcl \u00e7irkl\u0259nm\u0259 \u00fc\u00e7\u00fcn uygundur. Karcher moyka aparatlari s\u0259rf\u0259li qiym\u0259tl\u0259rl\u0259.<\/p>","protected":false},"featured_media":223,"comment_status":"open","ping_status":"closed","template":"","meta":[],"product_cat":[20,15],"product_tag":[252],"class_list":{"0":"post-222","1":"product","2":"type-product","3":"status-publish","4":"has-post-thumbnail","6":"product_cat-mojki-vysokogo-davleniya","7":"product_cat-home-garden","8":"product_tag-pressure-washers","10":"first","11":"instock","12":"shipping-taxable","13":"purchasable","14":"product-type-simple"},"_links":{"self":[{"href":"https:\/\/karchershop.az\/az\/wp-json\/wp\/v2\/product\/222","targetHints":{"allow":["GET"]}}],"collection":[{"href":"https:\/\/karchershop.az\/az\/wp-json\/wp\/v2\/product"}],"about":[{"href":"https:\/\/karchershop.az\/az\/wp-json\/wp\/v2\/types\/product"}],"replies":[{"embeddable":true,"href":"https:\/\/karchershop.az\/az\/wp-json\/wp\/v2\/comments?post=222"}],"wp:featuredmedia":[{"embeddable":true,"href":"https:\/\/karchershop.az\/az\/wp-json\/wp\/v2\/media\/223"}],"wp:attachment":[{"href":"https:\/\/karchershop.az\/az\/wp-json\/wp\/v2\/media?parent=222"}],"wp:term":[{"taxonomy":"product_cat","embeddable":true,"href":"https:\/\/karchershop.az\/az\/wp-json\/wp\/v2\/product_cat?post=222"},{"taxonomy":"product_tag","embeddable":true,"href":"https:\/\/karchershop.az\/az\/wp-json\/wp\/v2\/product_tag?post=222"}],"curies":[{"name":"wp","href":"https:\/\/api.w.org\/{rel}","templated":true}]}}