{"id":2233,"date":"2020-05-16T14:06:08","date_gmt":"2020-05-16T10:06:08","guid":{"rendered":"https:\/\/karchershop.az\/?post_type=product&#038;p=2233"},"modified":"2024-07-10T15:08:05","modified_gmt":"2024-07-10T11:08:05","slug":"pw-30-1-dlya-puzzi-30-4","status":"publish","type":"product","link":"https:\/\/karchershop.az\/az\/professional\/moyushhie-pylesosy-i-mashiny-dlya-chistki-kovrovyh-pokrytij\/pw-30-1-dlya-puzzi-30-4","title":{"rendered":"PW 30\/1 (\u0434\u043b\u044f Puzzi)"},"content":{"rendered":"<p>30\/1 f\u0131r\u00e7a ba\u015fl\u0131\u011f\u0131 d\u0259rin t\u0259mizl\u0259nm\u0259 prosesini s\u00fcr\u0259tl\u0259ndirm\u0259k \u00fc\u00e7\u00fcn Puzzi 200 \u00fc\u00e7\u00fcn \u0259lav\u0259 bir aksesuar olaraq haz\u0131rlanm\u0131\u015fd\u0131r. Bu f\u0131r\u00e7a yuma ba\u015fl\u0131\u011f\u0131 m\u0259hsuldarl\u0131\u011f\u0131 t\u0259xmin\u0259n 35% art\u0131r\u0131r. Bir d\u0259f\u0259 sprey etm\u0259y\u0259, t\u0259mizl\u0259m\u0259y\u0259 v\u0259 sormaya imkan verir. Artan i\u015fl\u0259m\u0259 geni\u015fliyi 315 mm (PW 10 \u00fc\u00e7\u00fcn 235 mm), m\u0259hsuldarl\u0131\u011f\u0131 25% art\u0131r\u0131r, Puzzi 200 il\u0259 t\u0259chiz edilmi\u015f PW 30\/1 daha s\u0259m\u0259r\u0259li t\u0259mizl\u0259yici sistemdir v\u0259 \u0259la n\u0259tic\u0259l\u0259r verir.<\/p>","protected":false},"excerpt":{"rendered":"<p>Bu sprey ma\u015f\u0131n\u0131, mebel \u00f6rt\u00fckl\u0259rini t\u0259mizl\u0259m\u0259k v\u0259 ya xal\u015fada l\u0259k\u0259ri aradan qald\u0131rmaq \u00fc\u00e7\u00fcn effektiv \u015f\u0259kild\u0259 istifad\u0259 edil\u0259 bil\u0259r. S\u0259thl\u0259rd\u0259 \u00e7ox az n\u0259m buraxd\u0131\u011f\u0131 \u00fc\u00e7\u00fcn t\u0259mizl\u0259nmi\u015f xal\u00e7alar v\u0259 d\u00f6\u015f\u0259m\u0259l\u0259r q\u0131sa m\u00fcdd\u0259td\u0259n sonra yenid\u0259n istifad\u0259 edil\u0259 bil\u0259r.<\/p>","protected":false},"featured_media":2235,"comment_status":"open","ping_status":"closed","template":"","meta":[],"product_cat":[19,277],"product_tag":[],"class_list":{"0":"post-2233","1":"product","2":"type-product","3":"status-publish","4":"has-post-thumbnail","6":"product_cat-professional","7":"product_cat-moyushhie-pylesosy-i-mashiny-dlya-chistki-kovrovyh-pokrytij","9":"first","10":"instock","11":"shipping-taxable","12":"purchasable","13":"product-type-simple"},"_links":{"self":[{"href":"https:\/\/karchershop.az\/az\/wp-json\/wp\/v2\/product\/2233","targetHints":{"allow":["GET"]}}],"collection":[{"href":"https:\/\/karchershop.az\/az\/wp-json\/wp\/v2\/product"}],"about":[{"href":"https:\/\/karchershop.az\/az\/wp-json\/wp\/v2\/types\/product"}],"replies":[{"embeddable":true,"href":"https:\/\/karchershop.az\/az\/wp-json\/wp\/v2\/comments?post=2233"}],"wp:featuredmedia":[{"embeddable":true,"href":"https:\/\/karchershop.az\/az\/wp-json\/wp\/v2\/media\/2235"}],"wp:attachment":[{"href":"https:\/\/karchershop.az\/az\/wp-json\/wp\/v2\/media?parent=2233"}],"wp:term":[{"taxonomy":"product_cat","embeddable":true,"href":"https:\/\/karchershop.az\/az\/wp-json\/wp\/v2\/product_cat?post=2233"},{"taxonomy":"product_tag","embeddable":true,"href":"https:\/\/karchershop.az\/az\/wp-json\/wp\/v2\/product_tag?post=2233"}],"curies":[{"name":"wp","href":"https:\/\/api.w.org\/{rel}","templated":true}]}}