{"id":2243,"date":"2020-05-16T14:19:29","date_gmt":"2020-05-16T10:19:29","guid":{"rendered":"https:\/\/karchershop.az\/?post_type=product&#038;p=2243"},"modified":"2025-09-15T15:20:21","modified_gmt":"2025-09-15T11:20:21","slug":"brc-30-15-c","status":"publish","type":"product","link":"https:\/\/karchershop.az\/az\/professional\/moyushhie-pylesosy-i-mashiny-dlya-chistki-kovrovyh-pokrytij\/brc-30-15-c","title":{"rendered":"BRC 30\/15 C"},"content":{"rendered":"<p>BRC 30\/15 C,<\/p>","protected":false},"excerpt":{"rendered":"<p>Xal\u00e7alar\u0131n g\u00fcnl\u00fck v\u0259 \u00fcmumi t\u0259mizl\u0259nm\u0259si \u00fc\u00e7\u00fcn uy\u011fun olan                  kompakt BRC 30\/15 C ma\u015f\u0131n\u0131. Tez, s\u0259m\u0259r\u0259lli v\u0259 d\u0259rin xal\u00e7a t\u0259mizliyi. 200-800 m2 aral\u0131\u011f\u0131ndak\u0131 \u0259razil\u0259rd\u0259 istifad\u0259 \u00fc\u00e7\u00fcn uy\u011fundur.<\/p>","protected":false},"featured_media":2244,"comment_status":"open","ping_status":"closed","template":"","meta":[],"product_cat":[19,277],"product_tag":[],"class_list":{"0":"post-2243","1":"product","2":"type-product","3":"status-publish","4":"has-post-thumbnail","6":"product_cat-professional","7":"product_cat-moyushhie-pylesosy-i-mashiny-dlya-chistki-kovrovyh-pokrytij","9":"first","10":"instock","11":"shipping-taxable","12":"purchasable","13":"product-type-simple"},"_links":{"self":[{"href":"https:\/\/karchershop.az\/az\/wp-json\/wp\/v2\/product\/2243","targetHints":{"allow":["GET"]}}],"collection":[{"href":"https:\/\/karchershop.az\/az\/wp-json\/wp\/v2\/product"}],"about":[{"href":"https:\/\/karchershop.az\/az\/wp-json\/wp\/v2\/types\/product"}],"replies":[{"embeddable":true,"href":"https:\/\/karchershop.az\/az\/wp-json\/wp\/v2\/comments?post=2243"}],"wp:featuredmedia":[{"embeddable":true,"href":"https:\/\/karchershop.az\/az\/wp-json\/wp\/v2\/media\/2244"}],"wp:attachment":[{"href":"https:\/\/karchershop.az\/az\/wp-json\/wp\/v2\/media?parent=2243"}],"wp:term":[{"taxonomy":"product_cat","embeddable":true,"href":"https:\/\/karchershop.az\/az\/wp-json\/wp\/v2\/product_cat?post=2243"},{"taxonomy":"product_tag","embeddable":true,"href":"https:\/\/karchershop.az\/az\/wp-json\/wp\/v2\/product_tag?post=2243"}],"curies":[{"name":"wp","href":"https:\/\/api.w.org\/{rel}","templated":true}]}}