{"id":2256,"date":"2020-05-16T14:24:16","date_gmt":"2020-05-16T10:24:16","guid":{"rendered":"https:\/\/karchershop.az\/?post_type=product&#038;p=2256"},"modified":"2026-05-01T21:35:32","modified_gmt":"2026-05-01T17:35:32","slug":"av-20","status":"publish","type":"product","link":"https:\/\/karchershop.az\/az\/professional\/moyushhie-pylesosy-i-mashiny-dlya-chistki-kovrovyh-pokrytij\/av-20","title":{"rendered":"AB 20 Ec *EU"},"content":{"rendered":"<p>AB 20 Ec qurutma ma\u015f\u0131n\u0131, n\u0259m t\u0259mizl\u0259ndikd\u0259n sonra toxuma s\u0259thl\u0259rinin qurumas\u0131n\u0131 s\u00fcr\u0259tl\u0259ndirm\u0259k \u00fc\u00e7\u00fcn haz\u0131rlanm\u0131\u015fd\u0131r. Y\u0131\u011fcam, y\u00fcng\u00fcl v\u0259 asan n\u0259ql olunan qur\u011fu qurutma m\u00fcdd\u0259tini 50% -\u0259 q\u0259d\u0259r azald\u0131r - t\u0259mizl\u0259nmi\u015f xal\u00e7alar ziyar\u0259t\u00e7il\u0259rin daha tez g\u0259lm\u0259l\u0259ri \u00fc\u00e7\u00fcn yenid\u0259n haz\u0131rd\u0131r. Bundan \u0259lav\u0259, qurutma ma\u015f\u0131n\u0131 \u00e7ox s\u0259ssizdir v\u0259 g\u00fcnd\u00fcz d\u0259 istifad\u0259 edil\u0259 bil\u0259r. Elektron a\u015f\u0131nmaya davaml\u0131 kommutasiya olunmu\u015f Ec m\u00fch\u0259rriki, a\u015fa\u011f\u0131 enerji istehlak\u0131na v\u0259 Avropa Enerji S\u0259m\u0259r\u0259liyi Qaydalar\u0131n\u0131n t\u0259l\u0259bl\u0259rin\u0259 cavab ver\u0259n uzun xidm\u0259t m\u00fcdd\u0259tin\u0259 z\u0259man\u0259t verir.<\/p>","protected":false},"excerpt":{"rendered":"<p>\u00c7ox s\u0259m\u0259r\u0259li, y\u0131\u011fcam v\u0259 etibarl\u0131 quruducu AB 20 Ec, n\u0259m t\u0259mizliyind\u0259n sonra xal\u00e7alar\u0131n qurutma m\u00fcdd\u0259tini 50%-\u0259 q\u0259d\u0259r azald\u0131r. Avropa enerji s\u0259m\u0259r\u0259liliyi qaydalar\u0131na uy\u011fundur.<\/p>","protected":false},"featured_media":2257,"comment_status":"open","ping_status":"closed","template":"","meta":[],"product_cat":[19,277],"product_tag":[],"class_list":{"0":"post-2256","1":"product","2":"type-product","3":"status-publish","4":"has-post-thumbnail","6":"product_cat-professional","7":"product_cat-moyushhie-pylesosy-i-mashiny-dlya-chistki-kovrovyh-pokrytij","9":"first","10":"instock","11":"shipping-taxable","12":"purchasable","13":"product-type-simple"},"_links":{"self":[{"href":"https:\/\/karchershop.az\/az\/wp-json\/wp\/v2\/product\/2256","targetHints":{"allow":["GET"]}}],"collection":[{"href":"https:\/\/karchershop.az\/az\/wp-json\/wp\/v2\/product"}],"about":[{"href":"https:\/\/karchershop.az\/az\/wp-json\/wp\/v2\/types\/product"}],"replies":[{"embeddable":true,"href":"https:\/\/karchershop.az\/az\/wp-json\/wp\/v2\/comments?post=2256"}],"wp:featuredmedia":[{"embeddable":true,"href":"https:\/\/karchershop.az\/az\/wp-json\/wp\/v2\/media\/2257"}],"wp:attachment":[{"href":"https:\/\/karchershop.az\/az\/wp-json\/wp\/v2\/media?parent=2256"}],"wp:term":[{"taxonomy":"product_cat","embeddable":true,"href":"https:\/\/karchershop.az\/az\/wp-json\/wp\/v2\/product_cat?post=2256"},{"taxonomy":"product_tag","embeddable":true,"href":"https:\/\/karchershop.az\/az\/wp-json\/wp\/v2\/product_tag?post=2256"}],"curies":[{"name":"wp","href":"https:\/\/api.w.org\/{rel}","templated":true}]}}