{"id":2276,"date":"2020-05-16T15:02:45","date_gmt":"2020-05-16T11:02:45","guid":{"rendered":"https:\/\/karchershop.az\/?post_type=product&#038;p=2276"},"modified":"2026-05-01T21:35:32","modified_gmt":"2026-05-01T17:35:32","slug":"br-30-4-c-ep","status":"publish","type":"product","link":"https:\/\/karchershop.az\/az\/professional\/polomojnye-mashiny\/br-30-4-c-ep","title":{"rendered":"BR 30\/4 C Ep"},"content":{"rendered":"<p>\u015eaquli dizayn\u0131 say\u0259sind\u0259, ultra kompakt \u015f\u0259b\u0259k\u0259 d\u00f6\u015f\u0259m\u0259y\u0259 qura\u015fd\u0131r\u0131lm\u0131\u015f sorucu v\u0259 ax\u0131c\u0131 ma\u015f\u0131n\u0131 BR 30\/4 C Ep \u015faquli tozsoran kimi manevr edil\u0259 bil\u0259r. Cihaz\u0131n f\u0131r\u00e7a t\u0259zyiqi adi mopdan 10 qat daha b\u00f6y\u00fckd\u00fcr. Roller f\u0131r\u00e7as\u0131 1500 rpm s\u00fcr\u0259tl\u0259 f\u0131rlan\u0131r. Ma\u015f\u0131n h\u0259m ir\u0259liy\u0259, h\u0259m d\u0259 geriy\u0259 h\u0259r\u0259k\u0259t ed\u0259rk\u0259n su toplay\u0131r. \u0130nadkar \u00e7irkl\u0259ri aradan qald\u0131rmaq \u00fc\u00e7\u00fcn, ayaq pedal\u0131 istifad\u0259 ed\u0259r\u0259k, sorucu \u015f\u00fcas\u0131 qald\u0131r\u0131la bil\u0259r. Ki\u00e7ik d\u00fckanlar\u0131, restoranlar\u0131, yanacaqdoldurma m\u0259nt\u0259q\u0259l\u0259rini, supermarketl\u0259ri, tibb idar\u0259l\u0259rini, otell\u0259ri v\u0259 yem\u0259kxanalar\u0131 t\u0259mizl\u0259m\u0259k \u00fc\u00e7\u00fcn ideald\u0131r. Bu model x\u00fcsusi probleml\u0259ri h\u0259ll etm\u0259k \u00fc\u00e7\u00fcn geni\u015f d\u00f6\u015f\u0259m\u0259 t\u0259mizl\u0259yici ma\u015f\u0131nlara \u0259lav\u0259 olaraq da istifad\u0259 edil\u0259 bil\u0259r.<\/p>","protected":false},"excerpt":{"rendered":"<p>Ultra y\u0131\u011fcam \u015f\u0259b\u0259k\u0259li BR 30\/4 C Ep yuyucu quruducu 4 litrlik tank v\u0259 diyirc\u0259kli f\u0131r\u00e7a texnologiyas\u0131 il\u0259.<\/p>","protected":false},"featured_media":2278,"comment_status":"open","ping_status":"closed","template":"","meta":[],"product_cat":[19,280],"product_tag":[],"class_list":{"0":"post-2276","1":"product","2":"type-product","3":"status-publish","4":"has-post-thumbnail","6":"product_cat-professional","7":"product_cat-polomojnye-mashiny","9":"first","10":"instock","11":"shipping-taxable","12":"product-type-simple"},"_links":{"self":[{"href":"https:\/\/karchershop.az\/az\/wp-json\/wp\/v2\/product\/2276","targetHints":{"allow":["GET"]}}],"collection":[{"href":"https:\/\/karchershop.az\/az\/wp-json\/wp\/v2\/product"}],"about":[{"href":"https:\/\/karchershop.az\/az\/wp-json\/wp\/v2\/types\/product"}],"replies":[{"embeddable":true,"href":"https:\/\/karchershop.az\/az\/wp-json\/wp\/v2\/comments?post=2276"}],"wp:featuredmedia":[{"embeddable":true,"href":"https:\/\/karchershop.az\/az\/wp-json\/wp\/v2\/media\/2278"}],"wp:attachment":[{"href":"https:\/\/karchershop.az\/az\/wp-json\/wp\/v2\/media?parent=2276"}],"wp:term":[{"taxonomy":"product_cat","embeddable":true,"href":"https:\/\/karchershop.az\/az\/wp-json\/wp\/v2\/product_cat?post=2276"},{"taxonomy":"product_tag","embeddable":true,"href":"https:\/\/karchershop.az\/az\/wp-json\/wp\/v2\/product_tag?post=2276"}],"curies":[{"name":"wp","href":"https:\/\/api.w.org\/{rel}","templated":true}]}}