{"id":2297,"date":"2020-05-16T15:06:32","date_gmt":"2020-05-16T11:06:32","guid":{"rendered":"https:\/\/karchershop.az\/?post_type=product&#038;p=2297"},"modified":"2026-05-01T21:35:32","modified_gmt":"2026-05-01T17:35:32","slug":"br-30-4-c-adv","status":"publish","type":"product","link":"https:\/\/karchershop.az\/az\/professional\/polomojnye-mashiny\/br-30-4-c-adv","title":{"rendered":"BR 30\/4 C ADV"},"content":{"rendered":"<p>\u015eaquli dizayn\u0131 say\u0259sind\u0259 ultra kompakt \u015f\u0259b\u0259k\u0259 d\u00f6\u015f\u0259m\u0259y\u0259 qura\u015fd\u0131r\u0131lm\u0131\u015f sorucu v\u0259 ax\u0131c\u0131 ma\u015f\u0131n\u0131 BR 30\/4 C Ep Adv \u015faquli tozsoran kimi manevr ed\u0259 bil\u0259r. Cihaz\u0131n f\u0131r\u00e7a t\u0259zyiqi adi mopdan 10 qat daha b\u00f6y\u00fckd\u00fcr. F\u0131rlanan f\u0131r\u00e7as\u0131 1500 rpm s\u00fcr\u0259tl\u0259 f\u0131rlan\u0131r. Ma\u015f\u0131n h\u0259m ir\u0259liy\u0259, h\u0259m d\u0259 geriy\u0259 h\u0259r\u0259k\u0259t ed\u0259rk\u0259n su toplay\u0131r. \u0130nadkar \u00e7irkl\u0259ri aradan qald\u0131rmaq \u00fc\u00e7\u00fcn, ayaq pedal\u0131 istifad\u0259 ed\u0259r\u0259k, sorucu \u015f\u00fcas\u0131 qald\u0131r\u0131la bil\u0259r. Bu, sonrak\u0131 \u00e7\u0131xar\u0131lmas\u0131 il\u0259 davaml\u0131 \u00e7irkl\u0259nm\u0259ni yuyma\u011fa imkan verir. Ki\u00e7ik d\u00fckanlar\u0131, restoranlar\u0131, yanacaqdoldurma m\u0259nt\u0259q\u0259l\u0259rini, supermarketl\u0259ri, tibb idar\u0259l\u0259rini, otell\u0259ri v\u0259 yem\u0259kxanalar\u0131 t\u0259mizl\u0259m\u0259k \u00fc\u00e7\u00fcn ideald\u0131r. Bu model x\u00fcsusi probleml\u0259ri h\u0259ll etm\u0259k \u00fc\u00e7\u00fcn geni\u015f d\u00f6\u015f\u0259m\u0259 t\u0259mizl\u0259yici ma\u015f\u0131nlara \u0259lav\u0259 olaraq da istifad\u0259 edil\u0259 bil\u0259r. \u018flav\u0259 olaraq bir \u0259l ba\u015fl\u0131\u011f\u0131n\u0131 istifad\u0259 ed\u0259r\u0259k sorucu funksiyas\u0131na malikdir, bu da n\u0259min \u0259n \u0259l\u00e7atmaz yerl\u0259rd\u0259n \u00e7\u0131xar\u0131lmas\u0131 \u00fc\u00e7\u00fcn \u0259v\u0259zolunmazd\u0131r.<\/p>","protected":false},"excerpt":{"rendered":"<p>Super kompakt v\u0259 \u00e7\u0259kisi c\u0259mi 12 kq olan ultra y\u00fcng\u00fcl BR-30\/4 C y\u00fcng\u00fcl ba\u015fl\u0131ql\u0131 davaml\u0131l\u0131\u011f\u0131 olan sorucu ma\u015f\u0131n\u0131, 20 il\u0259 200 m\u00b2 aras\u0131nda d\u0259yi\u015f\u0259n s\u0259rt s\u0259thl\u0259rin \u0259ll\u0259 t\u0259mizl\u0259nm\u0259si \u00fc\u00e7\u00fcn g\u00fccl\u00fc yenilik\u00e7i alternativdir. T\u0259mizl\u0259m\u0259 prosesinin sonunda m\u0259rt\u0259b\u0259 tez quruyur, buna g\u00f6r\u0259 s\u00fcr\u00fc\u015fm\u0259kd\u0259n qorxmadan d\u0259rhal \u00fcz\u0259rin\u0259 yerim\u0259y\u0259 ba\u015flaya bil\u0259rsiniz. Ki\u00e7ik d\u00fckanlarda, supermarketl\u0259rd\u0259, restoranlarda, yanacaqdoldurma m\u0259nt\u0259q\u0259l\u0259rind\u0259, sanitar zonalarda, otell\u0259rin bar v\u0259 kafel\u0259rind\u0259, h\u0259m\u00e7inin m\u00f6vcud d\u00f6\u015f\u0259m\u0259 sorucu ma\u015f\u0131nlar\u0131nda t\u0259mizlik \u00fc\u00e7\u00fcn ideald\u0131r. \u00c7\u0259tin \u00e7atmayan k\u00fcncl\u0259rd\u0259 \u0259l il\u0259 t\u0259mizl\u0259m\u0259k \u00fc\u00e7\u00fcn ba\u015fl\u0131q il\u0259. X\u00fcsusil\u0259 \u00e7ini da\u015fdan t\u0259mizl\u0259nm\u0259si \u00fc\u00e7\u00fcn silindrik bir mikrofiber f\u0131r\u00e7a il\u0259.<\/p>","protected":false},"featured_media":2298,"comment_status":"open","ping_status":"closed","template":"","meta":[],"product_cat":[19,280],"product_tag":[],"class_list":{"0":"post-2297","1":"product","2":"type-product","3":"status-publish","4":"has-post-thumbnail","6":"product_cat-professional","7":"product_cat-polomojnye-mashiny","9":"first","10":"instock","11":"shipping-taxable","12":"product-type-simple"},"_links":{"self":[{"href":"https:\/\/karchershop.az\/az\/wp-json\/wp\/v2\/product\/2297","targetHints":{"allow":["GET"]}}],"collection":[{"href":"https:\/\/karchershop.az\/az\/wp-json\/wp\/v2\/product"}],"about":[{"href":"https:\/\/karchershop.az\/az\/wp-json\/wp\/v2\/types\/product"}],"replies":[{"embeddable":true,"href":"https:\/\/karchershop.az\/az\/wp-json\/wp\/v2\/comments?post=2297"}],"wp:featuredmedia":[{"embeddable":true,"href":"https:\/\/karchershop.az\/az\/wp-json\/wp\/v2\/media\/2298"}],"wp:attachment":[{"href":"https:\/\/karchershop.az\/az\/wp-json\/wp\/v2\/media?parent=2297"}],"wp:term":[{"taxonomy":"product_cat","embeddable":true,"href":"https:\/\/karchershop.az\/az\/wp-json\/wp\/v2\/product_cat?post=2297"},{"taxonomy":"product_tag","embeddable":true,"href":"https:\/\/karchershop.az\/az\/wp-json\/wp\/v2\/product_tag?post=2297"}],"curies":[{"name":"wp","href":"https:\/\/api.w.org\/{rel}","templated":true}]}}