{"id":2310,"date":"2020-05-16T15:11:07","date_gmt":"2020-05-16T11:11:07","guid":{"rendered":"https:\/\/karchershop.az\/?post_type=product&#038;p=2310"},"modified":"2026-05-04T17:47:41","modified_gmt":"2026-05-04T13:47:41","slug":"bd-30-4-c-bp-pack","status":"publish","type":"product","link":"https:\/\/karchershop.az\/az\/professional\/polomojnye-mashiny\/bd-30-4-c-bp-pack","title":{"rendered":"BD 30\/4 C Bp Pack"},"content":{"rendered":"<p>BD 30\/4 C Bp Pack *EU,<\/p>","protected":false},"excerpt":{"rendered":"<p>4 litrlik bir tank, disk f\u0131r\u00e7as\u0131 v\u0259 litium-ion batareyas\u0131 olan ultra kompakt t\u0259krar doldurulan BD 30\/4 C Bp Paketi batareya il\u0259 i\u015fl\u0259y\u0259n cilalama ma\u015f\u0131n\u0131. 300 m2-\u0259 q\u0259d\u0259r \u0259razil\u0259rd\u0259 s\u00fcr\u0259tli t\u0259mizlik \u00fc\u00e7\u00fcnd\u00fcr.<\/p>","protected":false},"featured_media":2311,"comment_status":"open","ping_status":"closed","template":"","meta":[],"product_cat":[19,280],"product_tag":[],"class_list":{"0":"post-2310","1":"product","2":"type-product","3":"status-publish","4":"has-post-thumbnail","6":"product_cat-professional","7":"product_cat-polomojnye-mashiny","9":"first","10":"instock","11":"shipping-taxable","12":"purchasable","13":"product-type-simple"},"_links":{"self":[{"href":"https:\/\/karchershop.az\/az\/wp-json\/wp\/v2\/product\/2310","targetHints":{"allow":["GET"]}}],"collection":[{"href":"https:\/\/karchershop.az\/az\/wp-json\/wp\/v2\/product"}],"about":[{"href":"https:\/\/karchershop.az\/az\/wp-json\/wp\/v2\/types\/product"}],"replies":[{"embeddable":true,"href":"https:\/\/karchershop.az\/az\/wp-json\/wp\/v2\/comments?post=2310"}],"wp:featuredmedia":[{"embeddable":true,"href":"https:\/\/karchershop.az\/az\/wp-json\/wp\/v2\/media\/2311"}],"wp:attachment":[{"href":"https:\/\/karchershop.az\/az\/wp-json\/wp\/v2\/media?parent=2310"}],"wp:term":[{"taxonomy":"product_cat","embeddable":true,"href":"https:\/\/karchershop.az\/az\/wp-json\/wp\/v2\/product_cat?post=2310"},{"taxonomy":"product_tag","embeddable":true,"href":"https:\/\/karchershop.az\/az\/wp-json\/wp\/v2\/product_tag?post=2310"}],"curies":[{"name":"wp","href":"https:\/\/api.w.org\/{rel}","templated":true}]}}