{"id":2331,"date":"2020-05-16T15:25:32","date_gmt":"2020-05-16T11:25:32","guid":{"rendered":"https:\/\/karchershop.az\/?post_type=product&#038;p=2331"},"modified":"2026-05-01T21:35:32","modified_gmt":"2026-05-01T17:35:32","slug":"br-35-12-c-bp-pack","status":"publish","type":"product","link":"https:\/\/karchershop.az\/az\/professional\/polomojnye-mashiny\/br-35-12-c-bp-pack","title":{"rendered":"BR 35\/12 C Bp Pack Karcher"},"content":{"rendered":"<p>Y\u0131\u011fcam BR 35\/12 C Bp Paketi m\u0259rt\u0259b\u0259 sorucu ma\u015f\u0131n\u0131, etibarl\u0131 lityum-ion batareyas\u0131 v\u0259 f\u0131r\u00e7an\u0131n ba\u015f\u0131n\u0131 rulon f\u0131r\u00e7as\u0131 il\u0259 \u00e7evirm\u0259k \u00fc\u00e7\u00fcn b\u0259nz\u0259rsiz bir texnologiyan\u0131 \u00f6z\u00fcnd\u0259 birl\u0259\u015fdirir. Ma\u015f\u0131n 1500 m2-\u0259 q\u0259d\u0259r sah\u0259si olan kommersiya da\u015f\u0131nmaz \u0259mlakda s\u0259rt v\u0259 \u00e7evik d\u00f6\u015f\u0259m\u0259 \u00f6rt\u00fckl\u0259rinin t\u0259mizl\u0259nm\u0259si \u00fc\u00e7\u00fcn \u0259v\u0259zedilm\u0259zdir. F\u0131r\u00e7an\u0131n ba\u015f\u0131n\u0131 h\u0259r iki istiqam\u0259t\u0259 \u00e7evir\u0259n idar\u0259etm\u0259 texnologiyas\u0131, divarlar\u0131 v\u0259 k\u00fcncl\u0259ri boyunca rahat t\u0259mizl\u0259nm\u0259ni, geriy\u0259 do\u011fru h\u0259r\u0259k\u0259t ed\u0259rk\u0259n t\u0259mizl\u0259nm\u0259 qabiliyy\u0259tini t\u0259min edir. S\u00fckan \u00e7arx\u0131 h\u00fcnd\u00fcrl\u00fcy\u0259 g\u00f6r\u0259 t\u0259nziml\u0259nir. Bu ma\u015f\u0131n n\u0259m t\u0259mizl\u0259m\u0259 v\u0259 s\u00fcp\u00fcrm\u0259 funksiyalar\u0131n\u0131 t\u0259sirli \u015f\u0259kild\u0259 birl\u0259\u015fdirir. F\u0131r\u00e7a \u0259lav\u0259 vasit\u0259l\u0259rd\u0259n istifad\u0259 etm\u0259d\u0259n \u0259n q\u0131sa m\u00fcdd\u0259td\u0259 d\u0259yi\u015fdiril\u0259 bil\u0259r. Lityum-ion batareyas\u0131 tez bir zamanda doldurulur, he\u00e7 bir texniki xidm\u0259t t\u0259l\u0259b etmir v\u0259 xidm\u0259t m\u00fcdd\u0259ti bax\u0131m\u0131ndan adi batareyalardan 3 d\u0259f\u0259 art\u0131qd\u0131r. Batareya h\u0259r hans\u0131 bir aral\u0131q v\u0259 ya qism\u0259n \u015farj etm\u0259y\u0259 imkan verir. Eco!efficiency rejimi ma\u015f\u0131n\u0131n i\u015fl\u0259m\u0259 m\u00fcdd\u0259tinin 40% -\u0259 q\u0259d\u0259r art\u0131m\u0131n\u0131 t\u0259min edir v\u0259 s\u0259s-k\u00fcy h\u0259ddi olan yerl\u0259rd\u0259 t\u0259mizlik \u00fc\u00e7\u00fcn optimald\u0131r.<\/p>","protected":false},"excerpt":{"rendered":"<p>12 litr h\u0259cmind\u0259 tank\u0131 olan, rulonlu f\u0131r\u00e7a ba\u015fl\u0131\u011f\u0131 v\u0259 s\u00fcr\u0259tli doldurulan litium-ion batareyas\u0131 olan h\u0259dd\u0259n art\u0131q manevrli v\u0259 y\u0131\u011fcam \u015farj oluna bil\u0259n d\u00f6\u015f\u0259m\u0259 yuyucusu-ma\u015f\u0131n\u0131. F\u0131r\u00e7a ba\u015f\u0131n\u0131n h\u0259r iki istiqam\u0259td\u0259 (KART) f\u0131rlanmas\u0131na n\u0259zar\u0259t texnologiyas\u0131, divar boyunca v\u0259 k\u00fcncl\u0259rd\u0259 rahat t\u0259mizl\u0259nm\u0259ni, geriy\u0259 do\u011fru h\u0259r\u0259k\u0259t ed\u0259rk\u0259n t\u0259mizl\u0259nm\u0259 ehtimal\u0131n\u0131 da t\u0259min edir. Batareya h\u0259r hans\u0131 bir aral\u0131q v\u0259 ya qism\u0259n \u015farj etm\u0259y\u0259 imkan verir.<\/p>","protected":false},"featured_media":2332,"comment_status":"open","ping_status":"closed","template":"","meta":[],"product_cat":[19,280],"product_tag":[],"class_list":{"0":"post-2331","1":"product","2":"type-product","3":"status-publish","4":"has-post-thumbnail","6":"product_cat-professional","7":"product_cat-polomojnye-mashiny","9":"first","10":"instock","11":"shipping-taxable","12":"product-type-simple"},"_links":{"self":[{"href":"https:\/\/karchershop.az\/az\/wp-json\/wp\/v2\/product\/2331","targetHints":{"allow":["GET"]}}],"collection":[{"href":"https:\/\/karchershop.az\/az\/wp-json\/wp\/v2\/product"}],"about":[{"href":"https:\/\/karchershop.az\/az\/wp-json\/wp\/v2\/types\/product"}],"replies":[{"embeddable":true,"href":"https:\/\/karchershop.az\/az\/wp-json\/wp\/v2\/comments?post=2331"}],"wp:featuredmedia":[{"embeddable":true,"href":"https:\/\/karchershop.az\/az\/wp-json\/wp\/v2\/media\/2332"}],"wp:attachment":[{"href":"https:\/\/karchershop.az\/az\/wp-json\/wp\/v2\/media?parent=2331"}],"wp:term":[{"taxonomy":"product_cat","embeddable":true,"href":"https:\/\/karchershop.az\/az\/wp-json\/wp\/v2\/product_cat?post=2331"},{"taxonomy":"product_tag","embeddable":true,"href":"https:\/\/karchershop.az\/az\/wp-json\/wp\/v2\/product_tag?post=2331"}],"curies":[{"name":"wp","href":"https:\/\/api.w.org\/{rel}","templated":true}]}}